{"id":68383,"date":"2026-04-02T02:25:49","date_gmt":"2026-04-02T01:25:49","guid":{"rendered":"https:\/\/bigbuy.tupique.com\/produto\/racing-steering-wheel-logitech-941-000112\/"},"modified":"2026-05-11T19:56:59","modified_gmt":"2026-05-11T17:56:59","slug":"racing-steering-wheel-logitech-941-000112","status":"publish","type":"product","link":"https:\/\/bigbuy.tupique.com\/pt\/produto\/racing-steering-wheel-logitech-941-000112\/","title":{"rendered":"Volant pour voiture de course Logitech 941-000112"},"content":{"rendered":"<p>Retournez au bureau sans rien oublier ! Achetez <b>Volant pour voiture de course Logitech 941-000112<\/b> et faites envie \u00e0 vos coll\u00e8gues!<\/p>\n<ul>\n<li>Type: Avec fil<\/li>\n<li>Couleur: Noir<\/li>\n<li>Connexions: USB 2.0<\/li>\n<li>Bloc d\u2019Alimentation: Avec fil<\/li>\n<li>Inclut:\n<ul>\n<li>Bloc d\u2019Alimentation<\/li>\n<li>Manuel de l&#8217;utilisateur<\/li>\n<\/ul>\n<\/li>\n<li>Longueur du c\u00e2ble: 1,8 m<\/li>\n<li>Caract\u00e9ristiques: T\u00e9moin de fonctionnement LED<\/li>\n<li>Fonctions: Vibration<\/li>\n<\/ul>\n<p><\/p>\n<p>Logitech G G29. Type d&#8217;appareil: Volant + p\u00e9dales, Plates-formes de jeux prises en charge: Playstation 3,PlayStation 4, Touches de fonction de contr\u00f4le de jeux: Croix directionnelle. Technologie de connectivit\u00e9: Avec fil, Interface de l&#8217;appareil: USB 2.0. Couleur du produit: Noir, Mat\u00e9riau du bo\u00eetier\/corps: Aluminium, Cuir, Acier inoxydable, Acier, Mat\u00e9riau du bo\u00eetier de p\u00e9dales: Cold rolled steel, Acier inoxydable. Source d&#8217;alimentation: Cable. Prise en charge du syst\u00e8me d&#8217;exploitation Windows: Windows 7 Enterprise,Windows 7 Enterprise x64,Windows 7 Home Basic,Windows 7 Home Basic&#8230;<\/p>\n<p><\/p>\n<ul>\n<li>Type d&#8217;appareil: Volant + p\u00e9dales<\/li>\n<li>Plates-formes de jeux prises en charge: Playstation 3,PlayStation 4<\/li>\n<li>Touches de fonction de contr\u00f4le de jeux: Croix directionnelle<\/li>\n<li>Technologie de contr\u00f4le des jeux: Analogique<\/li>\n<li>Vibration reflex: Oui<\/li>\n<li>Retour de force: Oui<\/li>\n<li>Technologie de connectivit\u00e9: Avec fil<\/li>\n<li>Interface de l&#8217;appareil: USB 2.0<\/li>\n<li>Couleur du produit: Noir<\/li>\n<li>Mat\u00e9riau du bo\u00eetier\/corps: Aluminium, Cuir, Acier inoxydable, Acier<\/li>\n<li>Mat\u00e9riau du bo\u00eetier de p\u00e9dales: Cold rolled steel, Acier inoxydable<\/li>\n<li>Mat\u00e9riau du volant: Aluminium, Cuir<\/li>\n<li>Longueur de c\u00e2ble: 1,8 m<\/li>\n<li>Voyants: Oui<\/li>\n<li>Source d&#8217;alimentation: Cable<\/li>\n<li>Prise en charge du syst\u00e8me d&#8217;exploitation Windows: Windows 7 Enterprise,Windows 7 Enterprise x64,Windows 7 Home Basic,Windows 7 Home Basic x64,Windows 7 Home Premium,Windows 7 Home Premium x64,Windows 7 Professional,Windows 7 Professional x64,Windows 7 Starter,Windows 7 Starter x64,Windows 7 Ultimate,Windows 7 Ultimate x64,Windows 8,Windows 8 Enterprise,Windows 8 Enterprise x64,Windows 8 Pro,Windows 8 Pro x64,Windows 8 x64,Windows 8.1,Windows 8.1 Enterprise,Windows 8.1 Enterprise x64,Windows 8.1 Pro,Windows 8.1 Pro x64,Windows 8.1 x64<\/li>\n<li>Largeur: 260 mm<\/li>\n<li>Profondeur: 278 mm<\/li>\n<li>Hauteur: 270 mm<\/li>\n<li>Poids: 2,25 kg<\/li>\n<li>Largeur du dispositif 2: 42,9 cm<\/li>\n<li>Profondeur du dispositif 2: 31,1 cm<\/li>\n<li>Hauteur du dispositif 2: 16,7 cm<\/li>\n<li>Poids du dispositif 2: 3,1 kg<\/li>\n<li>Bloc d&#8217;alimentation inclus: Oui<\/li>\n<li>Guide d&#8217;utilisation: Oui<\/li>\n<li>Quantit\u00e9 par conteneur intermodal (20 pieds): 564 pi\u00e8ce(s)<\/li>\n<li>Quantit\u00e9 par conteneur intermodal (40 pieds): 1164 pi\u00e8ce(s)<\/li>\n<li>Largeur du carton principal: 31,4 cm<\/li>\n<li>Longueur du carton principal: 33,7 cm<\/li>\n<li>Hauteur du carton principal: 33,7 cm<\/li>\n<li>Poids du carton principal: 7,66 kg<\/li>\n<li>GTIN du carton principal (EAN\/UPC): 50992060573004<\/li>\n<\/ul>","protected":false},"excerpt":{"rendered":"<p>Retournez au bureau sans rien oublier ! Achetez Volant pour voiture de course Logitech 941-000112 et faites envie \u00e0 vos coll\u00e8gues! Type: Avec fil Couleur: Noir Connexions: USB 2.0 Bloc d\u2019Alimentation: Avec fil Inclut: Bloc d\u2019Alimentation Manuel de l&#8217;utilisateur Longueur du c\u00e2ble: 1,8 m Caract\u00e9ristiques: T\u00e9moin de fonctionnement LED Fonctions: Vibration Logitech G G29. Type [&hellip;]<\/p>\n","protected":false},"featured_media":68294,"comment_status":"open","ping_status":"closed","template":"","meta":[],"product_brand":[647],"product_cat":[65,581,583],"product_tag":[212,572],"class_list":{"0":"post-68383","1":"product","2":"type-product","3":"status-publish","4":"has-post-thumbnail","6":"product_brand-brandp_561","7":"product_cat-informatique-electronique","8":"product_cat-informatique-peripheriques-et-consommables","9":"product_cat-projecteurs","10":"product_tag-tag_71","11":"product_tag-tag_29","13":"first","14":"instock","15":"taxable","16":"shipping-taxable","17":"purchasable","18":"product-type-simple"},"_links":{"self":[{"href":"https:\/\/bigbuy.tupique.com\/pt\/wp-json\/wp\/v2\/product\/68383","targetHints":{"allow":["GET"]}}],"collection":[{"href":"https:\/\/bigbuy.tupique.com\/pt\/wp-json\/wp\/v2\/product"}],"about":[{"href":"https:\/\/bigbuy.tupique.com\/pt\/wp-json\/wp\/v2\/types\/product"}],"replies":[{"embeddable":true,"href":"https:\/\/bigbuy.tupique.com\/pt\/wp-json\/wp\/v2\/comments?post=68383"}],"wp:featuredmedia":[{"embeddable":true,"href":"https:\/\/bigbuy.tupique.com\/pt\/wp-json\/wp\/v2\/media\/68294"}],"wp:attachment":[{"href":"https:\/\/bigbuy.tupique.com\/pt\/wp-json\/wp\/v2\/media?parent=68383"}],"wp:term":[{"taxonomy":"product_brand","embeddable":true,"href":"https:\/\/bigbuy.tupique.com\/pt\/wp-json\/wp\/v2\/product_brand?post=68383"},{"taxonomy":"product_cat","embeddable":true,"href":"https:\/\/bigbuy.tupique.com\/pt\/wp-json\/wp\/v2\/product_cat?post=68383"},{"taxonomy":"product_tag","embeddable":true,"href":"https:\/\/bigbuy.tupique.com\/pt\/wp-json\/wp\/v2\/product_tag?post=68383"}],"curies":[{"name":"wp","href":"https:\/\/api.w.org\/{rel}","templated":true}]}}