{"id":68195,"date":"2026-04-02T02:11:05","date_gmt":"2026-04-02T01:11:05","guid":{"rendered":"https:\/\/bigbuy.tupique.com\/produto\/vaporeta-steam-cleaner-karcher-2200-w\/"},"modified":"2026-04-16T23:35:06","modified_gmt":"2026-04-16T22:35:06","slug":"vaporeta-steam-cleaner-karcher-2200-w","status":"publish","type":"product","link":"https:\/\/bigbuy.tupique.com\/pt\/produto\/vaporeta-steam-cleaner-karcher-2200-w\/","title":{"rendered":"Nettoyeur vapeur Vaporeta K\u00e4rcher 2200 W"},"content":{"rendered":"<p>Si vous recherchez des \u00e9lectrom\u00e9nagers pour votre maison aux meilleurs prix, ne manquez pas <b>Nettoyeur vapeur Vaporeta K\u00e4rcher 2200 W<\/b> et une large s\u00e9lection de petits \u00e9lectrom\u00e9nagers de qualit\u00e9 !<\/p>\n<p>Le <b>nettoyeur vapeur<\/b> <b>K\u00e4rcher SC5 EASYFIX<\/b> est un appareil de nettoyage \u00e0 vapeur avanc\u00e9 qui se distingue par sa <b>puissance allant jusqu\u2019\u00e0 2250 W<\/b>, permettant d\u2019\u00e9liminer efficacement la salet\u00e9 incrust\u00e9e, les bact\u00e9ries et les germes sur diverses surfaces sans utiliser de produits chimiques. \u00c9quip\u00e9 d\u2019un <b>r\u00e9servoir d\u2019eau amovible de 1,5 litre<\/b>, il assure des sessions de nettoyage prolong\u00e9es et un remplissage facile, id\u00e9al pour l\u2019entretien r\u00e9gulier des sols durs, carrelages, sanitaires ou plans de travail. Son design robuste allie \u00e9l\u00e9gance et fonctionnalit\u00e9 gr\u00e2ce \u00e0 une finition <b>blanche et noire<\/b> et l\u2019utilisation de <b>plastique de haute qualit\u00e9<\/b>, ce qui le rend r\u00e9sistant et facile \u00e0 transporter. Pour plus de s\u00e9curit\u00e9 dans les foyers avec enfants, il int\u00e8gre un <b>verrouillage enfant<\/b>, tandis que l\u2019<b>interrupteur marche\/arr\u00eat<\/b> permet une utilisation intuitive et s\u00fbre \u00e0 tout moment. La technologie EASYFIX facilite le changement rapide et propre des chiffons de nettoyage, optimisant l\u2019exp\u00e9rience utilisateur et garantissant des r\u00e9sultats professionnels. Ce nettoyeur vapeur est une option efficace et polyvalente pour ceux qui recherchent une solution d\u2019hygi\u00e8ne profonde, pratique et moderne \u00e0 domicile.<\/p>\n<ul>\n<li>Couleur: Blanc<\/li>\n<\/ul>","protected":false},"excerpt":{"rendered":"<p>Si vous recherchez des \u00e9lectrom\u00e9nagers pour votre maison aux meilleurs prix, ne manquez pas Nettoyeur vapeur Vaporeta K\u00e4rcher 2200 W et une large s\u00e9lection de petits \u00e9lectrom\u00e9nagers de qualit\u00e9 ! Le nettoyeur vapeur K\u00e4rcher SC5 EASYFIX est un appareil de nettoyage \u00e0 vapeur avanc\u00e9 qui se distingue par sa puissance allant jusqu\u2019\u00e0 2250 W, permettant [&hellip;]<\/p>\n","protected":false},"featured_media":68194,"comment_status":"open","ping_status":"closed","template":"","meta":[],"product_brand":[828],"product_cat":[239,741,240],"product_tag":[210],"class_list":{"0":"post-68195","1":"product","2":"type-product","3":"status-publish","4":"has-post-thumbnail","6":"product_brand-brandp_1299","7":"product_cat-maison-jardin","8":"product_cat-nettoyage-a-la-vapeur","9":"product_cat-nettoyage-aspirateur-et-repassage","10":"product_tag-tag_25","12":"first","13":"instock","14":"taxable","15":"shipping-taxable","16":"purchasable","17":"product-type-simple"},"_links":{"self":[{"href":"https:\/\/bigbuy.tupique.com\/pt\/wp-json\/wp\/v2\/product\/68195","targetHints":{"allow":["GET"]}}],"collection":[{"href":"https:\/\/bigbuy.tupique.com\/pt\/wp-json\/wp\/v2\/product"}],"about":[{"href":"https:\/\/bigbuy.tupique.com\/pt\/wp-json\/wp\/v2\/types\/product"}],"replies":[{"embeddable":true,"href":"https:\/\/bigbuy.tupique.com\/pt\/wp-json\/wp\/v2\/comments?post=68195"}],"wp:featuredmedia":[{"embeddable":true,"href":"https:\/\/bigbuy.tupique.com\/pt\/wp-json\/wp\/v2\/media\/68194"}],"wp:attachment":[{"href":"https:\/\/bigbuy.tupique.com\/pt\/wp-json\/wp\/v2\/media?parent=68195"}],"wp:term":[{"taxonomy":"product_brand","embeddable":true,"href":"https:\/\/bigbuy.tupique.com\/pt\/wp-json\/wp\/v2\/product_brand?post=68195"},{"taxonomy":"product_cat","embeddable":true,"href":"https:\/\/bigbuy.tupique.com\/pt\/wp-json\/wp\/v2\/product_cat?post=68195"},{"taxonomy":"product_tag","embeddable":true,"href":"https:\/\/bigbuy.tupique.com\/pt\/wp-json\/wp\/v2\/product_tag?post=68195"}],"curies":[{"name":"wp","href":"https:\/\/api.w.org\/{rel}","templated":true}]}}