{"id":68013,"date":"2026-04-02T01:52:10","date_gmt":"2026-04-02T00:52:10","guid":{"rendered":"https:\/\/bigbuy.tupique.com\/produto\/robot-vacuum-cleaner-shark-matrixplus\/"},"modified":"2026-04-15T15:34:21","modified_gmt":"2026-04-15T14:34:21","slug":"robot-vacuum-cleaner-shark-matrixplus","status":"publish","type":"product","link":"https:\/\/bigbuy.tupique.com\/pt\/produto\/robot-vacuum-cleaner-shark-matrixplus\/","title":{"rendered":"Aspirateur robot Shark MATRIXPLUS"},"content":{"rendered":"<p>Si vous aimez prendre soin de chaque d\u00e9tail de votre maison et d&#8217;\u00eatre \u00e0 la derni\u00e8re mode en mati\u00e8re de produits qui vous rendront la vie plus facile, achetez <b>Aspirateur robot Shark MATRIXPLUS<\/b> au meilleur prix.<\/p>\n<p>Le <b>robot aspirateur<\/b> de Shark allie efficacit\u00e9, praticit\u00e9 et technologie avanc\u00e9e pour offrir un nettoyage automatis\u00e9 et sans effort \u00e0 la maison. Ce mod\u00e8le est disponible en <b>blanc et noir<\/b>, permettant de choisir la variante qui s\u2019adapte le mieux au style de chaque pi\u00e8ce. Dot\u00e9 d\u2019une <b>capacit\u00e9 de r\u00e9servoir de 1,8 litre<\/b>, il r\u00e9duit la fr\u00e9quence de vidange et facilite l\u2019entretien, id\u00e9al pour les foyers avec animaux ou zones tr\u00e8s sales. Sa <b>puissance de 650 W<\/b> assure une aspiration constante et efficace sur diff\u00e9rents types de sols, tandis que la plage de <b>tension de 220 \u00e0 240 V<\/b> le rend compatible avec la plupart des installations \u00e9lectriques domestiques en Europe. Il dispose de la <b>connectivit\u00e9 Wi-Fi<\/b>, permettant de contr\u00f4ler et programmer le robot aspirateur facilement depuis un smartphone via l\u2019application mobile d\u00e9di\u00e9e, optimisant ainsi les routines de nettoyage m\u00eame \u00e0 distance. Il int\u00e8gre une <b>batterie<\/b> rechargeable, facilitant le nettoyage de pi\u00e8ces jusqu\u2019\u00e0 34 cm de large en un seul passage, et retourne automatiquement \u00e0 sa station de charge lorsque le niveau de batterie est faible, garantissant une autonomie maximale. Le niveau sonore, autour de <b>69 dB<\/b>, assure un fonctionnement relativement silencieux, adapt\u00e9 \u00e0 un usage quotidien sans g\u00eane notable. Ainsi, le robot aspirateur Shark constitue une solution moderne et pratique pour ceux qui souhaitent automatiser le nettoyage quotidien de leur domicile avec efficacit\u00e9 et connectivit\u00e9 intelligente.<\/p>\n<ul>\n<li>Type de prise: Prise EU<\/li>\n<li>Produit \u00e0 brancher: Oui<\/li>\n<li>Indice de r\u00e9parabilit\u00e9: 8.1<\/li>\n<li>puissance: 650 W<\/li>\n<li>Largeur: 34 cm<\/li>\n<li>Tension: 220 \u2013 240 V<\/li>\n<li>Dimensions approx.:\n<ul>\n<li>34 cm<\/li>\n<li>14,5 cm<\/li>\n<\/ul>\n<\/li>\n<li>Capacit\u00e9: 1,8 L<\/li>\n<li>Bloc d\u2019Alimentation:\n<ul>\n<li>r\u00e9seau \u00e9lectrique<\/li>\n<li>Batterie<\/li>\n<\/ul>\n<\/li>\n<li>Couleur:\n<ul>\n<li>Noir<\/li>\n<li>Blanc<\/li>\n<\/ul>\n<\/li>\n<li>Connectivit\u00e9: Wi-Fi<\/li>\n<li>Piles incluses: Oui<\/li>\n<li>Compatible:\n<ul>\n<li>Amazon Alexa<\/li>\n<li>Google Home<\/li>\n<\/ul>\n<\/li>\n<li>Filtre: HEPA<\/li>\n<li>diam\u00e8tre approx.: \u00d8 34 cm<\/li>\n<li>Caract\u00e9ristiques: D\u00e9tecte les obstacles<\/li>\n<\/ul>","protected":false},"excerpt":{"rendered":"<p>Si vous aimez prendre soin de chaque d\u00e9tail de votre maison et d&#8217;\u00eatre \u00e0 la derni\u00e8re mode en mati\u00e8re de produits qui vous rendront la vie plus facile, achetez Aspirateur robot Shark MATRIXPLUS au meilleur prix. Le robot aspirateur de Shark allie efficacit\u00e9, praticit\u00e9 et technologie avanc\u00e9e pour offrir un nettoyage automatis\u00e9 et sans effort [&hellip;]<\/p>\n","protected":false},"featured_media":67988,"comment_status":"open","ping_status":"closed","template":"","meta":[],"product_brand":[1078],"product_cat":[762,239,240],"product_tag":[56],"class_list":{"0":"post-68013","1":"product","2":"type-product","3":"status-publish","4":"has-post-thumbnail","6":"product_brand-brandp_5354","7":"product_cat-aspirateurs-et-robots","8":"product_cat-maison-jardin","9":"product_cat-nettoyage-aspirateur-et-repassage","10":"product_tag-tag_930","12":"first","13":"instock","14":"taxable","15":"shipping-taxable","16":"purchasable","17":"product-type-simple"},"_links":{"self":[{"href":"https:\/\/bigbuy.tupique.com\/pt\/wp-json\/wp\/v2\/product\/68013","targetHints":{"allow":["GET"]}}],"collection":[{"href":"https:\/\/bigbuy.tupique.com\/pt\/wp-json\/wp\/v2\/product"}],"about":[{"href":"https:\/\/bigbuy.tupique.com\/pt\/wp-json\/wp\/v2\/types\/product"}],"replies":[{"embeddable":true,"href":"https:\/\/bigbuy.tupique.com\/pt\/wp-json\/wp\/v2\/comments?post=68013"}],"wp:featuredmedia":[{"embeddable":true,"href":"https:\/\/bigbuy.tupique.com\/pt\/wp-json\/wp\/v2\/media\/67988"}],"wp:attachment":[{"href":"https:\/\/bigbuy.tupique.com\/pt\/wp-json\/wp\/v2\/media?parent=68013"}],"wp:term":[{"taxonomy":"product_brand","embeddable":true,"href":"https:\/\/bigbuy.tupique.com\/pt\/wp-json\/wp\/v2\/product_brand?post=68013"},{"taxonomy":"product_cat","embeddable":true,"href":"https:\/\/bigbuy.tupique.com\/pt\/wp-json\/wp\/v2\/product_cat?post=68013"},{"taxonomy":"product_tag","embeddable":true,"href":"https:\/\/bigbuy.tupique.com\/pt\/wp-json\/wp\/v2\/product_tag?post=68013"}],"curies":[{"name":"wp","href":"https:\/\/api.w.org\/{rel}","templated":true}]}}