{"id":67854,"date":"2026-04-02T01:35:09","date_gmt":"2026-04-02T00:35:09","guid":{"rendered":"https:\/\/bigbuy.tupique.com\/produto\/multifunction-printer-hp-4zb97a\/"},"modified":"2026-05-11T19:56:52","modified_gmt":"2026-05-11T17:56:52","slug":"multifunction-printer-hp-4zb97a","status":"publish","type":"product","link":"https:\/\/bigbuy.tupique.com\/pt\/produto\/multifunction-printer-hp-4zb97a\/","title":{"rendered":"Imprimante Multifonction HP 4ZB97A"},"content":{"rendered":"<p>Si vous \u00eates passionn\u00e9 d&#8217;<b>informatique et d&#8217;\u00e9lectronique<\/b>, si vous \u00eates \u00e0 la pointe de la technologie et qu&#8217;aucun d\u00e9tail ne vous \u00e9chappe, achetez <b>Imprimante Multifonction HP 4ZB97A<\/b> au meilleur prix.<\/p>\n<p>L\u2019<b>imprimante multifonction<\/b> HP 179fnw est un appareil compact et polyvalent, sp\u00e9cialement con\u00e7u pour les bureaux et petites entreprises recherchant une solution compl\u00e8te et efficace pour la gestion documentaire. Ce mod\u00e8le, pr\u00e9sent\u00e9 en <b>blanc \u00e9l\u00e9gant<\/b>, int\u00e8gre une <b>fonctionnalit\u00e9 tout-en-un<\/b> (impression, copie, num\u00e9risation et fax), permettant de r\u00e9pondre \u00e0 plusieurs besoins avec un seul appareil tout en \u00e9conomisant de l\u2019espace. Sa connectivit\u00e9 avanc\u00e9e inclut le <b>Wi-Fi<\/b> et <b>Ethernet LAN<\/b>, facilitant l\u2019impression et la num\u00e9risation \u00e0 distance depuis des ordinateurs ou appareils mobiles, ce qui est particuli\u00e8rement utile dans les environnements collaboratifs. La HP 179fnw dispose d\u2019un <b>\u00e9cran LCD<\/b> intuitif qui simplifie la gestion des t\u00e2ches et l\u2019acc\u00e8s aux principales fonctions de l\u2019appareil. C\u00f4t\u00e9 performance, elle offre une <b>vitesse d\u2019impression jusqu\u2019\u00e0 18 pages par minute en noir et blanc<\/b> et jusqu\u2019\u00e0 <b>4 pages par minute en couleur<\/b>, ce qui la rend adapt\u00e9e \u00e0 des volumes d\u2019impression mod\u00e9r\u00e9s au format <b>A4<\/b>. Fabriqu\u00e9e en Chine, elle assure un bon \u00e9quilibre entre qualit\u00e9 d\u2019impression et efficacit\u00e9 gr\u00e2ce \u00e0 la technologie laser HP, reconnue pour la nettet\u00e9 et la durabilit\u00e9 des documents. De plus, la fonction ADF (chargeur automatique de documents) permet de num\u00e9riser ou copier des lots de pages de fa\u00e7on continue et pratique. La HP 179fnw est un choix optimal pour ceux qui privil\u00e9gient la connectivit\u00e9, la simplicit\u00e9 d\u2019utilisation et une gestion documentaire compl\u00e8te dans un environnement professionnel.<\/p>\n<ul>\n<li>Type:\n<ul>\n<li>Imprimante Multifonction<\/li>\n<li>Couleur<\/li>\n<li>Tout en un<\/li>\n<\/ul>\n<\/li>\n<li>Produit \u00e0 brancher: Oui<\/li>\n<li>Type de prise: Prise EU<\/li>\n<li>Largeur: 4,6 cm<\/li>\n<li>Bloc d\u2019Alimentation: r\u00e9seau \u00e9lectrique<\/li>\n<li>Connectivit\u00e9:\n<ul>\n<li>Wi-Fi<\/li>\n<li>Ethernet LAN<\/li>\n<\/ul>\n<\/li>\n<li>R\u00e9solution d&#8217;image maximale: 600 x 600 dpi<\/li>\n<li>Technologie: Laser<\/li>\n<li>Couleur: Blanc<\/li>\n<li>Taille: A4<\/li>\n<li>Caract\u00e9ristiques:\n<ul>\n<li>\u00c9cran LCD<\/li>\n<li>\u00c9cran integr\u00e9<\/li>\n<li>Garantie<\/li>\n<li>Guide d&#8217;installation inclus<\/li>\n<li>Impression recto verso<\/li>\n<\/ul>\n<\/li>\n<li>Connexions:\n<ul>\n<li>USB<\/li>\n<li>USB 2.0<\/li>\n<\/ul>\n<\/li>\n<li>Fonctions: Rappel automatique<\/li>\n<li>M\u00e9moire interne: 128 MB<\/li>\n<li>Format: PDF<\/li>\n<li>R\u00e9solution: 600 x 600 dpi<\/li>\n<li>Syst\u00e8me d&#8217;exploitation: Windows 10<\/li>\n<li>vitesse:\n<ul>\n<li>4 ppm<\/li>\n<li>18 ppm<\/li>\n<li>10\/100 Mbps<\/li>\n<\/ul>\n<\/li>\n<li>Impression couleur: Oui<\/li>\n<li>Scanner: 600 x 600 dpi<\/li>\n<li>Fr\u00e9quence:\n<ul>\n<li>800 Hz<\/li>\n<li>50 &#8211; 60 Hz<\/li>\n<\/ul>\n<\/li>\n<li>Inclut:\n<ul>\n<li>C\u00e2ble Alimentation<\/li>\n<li>Manuel de l&#8217;utilisateur<\/li>\n<li>Cartouche<\/li>\n<li>USB,Phone<\/li>\n<\/ul>\n<\/li>\n<li>Papier:\n<ul>\n<li>A4<\/li>\n<li>B5<\/li>\n<\/ul>\n<\/li>\n<li>Impression recto verso: Manuel<\/li>\n<li>Fr\u00e9quence d&#8217;entr\u00e9e AC: 50-60 Hz<\/li>\n<li>Plateau: 1<\/li>\n<li>Type de commande: Boutons<\/li>\n<li>Tension: 220-240 V<\/li>\n<li>puissance: 300 W<\/li>\n<li>Capacit\u00e9: 40 Volets<\/li>\n<li>Taille maximale d&#8217;impression: 216 x 356 mm<\/li>\n<li>Tension d&#8217;entr\u00e9e AC: 110 &#8211; 240 V<\/li>\n<li>Temp\u00e9rature approximative: -20\u00ba \/ 40\u00ba<\/li>\n<li>Utilisation recommand\u00e9e:\n<ul>\n<li>Maison<\/li>\n<li>Entreprise et commerce<\/li>\n<\/ul>\n<\/li>\n<li>Version: TWAIN 1.9<\/li>\n<li>M\u00e9t\u00e9o: 12 s<\/li>\n<\/ul>\n<p><\/p>\n<p>B\u00e9n\u00e9ficiez de la performance et de la productivit\u00e9 d&#8217;une imprimante multifonction, la plus compacte au monde dans sa cat\u00e9gorie.<sup>[1]<\/sup> Imprimez, num\u00e9risez, copiez et t\u00e9l\u00e9copiez, obtenez des r\u00e9sultats couleur de haute qualit\u00e9, et effectuez vos impressions et num\u00e9risations directement sur votre t\u00e9l\u00e9phone.<sup>[2]<\/sup><\/p>\n<p><\/p>\n<ul>\n<li>Technologie d&#8217;impression: Laser<\/li>\n<li>Impression: Impression couleur<\/li>\n<li>Impression recto-verso: Oui<\/li>\n<li>R\u00e9solution maximale: 600 x 600 DPI<\/li>\n<li>Vitesse d&#8217;impression (noir, qualit\u00e9 normale, A4\/US Letter): 18 ppm<\/li>\n<li>Mode d&#8217;impression recto verso: Manuel<\/li>\n<li>R\u00e9solution en couleur: 600 x 600 DPI<\/li>\n<li>R\u00e9solution d&#8217;impression noire: 600 x 600 DPI<\/li>\n<li>Vitesse d&#8217;impression (couleur, qualit\u00e9 normale, A4\/US Letter): 4 ppm<\/li>\n<li>D\u00e9lai de copie de la premi\u00e8re page (Noir, normal): 12,4 s<\/li>\n<li>Copier: Copie couleur<\/li>\n<li>R\u00e9solution max. des copies: 600 x 600 DPI<\/li>\n<li>Vitesse de copie (qualit\u00e9 normale, noir, A4): 18 cpm<\/li>\n<li>Vitesse de copie (qualit\u00e9 normale, couleur, A4): 4 cpm<\/li>\n<li>D\u00e9lai de sortie de la premi\u00e8re impression (noir, normal): 12,6 s<\/li>\n<li>D\u00e9lai de sortie de la premi\u00e8re impression (couleur, concept): 32,1 s<\/li>\n<li>Nombre maximum de copies: 999 copies<\/li>\n<li>Redimentionnement copie: 25 &#8211; 400%<\/li>\n<li>Num\u00e9risation: Num\u00e9risation couleur<\/li>\n<li>R\u00e9solution de num\u00e9risation optique: 600 x 600 DPI<\/li>\n<li>Type de scanner: Plat et avec chargeur automatique de documents<\/li>\n<li>R\u00e9solution de num\u00e9risation maximale: 4800 x 4800 DPI<\/li>\n<li>Technologie de num\u00e9risation: CIS<\/li>\n<li>Num\u00e9riser vers: PC<\/li>\n<li>Formats d&#8217;image support\u00e9s: JPG,TIFF<\/li>\n<li>Prise en charge des formats de texte: PDF<\/li>\n<li>Pilotes de scan: TWAIN,WIA<\/li>\n<li>Vitesse du modem: 33,6 Kbit\/s<\/li>\n<li>M\u00e9moire de fax: 400 pages<\/li>\n<li>Cycle de service (Maximum): 20000 pages par mois<\/li>\n<li>Nombre de cartouches d&#8217;impression: 4<\/li>\n<li>Couleurs d&#8217;impression: Noir, Cyan, Magenta, Jaune<\/li>\n<li>Cycle de service (conseill\u00e9): 100 &#8211; 500 pages par mois<\/li>\n<li>Exp\u00e9diteur num\u00e9rique: Oui<\/li>\n<li>Langues de la description de page: SPL<\/li>\n<li>Segment HP: Moyenne entreprise<\/li>\n<li>Nombre total de bacs d\u2019alimentation: 1<\/li>\n<li>Capacit\u00e9 d\u2019alimentation totale: 150 feuilles<\/li>\n<li>Capacit\u00e9 de sortie totale: 50 feuilles<\/li>\n<li>Alimentation automatique de document (ADF): Non<\/li>\n<li>Taille de papier de s\u00e9rie A ISO maximum: A4<\/li>\n<li>Type de support du bac papier: papier bond, Papier glac\u00e9, Papier rigide, \u00c9tiquettes, Papier l\u00e9ger, Papier ordinaire, Pr\u00e9-imprim\u00e9, Papier recycl\u00e9<\/li>\n<li>ISO, Format Series A (A0&#8230;A9): A4,A5,A6<\/li>\n<li>ISO, Formats Series-B (B0&#8230;B9): B5<\/li>\n<li>Tailles du support d&#8217;impression non-ISO: Oficio<\/li>\n<li>Format JIS series B (B0&#8230;B9): B5<\/li>\n<li>Poids du support de bac papier: 60 &#8211; 220 g\/m\u00b2<\/li>\n<li>Impression directe: Oui<\/li>\n<li>Port USB: Oui<\/li>\n<li>Wifi: Oui<\/li>\n<li>Ethernet\/LAN: Oui<\/li>\n<li>Technologie de cabl\u00e2ge: 10\/100Base-T(X)<\/li>\n<li>LAN Ethernet : taux de transfert des donn\u00e9es: 10,100 Mbit\/s<\/li>\n<li>Standards wifi: 802.11b,802.11g,Wi-Fi 4 (802.11n)<\/li>\n<li>Technologies d&#8217;impression mobile: Apple AirPrint,Google Cloud Print,Mopria Print Service<\/li>\n<li>M\u00e9moire interne: 128 Mo<\/li>\n<li>Int\u00e9gr\u00e9 dans le processeur: Oui<\/li>\n<li>Fr\u00e9quence du processeur: 800 MHz<\/li>\n<li>Couleur du produit: Noir, Blanc<\/li>\n<li>position de march\u00e9: Professionnel<\/li>\n<li>\u00c9cran integr\u00e9: Oui<\/li>\n<li>\u00c9cran: LCD<\/li>\n<li>Consommation \u00e9lectrique moyenne en mode Impression: 300 W<\/li>\n<li>Consommation d&#8217;\u00e9nergie (pr\u00eat): 38 W<\/li>\n<li>Consommation d &#8216;\u00e9nergie (en mode veille): 1,9 W<\/li>\n<li>Consommation \u00e9lectrique (arr\u00eat): 0,2 W<\/li>\n<li>Tension d&#8217;entr\u00e9e AC: 110 &#8211; 240 V<\/li>\n<li>Fr\u00e9quence d&#8217;entr\u00e9e AC: 50 &#8211; 60 Hz<\/li>\n<li>HP Auto-On\/Auto-Off: Oui<\/li>\n<li>Prise en charge du syst\u00e8me d&#8217;exploitation Windows: Windows 10,Windows 7,Windows 8,Windows 8.1<\/li>\n<li>Prise en charge du syst\u00e8me d&#8217;exploitation serveur: Windows Server 2008 R2,Windows Server 2012,Windows Server 2016<\/li>\n<li>Taux d&#8217;humidit\u00e9 de fonctionnement: 10 &#8211; 80%<\/li>\n<li>Temp\u00e9rature hors fonctionnement: -20 &#8211; 40 \u00b0C<\/li>\n<li>Temp\u00e9rature d&#8217;op\u00e9ration: 10 &#8211; 30 \u00b0C<\/li>\n<li>Largeur: 406 mm<\/li>\n<li>Profondeur: 363 mm<\/li>\n<li>Hauteur: 344,1 mm<\/li>\n<li>Poids: 14,1 kg<\/li>\n<li>Largeur du colis: 501 mm<\/li>\n<li>Profondeur du colis: 466 mm<\/li>\n<li>Hauteur du colis: 440 mm<\/li>\n<li>Poids du paquet: 17,4 kg<\/li>\n<li>Cartouche(s) incluse(s): Oui<\/li>\n<li>Capacit\u00e9 de la cartouche incluse (noir): 700 pages<\/li>\n<li>Capacit\u00e9 de la cartouche incluse (CMY): 500 pages<\/li>\n<li>C\u00e2bles inclus: USB, Phone<\/li>\n<\/ul>\n","protected":false},"excerpt":{"rendered":"<p>Si vous \u00eates passionn\u00e9 d&#8217;informatique et d&#8217;\u00e9lectronique, si vous \u00eates \u00e0 la pointe de la technologie et qu&#8217;aucun d\u00e9tail ne vous \u00e9chappe, achetez Imprimante Multifonction HP 4ZB97A au meilleur prix. L\u2019imprimante multifonction HP 179fnw est un appareil compact et polyvalent, sp\u00e9cialement con\u00e7u pour les bureaux et petites entreprises recherchant une solution compl\u00e8te et efficace pour [&hellip;]<\/p>\n","protected":false},"featured_media":67849,"comment_status":"open","ping_status":"closed","template":"","meta":[],"product_brand":[630],"product_cat":[592,65,581],"product_tag":[213,106],"class_list":{"0":"post-67854","1":"product","2":"type-product","3":"status-publish","4":"has-post-thumbnail","6":"product_brand-brandp_909","7":"product_cat-imprimantes","8":"product_cat-informatique-electronique","9":"product_cat-informatique-peripheriques-et-consommables","10":"product_tag-tag_933","11":"product_tag-tag_1295","13":"first","14":"instock","15":"taxable","16":"shipping-taxable","17":"purchasable","18":"product-type-simple"},"_links":{"self":[{"href":"https:\/\/bigbuy.tupique.com\/pt\/wp-json\/wp\/v2\/product\/67854","targetHints":{"allow":["GET"]}}],"collection":[{"href":"https:\/\/bigbuy.tupique.com\/pt\/wp-json\/wp\/v2\/product"}],"about":[{"href":"https:\/\/bigbuy.tupique.com\/pt\/wp-json\/wp\/v2\/types\/product"}],"replies":[{"embeddable":true,"href":"https:\/\/bigbuy.tupique.com\/pt\/wp-json\/wp\/v2\/comments?post=67854"}],"wp:featuredmedia":[{"embeddable":true,"href":"https:\/\/bigbuy.tupique.com\/pt\/wp-json\/wp\/v2\/media\/67849"}],"wp:attachment":[{"href":"https:\/\/bigbuy.tupique.com\/pt\/wp-json\/wp\/v2\/media?parent=67854"}],"wp:term":[{"taxonomy":"product_brand","embeddable":true,"href":"https:\/\/bigbuy.tupique.com\/pt\/wp-json\/wp\/v2\/product_brand?post=67854"},{"taxonomy":"product_cat","embeddable":true,"href":"https:\/\/bigbuy.tupique.com\/pt\/wp-json\/wp\/v2\/product_cat?post=67854"},{"taxonomy":"product_tag","embeddable":true,"href":"https:\/\/bigbuy.tupique.com\/pt\/wp-json\/wp\/v2\/product_tag?post=67854"}],"curies":[{"name":"wp","href":"https:\/\/api.w.org\/{rel}","templated":true}]}}