{"id":67848,"date":"2026-04-02T01:34:58","date_gmt":"2026-04-02T00:34:58","guid":{"rendered":"https:\/\/bigbuy.tupique.com\/produto\/nintendo-switch-nintendo-oled\/"},"modified":"2026-04-15T07:39:54","modified_gmt":"2026-04-15T06:39:54","slug":"nintendo-switch-nintendo-oled","status":"publish","type":"product","link":"https:\/\/bigbuy.tupique.com\/pt\/produto\/nintendo-switch-nintendo-oled\/","title":{"rendered":"Nintendo Switch Nintendo OLED"},"content":{"rendered":"<p>Les enfants m\u00e9ritent ce qu\u2019il y a de mieux, nous vous pr\u00e9sentons donc <b>Nintendo Switch Nintendo OLED<\/b>, id\u00e9al pour ceux qui cherchent des produits de qualit\u00e9 pour les plus petits ! Procurez-vous <b>Nintendo<\/b> aux meilleurs prix !<\/p>\n<ul>\n<li>Connectivit\u00e9:\n<ul>\n<li>Wi-Fi<\/li>\n<li>Bluetooth<\/li>\n<li>Bluetooth 4.1<\/li>\n<\/ul>\n<\/li>\n<li>Connexions:\n<ul>\n<li>USB-C<\/li>\n<li>HDMI<\/li>\n<li>USB<\/li>\n<li>Jack 3.5 mm<\/li>\n<\/ul>\n<\/li>\n<li>R\u00e9solution (px): 1280 x 720 px<\/li>\n<li>Couleur:\n<ul>\n<li>Bleu<\/li>\n<li>Noir<\/li>\n<li>Rouge<\/li>\n<\/ul>\n<\/li>\n<li>Fonctions: Acc\u00e9l\u00e9rom\u00e8tre<\/li>\n<li>Caract\u00e9ristiques:\n<ul>\n<li>Ecran tactile<\/li>\n<li>Port USB<\/li>\n<li>2 Haut-parleurs<\/li>\n<li>Connexion \u00e9couteurs<\/li>\n<li>Lecteur de Cartes<\/li>\n<\/ul>\n<\/li>\n<li>Plate-forme: Nintendo Switch<\/li>\n<li>Disque dur: 64 GB<\/li>\n<li>Ecran: 7&#8243;<\/li>\n<li>Temps de charge approx.: 3 heures<\/li>\n<li>Contr\u00f4le: Boutons<\/li>\n<li>Inclut:\n<ul>\n<li>Chargeur de batterie<\/li>\n<li>Manuel de l&#8217;utilisateur<\/li>\n<\/ul>\n<\/li>\n<li>Fonctionne \u00e0 piles: 1 Litio Ion, incluidas<\/li>\n<li>Technologie: Capacitive<\/li>\n<li>Pr\u00e9cision (humidit\u00e9 relative): 20 % &#8211; 80 %<\/li>\n<li>Type de batterie: Litio Ion<\/li>\n<li>Cartes M\u00e9moire Compatibles: MicroSD (TransFlash),MicroSDHC,MicroSDXC<\/li>\n<\/ul>","protected":false},"excerpt":{"rendered":"<p>Les enfants m\u00e9ritent ce qu\u2019il y a de mieux, nous vous pr\u00e9sentons donc Nintendo Switch Nintendo OLED, id\u00e9al pour ceux qui cherchent des produits de qualit\u00e9 pour les plus petits ! Procurez-vous Nintendo aux meilleurs prix ! Connectivit\u00e9: Wi-Fi Bluetooth Bluetooth 4.1 Connexions: USB-C HDMI USB Jack 3.5 mm R\u00e9solution (px): 1280 x 720 px [&hellip;]<\/p>\n","protected":false},"featured_media":67843,"comment_status":"open","ping_status":"closed","template":"","meta":[],"product_brand":[805],"product_cat":[746,609,65],"product_tag":[572,104],"class_list":{"0":"post-67848","1":"product","2":"type-product","3":"status-publish","4":"has-post-thumbnail","6":"product_brand-brandp_1156","7":"product_cat-consoles","8":"product_cat-electronique-jouets-electroniques","9":"product_cat-informatique-electronique","10":"product_tag-tag_29","11":"product_tag-tag_1279","13":"first","14":"instock","15":"taxable","16":"shipping-taxable","17":"purchasable","18":"product-type-simple"},"_links":{"self":[{"href":"https:\/\/bigbuy.tupique.com\/pt\/wp-json\/wp\/v2\/product\/67848","targetHints":{"allow":["GET"]}}],"collection":[{"href":"https:\/\/bigbuy.tupique.com\/pt\/wp-json\/wp\/v2\/product"}],"about":[{"href":"https:\/\/bigbuy.tupique.com\/pt\/wp-json\/wp\/v2\/types\/product"}],"replies":[{"embeddable":true,"href":"https:\/\/bigbuy.tupique.com\/pt\/wp-json\/wp\/v2\/comments?post=67848"}],"wp:featuredmedia":[{"embeddable":true,"href":"https:\/\/bigbuy.tupique.com\/pt\/wp-json\/wp\/v2\/media\/67843"}],"wp:attachment":[{"href":"https:\/\/bigbuy.tupique.com\/pt\/wp-json\/wp\/v2\/media?parent=67848"}],"wp:term":[{"taxonomy":"product_brand","embeddable":true,"href":"https:\/\/bigbuy.tupique.com\/pt\/wp-json\/wp\/v2\/product_brand?post=67848"},{"taxonomy":"product_cat","embeddable":true,"href":"https:\/\/bigbuy.tupique.com\/pt\/wp-json\/wp\/v2\/product_cat?post=67848"},{"taxonomy":"product_tag","embeddable":true,"href":"https:\/\/bigbuy.tupique.com\/pt\/wp-json\/wp\/v2\/product_tag?post=67848"}],"curies":[{"name":"wp","href":"https:\/\/api.w.org\/{rel}","templated":true}]}}