{"id":67477,"date":"2026-04-02T00:43:19","date_gmt":"2026-04-01T23:43:19","guid":{"rendered":"https:\/\/bigbuy.tupique.com\/produto\/gas-cooker-meireles-g540-dv-55-cm-stainless-steel-3-stoves\/"},"modified":"2026-04-15T12:07:40","modified_gmt":"2026-04-15T11:07:40","slug":"gas-cooker-meireles-g540-dv-55-cm-stainless-steel-3-stoves","status":"publish","type":"product","link":"https:\/\/bigbuy.tupique.com\/pt\/produto\/gas-cooker-meireles-g540-dv-55-cm-stainless-steel-3-stoves\/","title":{"rendered":"Cuisini\u00e8re \u00e0 Gaz Meireles G540 DV 55 cm Acier inoxydable (3 Feux \u00e0 gaz)"},"content":{"rendered":"<p>Si vous recherchez des \u00e9lectrom\u00e9nagers pour votre maison aux meilleurs prix, ne manquez pas <b>Cuisini\u00e8re \u00e0 Gaz Meireles G540 DV 55 cm Acier inoxydable (3 Feux \u00e0 gaz)<\/b> et une large s\u00e9lection de petits \u00e9lectrom\u00e9nagers de qualit\u00e9 !<\/p>\n<ul>\n<li>Type:\n<ul>\n<li>Butane<\/li>\n<li>Cuisini\u00e8re \u00e0 Gaz<\/li>\n<li>\u00c0 Gaz, 3 br\u00fbleurs<\/li>\n<\/ul>\n<\/li>\n<li>Plaque au gaz: 3 Feux \u00e0 gaz<\/li>\n<li>Contr\u00f4le: Plaque Tournante<\/li>\n<li>Classification \u00e9nerg\u00e9tique: A<\/li>\n<li>Dimensions approx.: 56,5 x 60 x 85 cm<\/li>\n<li>Couleur: Acier<\/li>\n<li>Gaz: Butane<\/li>\n<li>Informations importantes: En ce qui concerne le raccordement au gaz il convient de tenir compte des r\u00e9glementations sp\u00e9cifiques \u00e0 chaque pays<\/li>\n<li>Mat\u00e9riel: Acier inoxydable<\/li>\n<li>Caract\u00e9ristiques:\n<ul>\n<li>Facile \u00e0 nettoyer<\/li>\n<li>Couverture<\/li>\n<\/ul>\n<\/li>\n<li>Bloc d\u2019Alimentation: Au gaz<\/li>\n<li>Zones de cuisson: 3<\/li>\n<li>Type de commande: Plaque Tournante<\/li>\n<li>Type de carburant: Gaz<\/li>\n<li>Poids: 15 kg<\/li>\n<li>Type d&#8217;installation: Ind\u00e9pendant<\/li>\n<\/ul>","protected":false},"excerpt":{"rendered":"<p><span class=\"unit-info\">11.5816 &euro; \/ 1 l<\/span><\/p>","protected":false},"featured_media":67476,"comment_status":"open","ping_status":"closed","template":"","meta":[],"product_brand":[1543],"product_cat":[60,747,77],"product_tag":[55],"class_list":{"0":"post-67477","1":"product","2":"type-product","3":"status-publish","4":"has-post-thumbnail","6":"product_brand-brandp_1637","7":"product_cat-cuisine-gourmet","8":"product_cat-fours","9":"product_cat-petit-electromenager","10":"product_tag-tag_926","12":"first","13":"instock","14":"taxable","15":"shipping-taxable","16":"purchasable","17":"product-type-simple"},"_links":{"self":[{"href":"https:\/\/bigbuy.tupique.com\/pt\/wp-json\/wp\/v2\/product\/67477","targetHints":{"allow":["GET"]}}],"collection":[{"href":"https:\/\/bigbuy.tupique.com\/pt\/wp-json\/wp\/v2\/product"}],"about":[{"href":"https:\/\/bigbuy.tupique.com\/pt\/wp-json\/wp\/v2\/types\/product"}],"replies":[{"embeddable":true,"href":"https:\/\/bigbuy.tupique.com\/pt\/wp-json\/wp\/v2\/comments?post=67477"}],"wp:featuredmedia":[{"embeddable":true,"href":"https:\/\/bigbuy.tupique.com\/pt\/wp-json\/wp\/v2\/media\/67476"}],"wp:attachment":[{"href":"https:\/\/bigbuy.tupique.com\/pt\/wp-json\/wp\/v2\/media?parent=67477"}],"wp:term":[{"taxonomy":"product_brand","embeddable":true,"href":"https:\/\/bigbuy.tupique.com\/pt\/wp-json\/wp\/v2\/product_brand?post=67477"},{"taxonomy":"product_cat","embeddable":true,"href":"https:\/\/bigbuy.tupique.com\/pt\/wp-json\/wp\/v2\/product_cat?post=67477"},{"taxonomy":"product_tag","embeddable":true,"href":"https:\/\/bigbuy.tupique.com\/pt\/wp-json\/wp\/v2\/product_tag?post=67477"}],"curies":[{"name":"wp","href":"https:\/\/api.w.org\/{rel}","templated":true}]}}