{"id":67246,"date":"2026-04-01T23:13:21","date_gmt":"2026-04-01T22:13:21","guid":{"rendered":"https:\/\/bigbuy.tupique.com\/produto\/hairdryer-parlux-elysium-black\/"},"modified":"2026-04-15T04:46:22","modified_gmt":"2026-04-15T03:46:22","slug":"hairdryer-parlux-elysium-black","status":"publish","type":"product","link":"https:\/\/bigbuy.tupique.com\/pt\/produto\/hairdryer-parlux-elysium-black\/","title":{"rendered":"S\u00e8che-cheveux Parlux ELYSIUM Noir"},"content":{"rendered":"<p>Si vous recherchez des \u00e9lectrom\u00e9nagers pour votre maison aux meilleurs prix, ne manquez pas <b>S\u00e8che-cheveux Parlux ELYSIUM Noir<\/b> et une large s\u00e9lection de petits \u00e9lectrom\u00e9nagers de qualit\u00e9 !<\/p>\n<ul>\n<li>Produit \u00e0 brancher: Oui<\/li>\n<li>Type: S\u00e8che-cheveux<\/li>\n<li>Bloc d\u2019Alimentation: r\u00e9seau \u00e9lectrique<\/li>\n<li>Couleur: Noir<\/li>\n<li>Genre: Unisexe<\/li>\n<li>Type de prise: Prise EU<\/li>\n<\/ul>","protected":false},"excerpt":{"rendered":"<p>Si vous recherchez des \u00e9lectrom\u00e9nagers pour votre maison aux meilleurs prix, ne manquez pas S\u00e8che-cheveux Parlux ELYSIUM Noir et une large s\u00e9lection de petits \u00e9lectrom\u00e9nagers de qualit\u00e9 ! Produit \u00e0 brancher: Oui Type: S\u00e8che-cheveux Bloc d\u2019Alimentation: r\u00e9seau \u00e9lectrique Couleur: Noir Genre: Unisexe Type de prise: Prise EU<\/p>","protected":false},"featured_media":67245,"comment_status":"open","ping_status":"closed","template":"","meta":[],"product_brand":[1668],"product_cat":[753,752,1065],"product_tag":[722,56],"class_list":{"0":"post-67246","1":"product","2":"type-product","3":"status-publish","4":"has-post-thumbnail","6":"product_brand-brandp_457","7":"product_cat-coiffure","8":"product_cat-sante-beaute","9":"product_cat-seche-cheveux","10":"product_tag-tag_923","11":"product_tag-tag_930","13":"first","14":"instock","15":"taxable","16":"shipping-taxable","17":"purchasable","18":"product-type-simple"},"_links":{"self":[{"href":"https:\/\/bigbuy.tupique.com\/pt\/wp-json\/wp\/v2\/product\/67246","targetHints":{"allow":["GET"]}}],"collection":[{"href":"https:\/\/bigbuy.tupique.com\/pt\/wp-json\/wp\/v2\/product"}],"about":[{"href":"https:\/\/bigbuy.tupique.com\/pt\/wp-json\/wp\/v2\/types\/product"}],"replies":[{"embeddable":true,"href":"https:\/\/bigbuy.tupique.com\/pt\/wp-json\/wp\/v2\/comments?post=67246"}],"wp:featuredmedia":[{"embeddable":true,"href":"https:\/\/bigbuy.tupique.com\/pt\/wp-json\/wp\/v2\/media\/67245"}],"wp:attachment":[{"href":"https:\/\/bigbuy.tupique.com\/pt\/wp-json\/wp\/v2\/media?parent=67246"}],"wp:term":[{"taxonomy":"product_brand","embeddable":true,"href":"https:\/\/bigbuy.tupique.com\/pt\/wp-json\/wp\/v2\/product_brand?post=67246"},{"taxonomy":"product_cat","embeddable":true,"href":"https:\/\/bigbuy.tupique.com\/pt\/wp-json\/wp\/v2\/product_cat?post=67246"},{"taxonomy":"product_tag","embeddable":true,"href":"https:\/\/bigbuy.tupique.com\/pt\/wp-json\/wp\/v2\/product_tag?post=67246"}],"curies":[{"name":"wp","href":"https:\/\/api.w.org\/{rel}","templated":true}]}}