{"id":67068,"date":"2026-04-01T22:05:20","date_gmt":"2026-04-01T21:05:20","guid":{"rendered":"https:\/\/bigbuy.tupique.com\/produto\/facial-cream-valmont-lelixir-des-glaciers-30-ml\/"},"modified":"2026-04-14T23:51:27","modified_gmt":"2026-04-14T22:51:27","slug":"facial-cream-valmont-lelixir-des-glaciers-30-ml","status":"publish","type":"product","link":"https:\/\/bigbuy.tupique.com\/pt\/produto\/facial-cream-valmont-lelixir-des-glaciers-30-ml\/","title":{"rendered":"Cr\u00e8me visage Valmont L\u00b4ELIXIR DES GLACIERS 30 ml"},"content":{"rendered":"<\/p>\n<p><b>Cr\u00e8me visage Valmont L\u00b4ELIXIR DES GLACIERS 30 ml<\/b> est un produit de qualit\u00e9 con\u00e7u pour les personnes exigeantes qui prennent soin de leur image et recherchent les meilleurs cosm\u00e9tiques pour mettre en valeur leur beaut\u00e9. Si vous en faites partie, les produits 100 % originaux <b>Valmont<\/b> sont faits pour vous.<\/p>\n<p>La <b>cr\u00e8me visage<\/b> Valmont est formul\u00e9e pour offrir un soin avanc\u00e9, avec une <b>contenance de 30 ml<\/b> et une excellente compatibilit\u00e9 avec la <b>peau mature<\/b> comme avec <b>tout type de peau<\/b>. Fabriqu\u00e9e en <b>Espagne et en Suisse<\/b>, cette cr\u00e8me refl\u00e8te les normes \u00e9lev\u00e9es et l\u2019expertise internationale de Valmont dans le domaine de la <b>cosm\u00e9tique de luxe<\/b>. Sa texture l\u00e9g\u00e8re, de couleur <b>noire<\/b>, s\u2019int\u00e8gre facilement dans la routine quotidienne, adapt\u00e9e \u00e0 un usage de jour comme de nuit. Polyvalente, elle est recommand\u00e9e aux femmes \u00e0 la recherche d\u2019un effet s\u00e9rum aidant \u00e0 traiter les signes visibles de l\u2019\u00e2ge, tout en apportant nutrition et hydratation continues. Son fini \u00e9l\u00e9gant et son flacon compact en facilitent l\u2019utilisation et le transport, tandis que sa formule avanc\u00e9e r\u00e9pond aux attentes de celles qui privil\u00e9gient l\u2019efficacit\u00e9 d\u2019un soin visage cibl\u00e9. En r\u00e9sum\u00e9, cette cr\u00e8me visage Valmont est une option sophistiqu\u00e9e pour le soin quotidien, alliant pr\u00e9cision suisse et expertise cosm\u00e9tique pour r\u00e9pondre aux exigences les plus \u00e9lev\u00e9es.<\/p>\n<ul>\n<li>Type:\n<ul>\n<li>Cosm\u00e9tique<\/li>\n<li>Cr\u00e8me visage<\/li>\n<\/ul>\n<\/li>\n<li>Caract\u00e9ristiques: Jour\/Nuit<\/li>\n<li>Genre: Femme<\/li>\n<li>Texture: S\u00e9rum<\/li>\n<li>Utilisation recommand\u00e9e: Tous les types de peau<\/li>\n<li>Capacit\u00e9: 30 ml<\/li>\n<\/ul>","protected":false},"excerpt":{"rendered":"<p><span class=\"unit-info\">1263.3000 &euro; \/ 100 ml<\/span><\/p>","protected":false},"featured_media":67064,"comment_status":"open","ping_status":"closed","template":"","meta":[],"product_brand":[1675],"product_cat":[1503,769,1495],"product_tag":[722],"class_list":{"0":"post-67068","1":"product","2":"type-product","3":"status-publish","4":"has-post-thumbnail","6":"product_brand-brandp_500","7":"product_cat-cremes-anti-rides-et-hydratantes","8":"product_cat-parfum-cosmetique","9":"product_cat-soin-du-visage","10":"product_tag-tag_923","12":"first","13":"instock","14":"taxable","15":"shipping-taxable","16":"purchasable","17":"product-type-simple"},"_links":{"self":[{"href":"https:\/\/bigbuy.tupique.com\/pt\/wp-json\/wp\/v2\/product\/67068","targetHints":{"allow":["GET"]}}],"collection":[{"href":"https:\/\/bigbuy.tupique.com\/pt\/wp-json\/wp\/v2\/product"}],"about":[{"href":"https:\/\/bigbuy.tupique.com\/pt\/wp-json\/wp\/v2\/types\/product"}],"replies":[{"embeddable":true,"href":"https:\/\/bigbuy.tupique.com\/pt\/wp-json\/wp\/v2\/comments?post=67068"}],"wp:featuredmedia":[{"embeddable":true,"href":"https:\/\/bigbuy.tupique.com\/pt\/wp-json\/wp\/v2\/media\/67064"}],"wp:attachment":[{"href":"https:\/\/bigbuy.tupique.com\/pt\/wp-json\/wp\/v2\/media?parent=67068"}],"wp:term":[{"taxonomy":"product_brand","embeddable":true,"href":"https:\/\/bigbuy.tupique.com\/pt\/wp-json\/wp\/v2\/product_brand?post=67068"},{"taxonomy":"product_cat","embeddable":true,"href":"https:\/\/bigbuy.tupique.com\/pt\/wp-json\/wp\/v2\/product_cat?post=67068"},{"taxonomy":"product_tag","embeddable":true,"href":"https:\/\/bigbuy.tupique.com\/pt\/wp-json\/wp\/v2\/product_tag?post=67068"}],"curies":[{"name":"wp","href":"https:\/\/api.w.org\/{rel}","templated":true}]}}