{"id":66890,"date":"2026-04-01T21:54:40","date_gmt":"2026-04-01T20:54:40","guid":{"rendered":"https:\/\/bigbuy.tupique.com\/produto\/womens-perfume-frederic-malle-the-night\/"},"modified":"2026-05-11T19:57:28","modified_gmt":"2026-05-11T17:57:28","slug":"womens-perfume-frederic-malle-the-night","status":"publish","type":"product","link":"https:\/\/bigbuy.tupique.com\/pt\/produto\/womens-perfume-frederic-malle-the-night\/","title":{"rendered":"Parfum Femme Frederic Malle THE NIGHT"},"content":{"rendered":"<p>Si vous \u00eates \u00e0 la recherche de nouvelles tendances sur le march\u00e9, nous vous pr\u00e9sentons <b>Parfum Femme Frederic Malle THE NIGHT<\/b> !<\/p>\n<ul>\n<li>Genre: Femme<\/li>\n<\/ul>\n<p>Informations importantes: La conception de l&#8217;emballage du produit peut varier en fonction des promotions publicitaires du fabricant ou de la p\u00e9riode de l&#8217;ann\u00e9e. Les diff\u00e9rents emballages sont conserv\u00e9s jusqu&#8217;\u00e0 la fin du stock..<\/p>","protected":false},"excerpt":{"rendered":"<p><span class=\"unit-info\">1449.9800 &euro; \/ 100 ml<\/span><\/p>","protected":false},"featured_media":66889,"comment_status":"open","ping_status":"closed","template":"","meta":[],"product_brand":[1670],"product_cat":[769,1056,1486],"product_tag":[542,1048,543],"class_list":{"0":"post-66890","1":"product","2":"type-product","3":"status-publish","4":"has-post-thumbnail","6":"product_brand-brandp_8318","7":"product_cat-parfum-cosmetique","8":"product_cat-parfums","9":"product_cat-parfums-pour-femme","10":"product_tag-tag_1274","11":"product_tag-tag_1262","12":"product_tag-tag_61","14":"first","15":"instock","16":"taxable","17":"shipping-taxable","18":"purchasable","19":"product-type-simple"},"_links":{"self":[{"href":"https:\/\/bigbuy.tupique.com\/pt\/wp-json\/wp\/v2\/product\/66890","targetHints":{"allow":["GET"]}}],"collection":[{"href":"https:\/\/bigbuy.tupique.com\/pt\/wp-json\/wp\/v2\/product"}],"about":[{"href":"https:\/\/bigbuy.tupique.com\/pt\/wp-json\/wp\/v2\/types\/product"}],"replies":[{"embeddable":true,"href":"https:\/\/bigbuy.tupique.com\/pt\/wp-json\/wp\/v2\/comments?post=66890"}],"wp:featuredmedia":[{"embeddable":true,"href":"https:\/\/bigbuy.tupique.com\/pt\/wp-json\/wp\/v2\/media\/66889"}],"wp:attachment":[{"href":"https:\/\/bigbuy.tupique.com\/pt\/wp-json\/wp\/v2\/media?parent=66890"}],"wp:term":[{"taxonomy":"product_brand","embeddable":true,"href":"https:\/\/bigbuy.tupique.com\/pt\/wp-json\/wp\/v2\/product_brand?post=66890"},{"taxonomy":"product_cat","embeddable":true,"href":"https:\/\/bigbuy.tupique.com\/pt\/wp-json\/wp\/v2\/product_cat?post=66890"},{"taxonomy":"product_tag","embeddable":true,"href":"https:\/\/bigbuy.tupique.com\/pt\/wp-json\/wp\/v2\/product_tag?post=66890"}],"curies":[{"name":"wp","href":"https:\/\/api.w.org\/{rel}","templated":true}]}}