{"id":66832,"date":"2026-04-01T21:49:46","date_gmt":"2026-04-01T20:49:46","guid":{"rendered":"https:\/\/bigbuy.tupique.com\/produto\/microwave-hotpoint\/"},"modified":"2026-04-16T18:05:35","modified_gmt":"2026-04-16T17:05:35","slug":"microwave-hotpoint","status":"publish","type":"product","link":"https:\/\/bigbuy.tupique.com\/pt\/produto\/microwave-hotpoint\/","title":{"rendered":"Micro-ondes Hotpoint"},"content":{"rendered":"<p>Si vous \u00eates \u00e0 la recherche de nouvelles tendances sur le march\u00e9, nous vous pr\u00e9sentons <b>Micro-ondes Hotpoint<\/b> !<\/p>\n<p>Le <b>micro-ondes encastrable<\/b> Hotpoint mod\u00e8le HAM 212O X est con\u00e7u pour s\u2019int\u00e9grer de mani\u00e8re \u00e9l\u00e9gante et fonctionnelle dans les cuisines modernes. Il offre une capacit\u00e9 interne de <b>22 litres<\/b>, adapt\u00e9e pour pr\u00e9parer ou r\u00e9chauffer des aliments en portions domestiques avec confort. Sa structure en <b>acier inoxydable<\/b> garantit durabilit\u00e9 et facilit\u00e9 de nettoyage, tout en apportant une finition sophistiqu\u00e9e qui s\u2019adapte \u00e0 diff\u00e9rents styles et espaces. Ce micro-ondes dispose d\u2019une connexion par <b>prise EU<\/b>, assurant une compatibilit\u00e9 standard avec la plupart des installations \u00e9lectriques europ\u00e9ennes. Son design encastrable permet d\u2019optimiser l\u2019espace et offre une apparence continue dans la zone de cuisson. Bien que le mod\u00e8le ne pr\u00e9cise pas de d\u00e9tails suppl\u00e9mentaires sur les puissances ou programmes, l\u2019association de la marque Hotpoint avec un format pens\u00e9 pour l\u2019encastrement sugg\u00e8re un produit destin\u00e9 \u00e0 ceux qui recherchent un appareil pratique, efficace et avec une finition acier de qualit\u00e9. Dans l\u2019ensemble, le Hotpoint HAM 212O X constitue une solution fonctionnelle apportant polyvalence et robustesse pour un usage quotidien \u00e0 la maison.<\/p>\n<ul>\n<li>Produit \u00e0 brancher: Oui<\/li>\n<li>Type de prise: Prise EU<\/li>\n<li>Bloc d\u2019Alimentation: r\u00e9seau \u00e9lectrique<\/li>\n<li>Couleur: Gris<\/li>\n<li>Largeur: 59,5 cm<\/li>\n<li>Type d&#8217;installation:\n<ul>\n<li>Int\u00e9grable<\/li>\n<li>Encastrable<\/li>\n<\/ul>\n<\/li>\n<li>puissance:\n<ul>\n<li>1300 W<\/li>\n<li>750 W<\/li>\n<\/ul>\n<\/li>\n<li>\u00c9lev\u00e9:\n<ul>\n<li>45 cm<\/li>\n<li>36 cm<\/li>\n<li>38,2 cm<\/li>\n<\/ul>\n<\/li>\n<li>Tension: 230 V \/ 50 Hz<\/li>\n<li>Longueur du c\u00e2ble: 135 cm<\/li>\n<li>Capacit\u00e9: 22 L<\/li>\n<li>Dimensions approx.:\n<ul>\n<li>32 cm<\/li>\n<li>30 cm<\/li>\n<\/ul>\n<\/li>\n<\/ul>","protected":false},"excerpt":{"rendered":"<p><span class=\"unit-info\">17.5450 &euro; \/ 1 l<\/span><\/p>","protected":false},"featured_media":66826,"comment_status":"open","ping_status":"closed","template":"","meta":[],"product_brand":[793],"product_cat":[60,727,77],"product_tag":[55,59,56],"class_list":{"0":"post-66832","1":"product","2":"type-product","3":"status-publish","4":"has-post-thumbnail","6":"product_brand-brandp_5601","7":"product_cat-cuisine-gourmet","8":"product_cat-micro-ondes","9":"product_cat-petit-electromenager","10":"product_tag-tag_926","11":"product_tag-tag_1304","12":"product_tag-tag_930","14":"first","15":"instock","16":"taxable","17":"shipping-taxable","18":"purchasable","19":"product-type-simple"},"_links":{"self":[{"href":"https:\/\/bigbuy.tupique.com\/pt\/wp-json\/wp\/v2\/product\/66832","targetHints":{"allow":["GET"]}}],"collection":[{"href":"https:\/\/bigbuy.tupique.com\/pt\/wp-json\/wp\/v2\/product"}],"about":[{"href":"https:\/\/bigbuy.tupique.com\/pt\/wp-json\/wp\/v2\/types\/product"}],"replies":[{"embeddable":true,"href":"https:\/\/bigbuy.tupique.com\/pt\/wp-json\/wp\/v2\/comments?post=66832"}],"wp:featuredmedia":[{"embeddable":true,"href":"https:\/\/bigbuy.tupique.com\/pt\/wp-json\/wp\/v2\/media\/66826"}],"wp:attachment":[{"href":"https:\/\/bigbuy.tupique.com\/pt\/wp-json\/wp\/v2\/media?parent=66832"}],"wp:term":[{"taxonomy":"product_brand","embeddable":true,"href":"https:\/\/bigbuy.tupique.com\/pt\/wp-json\/wp\/v2\/product_brand?post=66832"},{"taxonomy":"product_cat","embeddable":true,"href":"https:\/\/bigbuy.tupique.com\/pt\/wp-json\/wp\/v2\/product_cat?post=66832"},{"taxonomy":"product_tag","embeddable":true,"href":"https:\/\/bigbuy.tupique.com\/pt\/wp-json\/wp\/v2\/product_tag?post=66832"}],"curies":[{"name":"wp","href":"https:\/\/api.w.org\/{rel}","templated":true}]}}