{"id":66785,"date":"2026-04-01T21:47:17","date_gmt":"2026-04-01T20:47:17","guid":{"rendered":"https:\/\/bigbuy.tupique.com\/produto\/hairdryer-parlux-elysium-grey\/"},"modified":"2026-04-15T04:46:22","modified_gmt":"2026-04-15T03:46:22","slug":"hairdryer-parlux-elysium-grey","status":"publish","type":"product","link":"https:\/\/bigbuy.tupique.com\/pt\/produto\/hairdryer-parlux-elysium-grey\/","title":{"rendered":"S\u00e8che-cheveux Parlux ELYSIUM Gris"},"content":{"rendered":"<p>Si vous recherchez des \u00e9lectrom\u00e9nagers pour votre maison aux meilleurs prix, ne manquez pas <b>S\u00e8che-cheveux Parlux ELYSIUM Gris<\/b> et une large s\u00e9lection de petits \u00e9lectrom\u00e9nagers de qualit\u00e9 !<\/p>\n<p>Le <b>s\u00e8che-cheveux ELYSIUM<\/b> de <b>Parlux<\/b> est un appareil professionnel con\u00e7u pour offrir une performance efficace et polyvalente, aussi bien pour un usage domestique que professionnel. Il pr\u00e9sente une finition en <b>gris titane<\/b>, alliant \u00e9l\u00e9gance et fonctionnalit\u00e9, s\u2019adaptant \u00e0 tous styles et environnements. Ce s\u00e8che-cheveux se distingue par son caract\u00e8re <b>unisexe<\/b>, adapt\u00e9 \u00e0 tous les utilisateurs quel que soit le genre, et son design int\u00e8gre une <b>prise EU<\/b> garantissant la compatibilit\u00e9 avec les prises \u00e9lectriques standard en Europe. Fabriqu\u00e9 en <b>Italie<\/b>, la marque Parlux assure qualit\u00e9 et durabilit\u00e9 de ses composants, refl\u00e9tant la tradition et le soin de fabrication propres aux produits europ\u00e9ens. Bien que les puissances ou technologies sp\u00e9cifiques ne soient pas pr\u00e9cis\u00e9es, le s\u00e8che-cheveux ELYSIUM se positionne comme un outil fiable pour le soin capillaire, id\u00e9al pour ceux qui recherchent un s\u00e8che-cheveux au design moderne avec des fonctions basiques bien int\u00e9gr\u00e9es. Sa <b>capacit\u00e9 d\u2019usage individuel<\/b> facilite sa manipulation et son transport, \u00e9tant l\u00e9ger et ergonomique pour un s\u00e9chage confortable et pr\u00e9cis. En r\u00e9sum\u00e9, le s\u00e8che-cheveux Parlux ELYSIUM allie style discret et fonctionnalit\u00e9 pratique, constituant une option solide dans la cat\u00e9gorie des s\u00e8che-cheveux professionnels et personnels.<\/p>\n<ul>\n<li>Produit \u00e0 brancher: Oui<\/li>\n<li>Type: S\u00e8che-cheveux<\/li>\n<li>Bloc d\u2019Alimentation: r\u00e9seau \u00e9lectrique<\/li>\n<li>Couleur: Gris<\/li>\n<li>Genre: Unisexe<\/li>\n<li>Type de prise: Prise EU<\/li>\n<\/ul>","protected":false},"excerpt":{"rendered":"<p>Si vous recherchez des \u00e9lectrom\u00e9nagers pour votre maison aux meilleurs prix, ne manquez pas S\u00e8che-cheveux Parlux ELYSIUM Gris et une large s\u00e9lection de petits \u00e9lectrom\u00e9nagers de qualit\u00e9 ! Le s\u00e8che-cheveux ELYSIUM de Parlux est un appareil professionnel con\u00e7u pour offrir une performance efficace et polyvalente, aussi bien pour un usage domestique que professionnel. Il pr\u00e9sente [&hellip;]<\/p>\n","protected":false},"featured_media":66784,"comment_status":"open","ping_status":"closed","template":"","meta":[],"product_brand":[1668],"product_cat":[753,752,1065],"product_tag":[722,56],"class_list":{"0":"post-66785","1":"product","2":"type-product","3":"status-publish","4":"has-post-thumbnail","6":"product_brand-brandp_457","7":"product_cat-coiffure","8":"product_cat-sante-beaute","9":"product_cat-seche-cheveux","10":"product_tag-tag_923","11":"product_tag-tag_930","13":"first","14":"instock","15":"taxable","16":"shipping-taxable","17":"purchasable","18":"product-type-simple"},"_links":{"self":[{"href":"https:\/\/bigbuy.tupique.com\/pt\/wp-json\/wp\/v2\/product\/66785","targetHints":{"allow":["GET"]}}],"collection":[{"href":"https:\/\/bigbuy.tupique.com\/pt\/wp-json\/wp\/v2\/product"}],"about":[{"href":"https:\/\/bigbuy.tupique.com\/pt\/wp-json\/wp\/v2\/types\/product"}],"replies":[{"embeddable":true,"href":"https:\/\/bigbuy.tupique.com\/pt\/wp-json\/wp\/v2\/comments?post=66785"}],"wp:featuredmedia":[{"embeddable":true,"href":"https:\/\/bigbuy.tupique.com\/pt\/wp-json\/wp\/v2\/media\/66784"}],"wp:attachment":[{"href":"https:\/\/bigbuy.tupique.com\/pt\/wp-json\/wp\/v2\/media?parent=66785"}],"wp:term":[{"taxonomy":"product_brand","embeddable":true,"href":"https:\/\/bigbuy.tupique.com\/pt\/wp-json\/wp\/v2\/product_brand?post=66785"},{"taxonomy":"product_cat","embeddable":true,"href":"https:\/\/bigbuy.tupique.com\/pt\/wp-json\/wp\/v2\/product_cat?post=66785"},{"taxonomy":"product_tag","embeddable":true,"href":"https:\/\/bigbuy.tupique.com\/pt\/wp-json\/wp\/v2\/product_tag?post=66785"}],"curies":[{"name":"wp","href":"https:\/\/api.w.org\/{rel}","templated":true}]}}