{"id":66484,"date":"2026-04-01T21:28:23","date_gmt":"2026-04-01T20:28:23","guid":{"rendered":"https:\/\/bigbuy.tupique.com\/produto\/electric-coffee-maker-ninja-es701eu-silver-12-l\/"},"modified":"2026-04-16T08:11:19","modified_gmt":"2026-04-16T07:11:19","slug":"electric-coffee-maker-ninja-es701eu-silver-12-l","status":"publish","type":"product","link":"https:\/\/bigbuy.tupique.com\/pt\/produto\/electric-coffee-maker-ninja-es701eu-silver-12-l\/","title":{"rendered":"Caf\u00e9ti\u00e8re \u00e9lectrique NINJA ES701EU Argent\u00e9 1,2 L"},"content":{"rendered":"<p>Si vous \u00eates \u00e0 la recherche de nouvelles tendances sur le march\u00e9, nous vous pr\u00e9sentons <b>Caf\u00e9ti\u00e8re \u00e9lectrique NINJA ES701EU Argent\u00e9 1,2 L<\/b> !<\/p>\n<ul>\n<li>Type de prise: Prise EU<\/li>\n<li>Produit \u00e0 brancher: Oui<\/li>\n<li>Type:\n<ul>\n<li>Caf\u00e9 moulu<\/li>\n<li>Semi-automatique<\/li>\n<li>Machine \u00e0 espresso<\/li>\n<\/ul>\n<\/li>\n<li>Type de commande: Boutons<\/li>\n<li>Inclut:\n<ul>\n<li>Manuel de l&#8217;utilisateur<\/li>\n<li>Mousseur \u00e0 Lait<\/li>\n<\/ul>\n<\/li>\n<li>Caract\u00e9ristiques:\n<ul>\n<li>Bac d&#8217;\u00e9gouttage amovible<\/li>\n<li>Arr\u00eat Automatique<\/li>\n<li>Auto-nettoyant<\/li>\n<li>Broyeur int\u00e9gr\u00e9<\/li>\n<li>\u00c9cran integr\u00e9<\/li>\n<li>R\u00e9servoir pour le lait<\/li>\n<li>Facile \u00e0 nettoyer<\/li>\n<\/ul>\n<\/li>\n<li>Tension: 220 -240 V<\/li>\n<li>Fr\u00e9quence d&#8217;entr\u00e9e AC: 50-60 Hz<\/li>\n<li>Couleur:\n<ul>\n<li>Noir<\/li>\n<li>Acier<\/li>\n<li>Argent\u00e9<\/li>\n<\/ul>\n<\/li>\n<li>Nombre de pi\u00e8ces: 1 Pi\u00e8ce<\/li>\n<li>Capacit\u00e9:\n<ul>\n<li>2 L<\/li>\n<li>1,2 L<\/li>\n<\/ul>\n<\/li>\n<li>Long: 35,5 cm<\/li>\n<li>puissance: 1650 W<\/li>\n<li>Poids approx.: 17,2 Kg<\/li>\n<li>Bloc d\u2019Alimentation: r\u00e9seau \u00e9lectrique<\/li>\n<li>Mati\u00e8re: Acier inoxydable<\/li>\n<\/ul>","protected":false},"excerpt":{"rendered":"<p>Si vous \u00eates \u00e0 la recherche de nouvelles tendances sur le march\u00e9, nous vous pr\u00e9sentons Caf\u00e9ti\u00e8re \u00e9lectrique NINJA ES701EU Argent\u00e9 1,2 L ! Type de prise: Prise EU Produit \u00e0 brancher: Oui Type: Caf\u00e9 moulu Semi-automatique Machine \u00e0 espresso Type de commande: Boutons Inclut: Manuel de l&#8217;utilisateur Mousseur \u00e0 Lait Caract\u00e9ristiques: Bac d&#8217;\u00e9gouttage amovible Arr\u00eat [&hellip;]<\/p>\n","protected":false},"featured_media":66467,"comment_status":"open","ping_status":"closed","template":"","meta":[],"product_brand":[287],"product_cat":[725,60,77],"product_tag":[56],"class_list":{"0":"post-66484","1":"product","2":"type-product","3":"status-publish","4":"has-post-thumbnail","6":"product_brand-brandp_6527","7":"product_cat-cafetieres","8":"product_cat-cuisine-gourmet","9":"product_cat-petit-electromenager","10":"product_tag-tag_930","12":"first","13":"instock","14":"taxable","15":"shipping-taxable","16":"purchasable","17":"product-type-simple"},"_links":{"self":[{"href":"https:\/\/bigbuy.tupique.com\/pt\/wp-json\/wp\/v2\/product\/66484","targetHints":{"allow":["GET"]}}],"collection":[{"href":"https:\/\/bigbuy.tupique.com\/pt\/wp-json\/wp\/v2\/product"}],"about":[{"href":"https:\/\/bigbuy.tupique.com\/pt\/wp-json\/wp\/v2\/types\/product"}],"replies":[{"embeddable":true,"href":"https:\/\/bigbuy.tupique.com\/pt\/wp-json\/wp\/v2\/comments?post=66484"}],"wp:featuredmedia":[{"embeddable":true,"href":"https:\/\/bigbuy.tupique.com\/pt\/wp-json\/wp\/v2\/media\/66467"}],"wp:attachment":[{"href":"https:\/\/bigbuy.tupique.com\/pt\/wp-json\/wp\/v2\/media?parent=66484"}],"wp:term":[{"taxonomy":"product_brand","embeddable":true,"href":"https:\/\/bigbuy.tupique.com\/pt\/wp-json\/wp\/v2\/product_brand?post=66484"},{"taxonomy":"product_cat","embeddable":true,"href":"https:\/\/bigbuy.tupique.com\/pt\/wp-json\/wp\/v2\/product_cat?post=66484"},{"taxonomy":"product_tag","embeddable":true,"href":"https:\/\/bigbuy.tupique.com\/pt\/wp-json\/wp\/v2\/product_tag?post=66484"}],"curies":[{"name":"wp","href":"https:\/\/api.w.org\/{rel}","templated":true}]}}