{"id":66466,"date":"2026-04-01T21:27:49","date_gmt":"2026-04-01T20:27:49","guid":{"rendered":"https:\/\/bigbuy.tupique.com\/produto\/washing-machine-teka-wmk70940-9-kg\/"},"modified":"2026-04-15T07:02:11","modified_gmt":"2026-04-15T06:02:11","slug":"washing-machine-teka-wmk70940-9-kg","status":"publish","type":"product","link":"https:\/\/bigbuy.tupique.com\/pt\/produto\/washing-machine-teka-wmk70940-9-kg\/","title":{"rendered":"Machine \u00e0 laver Teka WMK70940 9 kg"},"content":{"rendered":"<p>Si vous \u00eates \u00e0 la recherche de nouvelles tendances sur le march\u00e9, nous vous pr\u00e9sentons <b>Machine \u00e0 laver Teka WMK70940 9 kg<\/b> !<\/p>\n<p>La <b>Teka WMK70940<\/b> est une <b>machine \u00e0 laver<\/b> \u00e0 chargement frontal con\u00e7ue pour s&#8217;int\u00e9grer efficacement sous un plan de travail, ce qui en fait une option particuli\u00e8rement adapt\u00e9e aux cuisines modernes ou aux espaces de lavage compacts. Finition en \u00e9l\u00e9gant <b>blanc<\/b> et fabriqu\u00e9e en <b>acier inoxydable<\/b>, elle se distingue par sa robustesse et son esth\u00e9tique intemporelle, garantissant r\u00e9sistance et durabilit\u00e9 \u00e0 l&#8217;usage quotidien. Elle b\u00e9n\u00e9ficie d&#8217;une <b>classe \u00e9nerg\u00e9tique A<\/b>, ce qui implique une faible consommation \u00e9lectrique, la positionnant comme un choix responsable et \u00e9conomique \u00e0 long terme pour ceux qui souhaitent r\u00e9duire leur empreinte carbone et leurs d\u00e9penses \u00e9nerg\u00e9tiques mensuelles. Son <b>panneau de commande tactile<\/b> facilite la s\u00e9lection et le r\u00e9glage intuitif des programmes, offrant une exp\u00e9rience d&#8217;utilisation moderne, sans complications, compatible avec les utilisateurs pr\u00e9f\u00e9rant une interaction en <b>espagnol<\/b>. Le syst\u00e8me de chargement <b>frontal<\/b> permet un acc\u00e8s facile au tambour, optimisant \u00e0 la fois le confort lors du chargement du linge et l&#8217;efficacit\u00e9 du cycle de lavage, tandis que le tambour en acier inoxydable assure une performance fiable et prot\u00e8ge les v\u00eatements de l&#8217;usure. Ce mod\u00e8le souligne l&#8217;engagement de Teka pour la fonctionnalit\u00e9, la durabilit\u00e9 et l&#8217;innovation dans le soin du linge, offrant une solution pratique et efficace pour les besoins quotidiens du foyer.<\/p>\n<ul>\n<li>Type d&#8217;installation: Sous le plan de travail<\/li>\n<li>Produit \u00e0 brancher: Oui<\/li>\n<li>Langue: Espagnol<\/li>\n<li>Type de prise: Prise EU<\/li>\n<li>vitesse: 1400 rpm<\/li>\n<li>Bloc d\u2019Alimentation: r\u00e9seau \u00e9lectrique<\/li>\n<li>Classification \u00e9nerg\u00e9tique: A<\/li>\n<li>Niveau sonore: 72 dB<\/li>\n<li>Capacit\u00e9: 9 kg<\/li>\n<li>Couleur: Blanc<\/li>\n<li>Mati\u00e8re: Acier inoxydable<\/li>\n<li>Programmes:\n<ul>\n<li>14<\/li>\n<li>Coton<\/li>\n<li>Centrifugation<\/li>\n<li>Laine<\/li>\n<li>Rapide<\/li>\n<li>Literie<\/li>\n<li>ECO<\/li>\n<li>Sport<\/li>\n<li>Lavage anti-allergique<\/li>\n<\/ul>\n<\/li>\n<li>Type de charge: Frontal<\/li>\n<li>Caract\u00e9ristiques: Commande tactile<\/li>\n<li>Quantit\u00e9 de programmes automatiques: 15<\/li>\n<\/ul>","protected":false},"excerpt":{"rendered":"<p><span class=\"unit-info\">68.6656 &euro; \/ 1 kg<\/span><\/p>","protected":false},"featured_media":66463,"comment_status":"open","ping_status":"closed","template":"","meta":[],"product_brand":[667],"product_cat":[239,240,751],"product_tag":[],"class_list":{"0":"post-66466","1":"product","2":"type-product","3":"status-publish","4":"has-post-thumbnail","6":"product_brand-brandp_1172","7":"product_cat-maison-jardin","8":"product_cat-nettoyage-aspirateur-et-repassage","9":"product_cat-seche-linge-fers-a-repasser-sechoirs","11":"first","12":"instock","13":"taxable","14":"shipping-taxable","15":"purchasable","16":"product-type-simple"},"_links":{"self":[{"href":"https:\/\/bigbuy.tupique.com\/pt\/wp-json\/wp\/v2\/product\/66466","targetHints":{"allow":["GET"]}}],"collection":[{"href":"https:\/\/bigbuy.tupique.com\/pt\/wp-json\/wp\/v2\/product"}],"about":[{"href":"https:\/\/bigbuy.tupique.com\/pt\/wp-json\/wp\/v2\/types\/product"}],"replies":[{"embeddable":true,"href":"https:\/\/bigbuy.tupique.com\/pt\/wp-json\/wp\/v2\/comments?post=66466"}],"wp:featuredmedia":[{"embeddable":true,"href":"https:\/\/bigbuy.tupique.com\/pt\/wp-json\/wp\/v2\/media\/66463"}],"wp:attachment":[{"href":"https:\/\/bigbuy.tupique.com\/pt\/wp-json\/wp\/v2\/media?parent=66466"}],"wp:term":[{"taxonomy":"product_brand","embeddable":true,"href":"https:\/\/bigbuy.tupique.com\/pt\/wp-json\/wp\/v2\/product_brand?post=66466"},{"taxonomy":"product_cat","embeddable":true,"href":"https:\/\/bigbuy.tupique.com\/pt\/wp-json\/wp\/v2\/product_cat?post=66466"},{"taxonomy":"product_tag","embeddable":true,"href":"https:\/\/bigbuy.tupique.com\/pt\/wp-json\/wp\/v2\/product_tag?post=66466"}],"curies":[{"name":"wp","href":"https:\/\/api.w.org\/{rel}","templated":true}]}}