{"id":66288,"date":"2026-04-01T21:16:05","date_gmt":"2026-04-01T20:16:05","guid":{"rendered":"https:\/\/bigbuy.tupique.com\/produto\/gas-hob-bosch-ppq7a6i40-75-cm-15-m\/"},"modified":"2026-04-15T06:26:49","modified_gmt":"2026-04-15T05:26:49","slug":"gas-hob-bosch-ppq7a6i40-75-cm-15-m","status":"publish","type":"product","link":"https:\/\/bigbuy.tupique.com\/pt\/produto\/gas-hob-bosch-ppq7a6i40-75-cm-15-m\/","title":{"rendered":"Plaque au gaz BOSCH PPQ7A6I40 75 cm 1,5 m"},"content":{"rendered":"<p>Si vous \u00eates \u00e0 la recherche de nouvelles tendances sur le march\u00e9, nous vous pr\u00e9sentons <b>Plaque au gaz BOSCH PPQ7A6I40 75 cm 1,5 m<\/b> !<\/p>\n<p>La <b>PPQ7A6I40 de BOSCH<\/b> est une <b>plaque de cuisson \u00e0 gaz<\/b> de haute qualit\u00e9, con\u00e7ue pour ceux qui recherchent une solution efficace et polyvalente dans la cuisine domestique. Cette plaque offre une <b>largeur de 75 cm<\/b>, assurant un espace g\u00e9n\u00e9reux pour cuisiner plusieurs plats simultan\u00e9ment gr\u00e2ce \u00e0 ses <b>cinq zones de cuisson<\/b>, optimisant la disposition des casseroles de diff\u00e9rentes tailles. Avec une <b>puissance totale de 11 500 W<\/b>, cette table de cuisson se distingue par sa capacit\u00e9 \u00e0 atteindre rapidement la temp\u00e9rature souhait\u00e9e et \u00e0 maintenir un contr\u00f4le pr\u00e9cis de la chaleur, id\u00e9ale pour diverses techniques culinaires, de l\u2019\u00e9bullition au mijotage ou au saut\u00e9. Le <b>contr\u00f4le rotatif<\/b> est intuitif et permet un r\u00e9glage direct et simple, convenant aussi bien aux cuisiniers exp\u00e9riment\u00e9s qu\u2019aux utilisateurs occasionnels. Son design en <b>noir<\/b> lui conf\u00e8re un aspect moderne et \u00e9l\u00e9gant, s\u2019int\u00e9grant facilement dans les cuisines contemporaines et facilitant le nettoyage quotidien. Le format <b>encastrable<\/b> et la disposition <b>ronde<\/b> des br\u00fbleurs am\u00e9liorent l\u2019organisation de l\u2019espace, permettant un acc\u00e8s ais\u00e9 \u00e0 chaque zone de cuisson. Fabriqu\u00e9e selon les normes de s\u00e9curit\u00e9 en vigueur en Espagne, cette plaque BOSCH constitue une option robuste et fiable pour ceux qui privil\u00e9gient la performance et la durabilit\u00e9 de leur \u00e9quipement de cuisine. En r\u00e9sum\u00e9, la BOSCH PPQ7A6I40 associe fonctionnalit\u00e9 avanc\u00e9e, design sophistiqu\u00e9 et gestion efficace de l\u2019espace, se positionnant comme une solution id\u00e9ale pour les foyers exigeant qualit\u00e9 et flexibilit\u00e9 dans leur quotidien culinaire.<\/p>\n<ul>\n<li>Produit \u00e0 brancher: Oui<\/li>\n<li>Type de prise: Prise EU<\/li>\n<li>Type:\n<ul>\n<li>Plaque au gaz<\/li>\n<li>Int\u00e9gr\u00e9<\/li>\n<\/ul>\n<\/li>\n<li>Bloc d\u2019Alimentation:\n<ul>\n<li>r\u00e9seau \u00e9lectrique<\/li>\n<li>Gaz<\/li>\n<\/ul>\n<\/li>\n<li>Couleur: Noir<\/li>\n<li>Largeur: 75 cm<\/li>\n<li>Forme: Rond<\/li>\n<li>Zones de cuisson: 5<\/li>\n<li>Longueur du c\u00e2ble: 1 m<\/li>\n<li>Type de carburant: Gaz<\/li>\n<li>Fr\u00e9quence: 50 &#8211; 60 Hz<\/li>\n<li>puissance: 1,5 m<\/li>\n<li>Tension: 220-240 V<\/li>\n<li>Long: 52 cm<\/li>\n<li>\u00c9cran integr\u00e9: Non<\/li>\n<\/ul>\n<p>Informations importantes: En ce qui concerne le raccordement au gaz, il convient de respecter les r\u00e9glementations nationales en vigueur..<\/p>","protected":false},"excerpt":{"rendered":"<p>Si vous \u00eates \u00e0 la recherche de nouvelles tendances sur le march\u00e9, nous vous pr\u00e9sentons Plaque au gaz BOSCH PPQ7A6I40 75 cm 1,5 m ! La PPQ7A6I40 de BOSCH est une plaque de cuisson \u00e0 gaz de haute qualit\u00e9, con\u00e7ue pour ceux qui recherchent une solution efficace et polyvalente dans la cuisine domestique. Cette plaque [&hellip;]<\/p>\n","protected":false},"featured_media":66271,"comment_status":"open","ping_status":"closed","template":"","meta":[],"product_brand":[162],"product_cat":[60,77,78],"product_tag":[55,56],"class_list":{"0":"post-66288","1":"product","2":"type-product","3":"status-publish","4":"has-post-thumbnail","6":"product_brand-brandp_959","7":"product_cat-cuisine-gourmet","8":"product_cat-petit-electromenager","9":"product_cat-plaques-de-cuisson","10":"product_tag-tag_926","11":"product_tag-tag_930","13":"first","14":"instock","15":"taxable","16":"shipping-taxable","17":"purchasable","18":"product-type-simple"},"_links":{"self":[{"href":"https:\/\/bigbuy.tupique.com\/pt\/wp-json\/wp\/v2\/product\/66288","targetHints":{"allow":["GET"]}}],"collection":[{"href":"https:\/\/bigbuy.tupique.com\/pt\/wp-json\/wp\/v2\/product"}],"about":[{"href":"https:\/\/bigbuy.tupique.com\/pt\/wp-json\/wp\/v2\/types\/product"}],"replies":[{"embeddable":true,"href":"https:\/\/bigbuy.tupique.com\/pt\/wp-json\/wp\/v2\/comments?post=66288"}],"wp:featuredmedia":[{"embeddable":true,"href":"https:\/\/bigbuy.tupique.com\/pt\/wp-json\/wp\/v2\/media\/66271"}],"wp:attachment":[{"href":"https:\/\/bigbuy.tupique.com\/pt\/wp-json\/wp\/v2\/media?parent=66288"}],"wp:term":[{"taxonomy":"product_brand","embeddable":true,"href":"https:\/\/bigbuy.tupique.com\/pt\/wp-json\/wp\/v2\/product_brand?post=66288"},{"taxonomy":"product_cat","embeddable":true,"href":"https:\/\/bigbuy.tupique.com\/pt\/wp-json\/wp\/v2\/product_cat?post=66288"},{"taxonomy":"product_tag","embeddable":true,"href":"https:\/\/bigbuy.tupique.com\/pt\/wp-json\/wp\/v2\/product_tag?post=66288"}],"curies":[{"name":"wp","href":"https:\/\/api.w.org\/{rel}","templated":true}]}}