{"id":66108,"date":"2026-04-01T20:59:01","date_gmt":"2026-04-01T19:59:01","guid":{"rendered":"https:\/\/bigbuy.tupique.com\/produto\/dishwasher-beko-steel\/"},"modified":"2026-04-17T00:05:45","modified_gmt":"2026-04-16T23:05:45","slug":"dishwasher-beko-steel","status":"publish","type":"product","link":"https:\/\/bigbuy.tupique.com\/pt\/produto\/dishwasher-beko-steel\/","title":{"rendered":"Lave-vaisselle BEKO Acier"},"content":{"rendered":"<p>Si vous \u00eates \u00e0 la recherche de nouvelles tendances sur le march\u00e9, nous vous pr\u00e9sentons <b>Lave-vaisselle BEKO Acier<\/b> !<\/p>\n<ul>\n<li>Produit \u00e0 brancher: Oui<\/li>\n<li>Type: Lave-vaisselle<\/li>\n<li>Bloc d\u2019Alimentation: r\u00e9seau \u00e9lectrique<\/li>\n<li>Type de prise: Prise EU<\/li>\n<li>Capacit\u00e9 (Nb de couverts): 13<\/li>\n<li>Classification \u00e9nerg\u00e9tique: D<\/li>\n<li>Caract\u00e9ristiques:\n<ul>\n<li>ECO<\/li>\n<li>Finition mate<\/li>\n<\/ul>\n<\/li>\n<li>Type d&#8217;installation: Auto-assemblage<\/li>\n<li>puissance: 1800 W<\/li>\n<li>Finition: Chrome<\/li>\n<li>Programmes:\n<ul>\n<li>6<\/li>\n<li>Intensif<\/li>\n<li>ECO<\/li>\n<\/ul>\n<\/li>\n<li>Couleur: Acier<\/li>\n<li>Fonctions: ECO<\/li>\n<li>\u00c9lev\u00e9: 85 cm<\/li>\n<li>Niveau sonore: 49 dB<\/li>\n<li>Connectivit\u00e9: No<\/li>\n<li>Capacit\u00e9: 13 Couverts<\/li>\n<\/ul>","protected":false},"excerpt":{"rendered":"<p>Si vous \u00eates \u00e0 la recherche de nouvelles tendances sur le march\u00e9, nous vous pr\u00e9sentons Lave-vaisselle BEKO Acier ! Produit \u00e0 brancher: Oui Type: Lave-vaisselle Bloc d\u2019Alimentation: r\u00e9seau \u00e9lectrique Type de prise: Prise EU Capacit\u00e9 (Nb de couverts): 13 Classification \u00e9nerg\u00e9tique: D Caract\u00e9ristiques: ECO Finition mate Type d&#8217;installation: Auto-assemblage puissance: 1800 W Finition: Chrome Programmes: [&hellip;]<\/p>\n","protected":false},"featured_media":66107,"comment_status":"open","ping_status":"closed","template":"","meta":[],"product_brand":[825],"product_cat":[393,60,77],"product_tag":[],"class_list":{"0":"post-66108","1":"product","2":"type-product","3":"status-publish","4":"has-post-thumbnail","6":"product_brand-brandp_1255","7":"product_cat-autres-appareils-de-cuisines","8":"product_cat-cuisine-gourmet","9":"product_cat-petit-electromenager","11":"first","12":"instock","13":"taxable","14":"shipping-taxable","15":"purchasable","16":"product-type-simple"},"_links":{"self":[{"href":"https:\/\/bigbuy.tupique.com\/pt\/wp-json\/wp\/v2\/product\/66108","targetHints":{"allow":["GET"]}}],"collection":[{"href":"https:\/\/bigbuy.tupique.com\/pt\/wp-json\/wp\/v2\/product"}],"about":[{"href":"https:\/\/bigbuy.tupique.com\/pt\/wp-json\/wp\/v2\/types\/product"}],"replies":[{"embeddable":true,"href":"https:\/\/bigbuy.tupique.com\/pt\/wp-json\/wp\/v2\/comments?post=66108"}],"wp:featuredmedia":[{"embeddable":true,"href":"https:\/\/bigbuy.tupique.com\/pt\/wp-json\/wp\/v2\/media\/66107"}],"wp:attachment":[{"href":"https:\/\/bigbuy.tupique.com\/pt\/wp-json\/wp\/v2\/media?parent=66108"}],"wp:term":[{"taxonomy":"product_brand","embeddable":true,"href":"https:\/\/bigbuy.tupique.com\/pt\/wp-json\/wp\/v2\/product_brand?post=66108"},{"taxonomy":"product_cat","embeddable":true,"href":"https:\/\/bigbuy.tupique.com\/pt\/wp-json\/wp\/v2\/product_cat?post=66108"},{"taxonomy":"product_tag","embeddable":true,"href":"https:\/\/bigbuy.tupique.com\/pt\/wp-json\/wp\/v2\/product_tag?post=66108"}],"curies":[{"name":"wp","href":"https:\/\/api.w.org\/{rel}","templated":true}]}}