{"id":66013,"date":"2026-04-01T20:56:29","date_gmt":"2026-04-01T19:56:29","guid":{"rendered":"https:\/\/bigbuy.tupique.com\/produto\/washing-machine-lg-f4x7513tws-13-kg\/"},"modified":"2026-04-15T07:03:45","modified_gmt":"2026-04-15T06:03:45","slug":"washing-machine-lg-f4x7513tws-13-kg","status":"publish","type":"product","link":"https:\/\/bigbuy.tupique.com\/pt\/produto\/washing-machine-lg-f4x7513tws-13-kg\/","title":{"rendered":"Machine \u00e0 laver LG F4X7513TWS 13 kg"},"content":{"rendered":"<p>Si vous \u00eates \u00e0 la recherche de nouvelles tendances sur le march\u00e9, nous vous pr\u00e9sentons <b>Machine \u00e0 laver LG F4X7513TWS 13 kg<\/b> !<\/p>\n<ul>\n<li>Type d&#8217;installation: Sous le plan de travail<\/li>\n<li>Produit \u00e0 brancher: Oui<\/li>\n<li>Langue: Espagnol<\/li>\n<li>vitesse: 1400 rpm<\/li>\n<li>Type de prise: Prise EU<\/li>\n<li>Bloc d\u2019Alimentation: r\u00e9seau \u00e9lectrique<\/li>\n<li>Classification \u00e9nerg\u00e9tique: A<\/li>\n<li>Couleur: Blanc<\/li>\n<li>Mati\u00e8re: Acier inoxydable<\/li>\n<li>Type de charge: Frontal<\/li>\n<li>Caract\u00e9ristiques: Commande tactile<\/li>\n<li>Capacit\u00e9: 13 kg<\/li>\n<\/ul>","protected":false},"excerpt":{"rendered":"<p><span class=\"unit-info\">99.2300 &euro; \/ 1 kg<\/span><\/p>","protected":false},"featured_media":66007,"comment_status":"open","ping_status":"closed","template":"","meta":[],"product_brand":[662],"product_cat":[239,240,751],"product_tag":[],"class_list":{"0":"post-66013","1":"product","2":"type-product","3":"status-publish","4":"has-post-thumbnail","6":"product_brand-brandp_559","7":"product_cat-maison-jardin","8":"product_cat-nettoyage-aspirateur-et-repassage","9":"product_cat-seche-linge-fers-a-repasser-sechoirs","11":"first","12":"instock","13":"taxable","14":"shipping-taxable","15":"purchasable","16":"product-type-simple"},"_links":{"self":[{"href":"https:\/\/bigbuy.tupique.com\/pt\/wp-json\/wp\/v2\/product\/66013","targetHints":{"allow":["GET"]}}],"collection":[{"href":"https:\/\/bigbuy.tupique.com\/pt\/wp-json\/wp\/v2\/product"}],"about":[{"href":"https:\/\/bigbuy.tupique.com\/pt\/wp-json\/wp\/v2\/types\/product"}],"replies":[{"embeddable":true,"href":"https:\/\/bigbuy.tupique.com\/pt\/wp-json\/wp\/v2\/comments?post=66013"}],"wp:featuredmedia":[{"embeddable":true,"href":"https:\/\/bigbuy.tupique.com\/pt\/wp-json\/wp\/v2\/media\/66007"}],"wp:attachment":[{"href":"https:\/\/bigbuy.tupique.com\/pt\/wp-json\/wp\/v2\/media?parent=66013"}],"wp:term":[{"taxonomy":"product_brand","embeddable":true,"href":"https:\/\/bigbuy.tupique.com\/pt\/wp-json\/wp\/v2\/product_brand?post=66013"},{"taxonomy":"product_cat","embeddable":true,"href":"https:\/\/bigbuy.tupique.com\/pt\/wp-json\/wp\/v2\/product_cat?post=66013"},{"taxonomy":"product_tag","embeddable":true,"href":"https:\/\/bigbuy.tupique.com\/pt\/wp-json\/wp\/v2\/product_tag?post=66013"}],"curies":[{"name":"wp","href":"https:\/\/api.w.org\/{rel}","templated":true}]}}