{"id":66000,"date":"2026-04-01T20:56:08","date_gmt":"2026-04-01T19:56:08","guid":{"rendered":"https:\/\/bigbuy.tupique.com\/produto\/superautomatic-coffee-maker-rowenta-ea8708-15-bar-black\/"},"modified":"2026-04-15T07:03:22","modified_gmt":"2026-04-15T06:03:22","slug":"superautomatic-coffee-maker-rowenta-ea8708-15-bar-black","status":"publish","type":"product","link":"https:\/\/bigbuy.tupique.com\/pt\/produto\/superautomatic-coffee-maker-rowenta-ea8708-15-bar-black\/","title":{"rendered":"Cafeti\u00e8re superautomatique Rowenta EA8708 15 bar Noir"},"content":{"rendered":"<p>Si vous \u00eates \u00e0 la recherche de nouvelles tendances sur le march\u00e9, nous vous pr\u00e9sentons <b>Cafeti\u00e8re superautomatique Rowenta EA8708 15 bar Noir<\/b> !<\/p>\n<ul>\n<li>Type:\n<ul>\n<li>Cafeti\u00e8re superautomatique<\/li>\n<li>Cafeti\u00e8re express<\/li>\n<li>Machine \u00e0 espresso<\/li>\n<\/ul>\n<\/li>\n<li>Produit \u00e0 brancher: Oui<\/li>\n<li>Bloc d\u2019Alimentation: r\u00e9seau \u00e9lectrique<\/li>\n<li>Pression: 15 bar<\/li>\n<li>Couleur: Noir<\/li>\n<li>Mati\u00e8re: M\u00e9tal<\/li>\n<li>Type de commande: Boutons<\/li>\n<li>Inclut: Mousseur \u00e0 Lait<\/li>\n<li>Tasses: 2 Tasses<\/li>\n<li>Niveaux de temp\u00e9rature: 3 niveaux<\/li>\n<\/ul>","protected":false},"excerpt":{"rendered":"<p>Si vous \u00eates \u00e0 la recherche de nouvelles tendances sur le march\u00e9, nous vous pr\u00e9sentons Cafeti\u00e8re superautomatique Rowenta EA8708 15 bar Noir ! Type: Cafeti\u00e8re superautomatique Cafeti\u00e8re express Machine \u00e0 espresso Produit \u00e0 brancher: Oui Bloc d\u2019Alimentation: r\u00e9seau \u00e9lectrique Pression: 15 bar Couleur: Noir Mati\u00e8re: M\u00e9tal Type de commande: Boutons Inclut: Mousseur \u00e0 Lait Tasses: [&hellip;]<\/p>\n","protected":false},"featured_media":65991,"comment_status":"open","ping_status":"closed","template":"","meta":[],"product_brand":[1638],"product_cat":[725,60,77],"product_tag":[56],"class_list":{"0":"post-66000","1":"product","2":"type-product","3":"status-publish","4":"has-post-thumbnail","6":"product_brand-brandp_917","7":"product_cat-cafetieres","8":"product_cat-cuisine-gourmet","9":"product_cat-petit-electromenager","10":"product_tag-tag_930","12":"first","13":"instock","14":"taxable","15":"shipping-taxable","16":"purchasable","17":"product-type-simple"},"_links":{"self":[{"href":"https:\/\/bigbuy.tupique.com\/pt\/wp-json\/wp\/v2\/product\/66000","targetHints":{"allow":["GET"]}}],"collection":[{"href":"https:\/\/bigbuy.tupique.com\/pt\/wp-json\/wp\/v2\/product"}],"about":[{"href":"https:\/\/bigbuy.tupique.com\/pt\/wp-json\/wp\/v2\/types\/product"}],"replies":[{"embeddable":true,"href":"https:\/\/bigbuy.tupique.com\/pt\/wp-json\/wp\/v2\/comments?post=66000"}],"wp:featuredmedia":[{"embeddable":true,"href":"https:\/\/bigbuy.tupique.com\/pt\/wp-json\/wp\/v2\/media\/65991"}],"wp:attachment":[{"href":"https:\/\/bigbuy.tupique.com\/pt\/wp-json\/wp\/v2\/media?parent=66000"}],"wp:term":[{"taxonomy":"product_brand","embeddable":true,"href":"https:\/\/bigbuy.tupique.com\/pt\/wp-json\/wp\/v2\/product_brand?post=66000"},{"taxonomy":"product_cat","embeddable":true,"href":"https:\/\/bigbuy.tupique.com\/pt\/wp-json\/wp\/v2\/product_cat?post=66000"},{"taxonomy":"product_tag","embeddable":true,"href":"https:\/\/bigbuy.tupique.com\/pt\/wp-json\/wp\/v2\/product_tag?post=66000"}],"curies":[{"name":"wp","href":"https:\/\/api.w.org\/{rel}","templated":true}]}}