{"id":65825,"date":"2026-04-01T20:39:49","date_gmt":"2026-04-01T19:39:49","guid":{"rendered":"https:\/\/bigbuy.tupique.com\/produto\/dehumidifier-rowenta-dh5260f0-300-w\/"},"modified":"2026-04-15T07:01:01","modified_gmt":"2026-04-15T06:01:01","slug":"dehumidifier-rowenta-dh5260f0-300-w","status":"publish","type":"product","link":"https:\/\/bigbuy.tupique.com\/pt\/produto\/dehumidifier-rowenta-dh5260f0-300-w\/","title":{"rendered":"D\u00e9shumidificateur Rowenta DH5260F0 300 W"},"content":{"rendered":"<p>Si vous \u00eates \u00e0 la recherche de nouvelles tendances sur le march\u00e9, nous vous pr\u00e9sentons <b>D\u00e9shumidificateur Rowenta DH5260F0 300 W<\/b> !<\/p>\n<ul>\n<li>Couleur: Blanc<\/li>\n<li>puissance: 300 W<\/li>\n<\/ul>","protected":false},"excerpt":{"rendered":"<p>Si vous \u00eates \u00e0 la recherche de nouvelles tendances sur le march\u00e9, nous vous pr\u00e9sentons D\u00e9shumidificateur Rowenta DH5260F0 300 W ! Couleur: Blanc puissance: 300 W<\/p>","protected":false},"featured_media":65822,"comment_status":"open","ping_status":"closed","template":"","meta":[],"product_brand":[1638],"product_cat":[732,733,239],"product_tag":[208,210],"class_list":{"0":"post-65825","1":"product","2":"type-product","3":"status-publish","4":"has-post-thumbnail","6":"product_brand-brandp_917","7":"product_cat-climatisation-et-chauffage","8":"product_cat-humidificateurs","9":"product_cat-maison-jardin","10":"product_tag-tag_587","11":"product_tag-tag_25","13":"first","14":"instock","15":"taxable","16":"shipping-taxable","17":"purchasable","18":"product-type-simple"},"_links":{"self":[{"href":"https:\/\/bigbuy.tupique.com\/pt\/wp-json\/wp\/v2\/product\/65825","targetHints":{"allow":["GET"]}}],"collection":[{"href":"https:\/\/bigbuy.tupique.com\/pt\/wp-json\/wp\/v2\/product"}],"about":[{"href":"https:\/\/bigbuy.tupique.com\/pt\/wp-json\/wp\/v2\/types\/product"}],"replies":[{"embeddable":true,"href":"https:\/\/bigbuy.tupique.com\/pt\/wp-json\/wp\/v2\/comments?post=65825"}],"wp:featuredmedia":[{"embeddable":true,"href":"https:\/\/bigbuy.tupique.com\/pt\/wp-json\/wp\/v2\/media\/65822"}],"wp:attachment":[{"href":"https:\/\/bigbuy.tupique.com\/pt\/wp-json\/wp\/v2\/media?parent=65825"}],"wp:term":[{"taxonomy":"product_brand","embeddable":true,"href":"https:\/\/bigbuy.tupique.com\/pt\/wp-json\/wp\/v2\/product_brand?post=65825"},{"taxonomy":"product_cat","embeddable":true,"href":"https:\/\/bigbuy.tupique.com\/pt\/wp-json\/wp\/v2\/product_cat?post=65825"},{"taxonomy":"product_tag","embeddable":true,"href":"https:\/\/bigbuy.tupique.com\/pt\/wp-json\/wp\/v2\/product_tag?post=65825"}],"curies":[{"name":"wp","href":"https:\/\/api.w.org\/{rel}","templated":true}]}}