{"id":65807,"date":"2026-04-01T20:39:18","date_gmt":"2026-04-01T19:39:18","guid":{"rendered":"https:\/\/bigbuy.tupique.com\/produto\/air-conditioning-samsung-far60f18nx-a-a-4300-fg-h-white\/"},"modified":"2026-04-15T06:27:30","modified_gmt":"2026-04-15T05:27:30","slug":"air-conditioning-samsung-far60f18nx-a-a-4300-fg-h-white","status":"publish","type":"product","link":"https:\/\/bigbuy.tupique.com\/pt\/produto\/air-conditioning-samsung-far60f18nx-a-a-4300-fg-h-white\/","title":{"rendered":"Air Conditionn\u00e9 Samsung FAR60F18NX A+\/A++ 4300 fg\/h Blanc"},"content":{"rendered":"<p>Si vous \u00eates \u00e0 la recherche de nouvelles tendances sur le march\u00e9, nous vous pr\u00e9sentons <b>Air Conditionn\u00e9 Samsung FAR60F18NX A+\/A++ 4300 fg\/h Blanc<\/b> !<\/p>\n<ul>\n<li>Classification \u00e9nerg\u00e9tique: A+\/A++<\/li>\n<li>Puissance frigorifique: 4300 fg\/h<\/li>\n<li>Couleur: Blanc<\/li>\n<li>Caract\u00e9ristiques:\n<ul>\n<li>T\u00e9l\u00e9commande<\/li>\n<li>Connectivit\u00e9 des applications mobiles<\/li>\n<li>\u00c9cran integr\u00e9<\/li>\n<li>Facilit\u00e9 d&#8217;utilisation<\/li>\n<li>Temp\u00e9rature r\u00e9glable<\/li>\n<\/ul>\n<\/li>\n<li>Connectivit\u00e9: Wi-Fi<\/li>\n<li>puissance: 4300 fg\/h<\/li>\n<li>Technologie: Split Inverter<\/li>\n<li>Gaz: R32<\/li>\n<li>R\u00e9frig\u00e9rant: R-410<\/li>\n<li>Port\u00e9e: 35 m\u00b2<\/li>\n<\/ul>","protected":false},"excerpt":{"rendered":"<p>Si vous \u00eates \u00e0 la recherche de nouvelles tendances sur le march\u00e9, nous vous pr\u00e9sentons Air Conditionn\u00e9 Samsung FAR60F18NX A+\/A++ 4300 fg\/h Blanc ! Classification \u00e9nerg\u00e9tique: A+\/A++ Puissance frigorifique: 4300 fg\/h Couleur: Blanc Caract\u00e9ristiques: T\u00e9l\u00e9commande Connectivit\u00e9 des applications mobiles \u00c9cran integr\u00e9 Facilit\u00e9 d&#8217;utilisation Temp\u00e9rature r\u00e9glable Connectivit\u00e9: Wi-Fi puissance: 4300 fg\/h Technologie: Split Inverter Gaz: R32 [&hellip;]<\/p>\n","protected":false},"featured_media":65806,"comment_status":"open","ping_status":"closed","template":"","meta":[],"product_brand":[183],"product_cat":[732,1334,239],"product_tag":[721,210],"class_list":{"0":"post-65807","1":"product","2":"type-product","3":"status-publish","4":"has-post-thumbnail","6":"product_brand-brandp_576","7":"product_cat-climatisation-et-chauffage","8":"product_cat-climatiseurs-et-ventilateurs","9":"product_cat-maison-jardin","10":"product_tag-tag_124","11":"product_tag-tag_25","13":"first","14":"instock","15":"taxable","16":"shipping-taxable","17":"purchasable","18":"product-type-simple"},"_links":{"self":[{"href":"https:\/\/bigbuy.tupique.com\/pt\/wp-json\/wp\/v2\/product\/65807","targetHints":{"allow":["GET"]}}],"collection":[{"href":"https:\/\/bigbuy.tupique.com\/pt\/wp-json\/wp\/v2\/product"}],"about":[{"href":"https:\/\/bigbuy.tupique.com\/pt\/wp-json\/wp\/v2\/types\/product"}],"replies":[{"embeddable":true,"href":"https:\/\/bigbuy.tupique.com\/pt\/wp-json\/wp\/v2\/comments?post=65807"}],"wp:featuredmedia":[{"embeddable":true,"href":"https:\/\/bigbuy.tupique.com\/pt\/wp-json\/wp\/v2\/media\/65806"}],"wp:attachment":[{"href":"https:\/\/bigbuy.tupique.com\/pt\/wp-json\/wp\/v2\/media?parent=65807"}],"wp:term":[{"taxonomy":"product_brand","embeddable":true,"href":"https:\/\/bigbuy.tupique.com\/pt\/wp-json\/wp\/v2\/product_brand?post=65807"},{"taxonomy":"product_cat","embeddable":true,"href":"https:\/\/bigbuy.tupique.com\/pt\/wp-json\/wp\/v2\/product_cat?post=65807"},{"taxonomy":"product_tag","embeddable":true,"href":"https:\/\/bigbuy.tupique.com\/pt\/wp-json\/wp\/v2\/product_tag?post=65807"}],"curies":[{"name":"wp","href":"https:\/\/api.w.org\/{rel}","templated":true}]}}