{"id":65803,"date":"2026-04-01T20:39:14","date_gmt":"2026-04-01T19:39:14","guid":{"rendered":"https:\/\/bigbuy.tupique.com\/produto\/smart-tv-sony-k65xr8a-65-4k-ultra-hd-hdr-oled\/"},"modified":"2026-05-11T19:57:22","modified_gmt":"2026-05-11T17:57:22","slug":"smart-tv-sony-k65xr8a-65-4k-ultra-hd-hdr-oled","status":"publish","type":"product","link":"https:\/\/bigbuy.tupique.com\/pt\/produto\/smart-tv-sony-k65xr8a-65-4k-ultra-hd-hdr-oled\/","title":{"rendered":"TV intelligente Sony K65XR8A 65&#8243; 4K Ultra HD HDR OLED"},"content":{"rendered":"<p>Si vous \u00eates \u00e0 la recherche de nouvelles tendances sur le march\u00e9, nous vous pr\u00e9sentons <b>TV intelligente Sony K65XR8A 65&#8243; 4K Ultra HD HDR OLED<\/b> !<\/p>\n<ul>\n<li>Diagonale de l&#8217;\u00e9cran (cm):\n<ul>\n<li>165,1 cm<\/li>\n<li>162,6 cm<\/li>\n<\/ul>\n<\/li>\n<li>Ecran: 65&#8243;<\/li>\n<li>Connectivit\u00e9:\n<ul>\n<li>Wi-Fi<\/li>\n<li>Bluetooth<\/li>\n<li>Bluetooth 5.2<\/li>\n<li>eARC<\/li>\n<\/ul>\n<\/li>\n<li>R\u00e9solution (px): 3840 x 2160 px<\/li>\n<li>Couleur: Noir<\/li>\n<li>Caract\u00e9ristiques:\n<ul>\n<li>Navigation web<\/li>\n<li>TV intelligente<\/li>\n<li>Guide \u00e9lectronique des programmes (EPG)<\/li>\n<li>Apple AirPlay 2<\/li>\n<li>Minuterie d&#8217;arr\u00eat<\/li>\n<li>Canal de retour audio (ARC)<\/li>\n<li>Guide vocal<\/li>\n<li>\u00c9cran plat<\/li>\n<\/ul>\n<\/li>\n<li>Connexions:\n<ul>\n<li>USB 2.0<\/li>\n<li>RJ45<\/li>\n<li>Ethernet LAN<\/li>\n<li>RF x 1<\/li>\n<li>HDCP<\/li>\n<li>CI+<\/li>\n<li>RS-232C x 1<\/li>\n<li>HDMI x 4<\/li>\n<\/ul>\n<\/li>\n<li>Fonctions:\n<ul>\n<li>Navigation<\/li>\n<li>ECO<\/li>\n<\/ul>\n<\/li>\n<li>Rapport d&#8217;aspect: 16:9<\/li>\n<li>Format: 16:9<\/li>\n<li>Classification \u00e9nerg\u00e9tique: E<\/li>\n<li>puissance:\n<ul>\n<li>2100 W<\/li>\n<li>50 W<\/li>\n<\/ul>\n<\/li>\n<li>R\u00e9cepteur:\n<ul>\n<li>Num\u00e9rique<\/li>\n<li>DVB-C,DVB-S,DVB-S2,DVB-T,DVB-T2<\/li>\n<\/ul>\n<\/li>\n<li>Compatibilit\u00e9: Google Assistant<\/li>\n<li>Bloc d\u2019Alimentation: Cordon d&#8217;alimentation CA<\/li>\n<li>Fr\u00e9quence:\n<ul>\n<li>50 Hz<\/li>\n<li>120 Hz<\/li>\n<li>UHF, VHF<\/li>\n<\/ul>\n<\/li>\n<li>TV intelligente: Oui<\/li>\n<li>Compatible:\n<ul>\n<li>Amazon Alexa<\/li>\n<li>Vewd<\/li>\n<\/ul>\n<\/li>\n<li>Inclut:\n<ul>\n<li>T\u00e9l\u00e9commande<\/li>\n<li>Subwoofer<\/li>\n<\/ul>\n<\/li>\n<li>VESA: 30 x 30 cm<\/li>\n<li>Technologie:\n<ul>\n<li>HDR<\/li>\n<li>OLED<\/li>\n<\/ul>\n<\/li>\n<li>R\u00e9solution: 4K Ultra HD<\/li>\n<li>Enregistrement: USB<\/li>\n<li>Tension: 220-240 V<\/li>\n<li>Montage: VESA<\/li>\n<li>Syst\u00e8me d&#8217;exploitation: Google TV<\/li>\n<\/ul>","protected":false},"excerpt":{"rendered":"<p>Si vous \u00eates \u00e0 la recherche de nouvelles tendances sur le march\u00e9, nous vous pr\u00e9sentons TV intelligente Sony K65XR8A 65&#8243; 4K Ultra HD HDR OLED ! Diagonale de l&#8217;\u00e9cran (cm): 165,1 cm 162,6 cm Ecran: 65&#8243; Connectivit\u00e9: Wi-Fi Bluetooth Bluetooth 5.2 eARC R\u00e9solution (px): 3840 x 2160 px Couleur: Noir Caract\u00e9ristiques: Navigation web TV intelligente [&hellip;]<\/p>\n","protected":false},"featured_media":65796,"comment_status":"open","ping_status":"closed","template":"","meta":[],"product_brand":[1245],"product_cat":[589,65,957],"product_tag":[],"class_list":{"0":"post-65803","1":"product","2":"type-product","3":"status-publish","4":"has-post-thumbnail","6":"product_brand-brandp_235","7":"product_cat-electronique-television","8":"product_cat-informatique-electronique","9":"product_cat-televisions-et-smart-tv","11":"first","12":"instock","13":"taxable","14":"shipping-taxable","15":"purchasable","16":"product-type-simple"},"_links":{"self":[{"href":"https:\/\/bigbuy.tupique.com\/pt\/wp-json\/wp\/v2\/product\/65803","targetHints":{"allow":["GET"]}}],"collection":[{"href":"https:\/\/bigbuy.tupique.com\/pt\/wp-json\/wp\/v2\/product"}],"about":[{"href":"https:\/\/bigbuy.tupique.com\/pt\/wp-json\/wp\/v2\/types\/product"}],"replies":[{"embeddable":true,"href":"https:\/\/bigbuy.tupique.com\/pt\/wp-json\/wp\/v2\/comments?post=65803"}],"wp:featuredmedia":[{"embeddable":true,"href":"https:\/\/bigbuy.tupique.com\/pt\/wp-json\/wp\/v2\/media\/65796"}],"wp:attachment":[{"href":"https:\/\/bigbuy.tupique.com\/pt\/wp-json\/wp\/v2\/media?parent=65803"}],"wp:term":[{"taxonomy":"product_brand","embeddable":true,"href":"https:\/\/bigbuy.tupique.com\/pt\/wp-json\/wp\/v2\/product_brand?post=65803"},{"taxonomy":"product_cat","embeddable":true,"href":"https:\/\/bigbuy.tupique.com\/pt\/wp-json\/wp\/v2\/product_cat?post=65803"},{"taxonomy":"product_tag","embeddable":true,"href":"https:\/\/bigbuy.tupique.com\/pt\/wp-json\/wp\/v2\/product_tag?post=65803"}],"curies":[{"name":"wp","href":"https:\/\/api.w.org\/{rel}","templated":true}]}}