{"id":65702,"date":"2026-04-01T20:27:16","date_gmt":"2026-04-01T19:27:16","guid":{"rendered":"https:\/\/bigbuy.tupique.com\/produto\/oven-balay-3hb5159b4\/"},"modified":"2026-04-15T06:25:42","modified_gmt":"2026-04-15T05:25:42","slug":"oven-balay-3hb5159b4","status":"publish","type":"product","link":"https:\/\/bigbuy.tupique.com\/pt\/produto\/oven-balay-3hb5159b4\/","title":{"rendered":"Four Balay 3HB5159B4"},"content":{"rendered":"<p>Si vous \u00eates \u00e0 la recherche de nouvelles tendances sur le march\u00e9, nous vous pr\u00e9sentons <b>Four Balay 3HB5159B4<\/b> !<\/p>\n<p>Le <b>four<\/b> Balay en blanc est une option moderne et efficace con\u00e7ue pour r\u00e9pondre aux besoins de cuisson de toute cuisine domestique, alliant capacit\u00e9 et performance avec une utilisation intuitive et s\u00fbre. Gr\u00e2ce \u00e0 sa <b>classe \u00e9nerg\u00e9tique A+<\/b>, cet appareil se distingue par sa faible consommation d\u2019\u00e9lectricit\u00e9, permettant de pr\u00e9parer des recettes quotidiennes et des plats sp\u00e9ciaux tout en respectant l\u2019environnement et en r\u00e9alisant des \u00e9conomies sur la facture d\u2019\u00e9nergie. Il offre une <b>puissance de 3600\u202fW<\/b> qui facilite l\u2019atteinte et le maintien de la temp\u00e9rature id\u00e9ale pour tous types de r\u00f4tis, p\u00e2tisseries et gratins, tandis que sa <b>grande capacit\u00e9 de 71 litres<\/b> offre suffisamment d\u2019espace pour des plats de grande taille ou pour cuisiner plusieurs pr\u00e9parations en m\u00eame temps, ce qui est particuli\u00e8rement pratique lors de r\u00e9unions familiales ou lorsque l\u2019efficacit\u00e9 est requise. Parmi les fonctionnalit\u00e9s les plus importantes figure la <b>lumi\u00e8re int\u00e9rieure<\/b>, qui permet un contr\u00f4le visuel permanent sans ouvrir la porte, maintenant ainsi une temp\u00e9rature stable et optimisant la cuisson. Le syst\u00e8me de <b>commande rotative<\/b> garantit une utilisation pr\u00e9cise et simple, offrant la possibilit\u00e9 de s\u00e9lectionner rapidement fonctions et temp\u00e9ratures. Son alimentation par <b>secteur<\/b> assure une connexion robuste et fiable, faisant de ce four un appareil s\u00fbr pour un usage quotidien. Le design blanc apporte une touche contemporaine et lumineuse, s\u2019int\u00e9grant facilement \u00e0 diff\u00e9rents styles de cuisine. Ce four Balay repr\u00e9sente un \u00e9quilibre entre fonctionnalit\u00e9, capacit\u00e9 et efficacit\u00e9 pour les utilisateurs qui privil\u00e9gient la praticit\u00e9 et les \u00e9conomies d\u2019\u00e9nergie dans leur cuisine.<\/p>\n<ul>\n<li>Type de four: Four<\/li>\n<li>Produit \u00e0 brancher: Oui<\/li>\n<li>Classification \u00e9nerg\u00e9tique: A+<\/li>\n<li>Type de prise: Prise EU<\/li>\n<li>Caract\u00e9ristiques: Lumi\u00e8re int\u00e9rieure<\/li>\n<li>Type de commande: Plaque Tournante<\/li>\n<li>Couleur: Blanc<\/li>\n<li>Bloc d\u2019Alimentation: r\u00e9seau \u00e9lectrique<\/li>\n<li>puissance: 3600 W<\/li>\n<li>Grill: Oui<\/li>\n<li>Fonctions:\n<ul>\n<li>Cuisson vapeur<\/li>\n<li>Four multifonction<\/li>\n<li>Programmes automatiques<\/li>\n<\/ul>\n<\/li>\n<li>consommation d&#8217;\u00e9nergie: 0,81 kWh<\/li>\n<li>Nettoyage: HydroClean<\/li>\n<li>Technologie: Multifonction<\/li>\n<li>Temp\u00e9rature max.: 275 \u00baC<\/li>\n<li>Capacit\u00e9: 71 L<\/li>\n<li>\u00c9lev\u00e9: 59,5 cm<\/li>\n<li>Connectivit\u00e9: No<\/li>\n<li>Auto-nettoyant: Hydrolyse<\/li>\n<li>Dimensions du trou d\u2019installation: 600 x 560 x 550 mm<\/li>\n<li>Type d&#8217;installation: Int\u00e9gr\u00e9<\/li>\n<\/ul>","protected":false},"excerpt":{"rendered":"<p><span class=\"unit-info\">8.0280 &euro; \/ 1 l<\/span><\/p>","protected":false},"featured_media":65697,"comment_status":"open","ping_status":"closed","template":"","meta":[],"product_brand":[114],"product_cat":[60,747,77],"product_tag":[55],"class_list":{"0":"post-65702","1":"product","2":"type-product","3":"status-publish","4":"has-post-thumbnail","6":"product_brand-brandp_1251","7":"product_cat-cuisine-gourmet","8":"product_cat-fours","9":"product_cat-petit-electromenager","10":"product_tag-tag_926","12":"first","13":"instock","14":"taxable","15":"shipping-taxable","16":"purchasable","17":"product-type-simple"},"_links":{"self":[{"href":"https:\/\/bigbuy.tupique.com\/pt\/wp-json\/wp\/v2\/product\/65702","targetHints":{"allow":["GET"]}}],"collection":[{"href":"https:\/\/bigbuy.tupique.com\/pt\/wp-json\/wp\/v2\/product"}],"about":[{"href":"https:\/\/bigbuy.tupique.com\/pt\/wp-json\/wp\/v2\/types\/product"}],"replies":[{"embeddable":true,"href":"https:\/\/bigbuy.tupique.com\/pt\/wp-json\/wp\/v2\/comments?post=65702"}],"wp:featuredmedia":[{"embeddable":true,"href":"https:\/\/bigbuy.tupique.com\/pt\/wp-json\/wp\/v2\/media\/65697"}],"wp:attachment":[{"href":"https:\/\/bigbuy.tupique.com\/pt\/wp-json\/wp\/v2\/media?parent=65702"}],"wp:term":[{"taxonomy":"product_brand","embeddable":true,"href":"https:\/\/bigbuy.tupique.com\/pt\/wp-json\/wp\/v2\/product_brand?post=65702"},{"taxonomy":"product_cat","embeddable":true,"href":"https:\/\/bigbuy.tupique.com\/pt\/wp-json\/wp\/v2\/product_cat?post=65702"},{"taxonomy":"product_tag","embeddable":true,"href":"https:\/\/bigbuy.tupique.com\/pt\/wp-json\/wp\/v2\/product_tag?post=65702"}],"curies":[{"name":"wp","href":"https:\/\/api.w.org\/{rel}","templated":true}]}}