{"id":65613,"date":"2026-04-01T20:24:42","date_gmt":"2026-04-01T19:24:42","guid":{"rendered":"https:\/\/bigbuy.tupique.com\/produto\/kitchen-extractor-bosch-dln56ac50\/"},"modified":"2026-04-15T06:24:42","modified_gmt":"2026-04-15T05:24:42","slug":"kitchen-extractor-bosch-dln56ac50","status":"publish","type":"product","link":"https:\/\/bigbuy.tupique.com\/pt\/produto\/kitchen-extractor-bosch-dln56ac50\/","title":{"rendered":"Hotte de cuisine BOSCH DLN56AC50"},"content":{"rendered":"<p>Si vous \u00eates \u00e0 la recherche de nouvelles tendances sur le march\u00e9, nous vous pr\u00e9sentons <b>Hotte de cuisine BOSCH DLN56AC50<\/b> !<\/p>\n<ul>\n<li>Type:\n<ul>\n<li>Hotte de cuisine<\/li>\n<li>Int\u00e9gr\u00e9<\/li>\n<\/ul>\n<\/li>\n<li>Produit \u00e0 brancher: Oui<\/li>\n<li>Bloc d\u2019Alimentation: r\u00e9seau \u00e9lectrique<\/li>\n<li>Classification \u00e9nerg\u00e9tique:\n<ul>\n<li>B<\/li>\n<li>A<\/li>\n<\/ul>\n<\/li>\n<li>Mati\u00e8re: Aluminium<\/li>\n<li>Tension:\n<ul>\n<li>240 V<\/li>\n<li>220-240 V<\/li>\n<\/ul>\n<\/li>\n<li>Fr\u00e9quence: 50 Hz<\/li>\n<li>Couleur: Acier<\/li>\n<li>puissance: 250 W<\/li>\n<li>Type de commande: Boutons<\/li>\n<li>Niveau sonore: 66 dB<\/li>\n<li>\u00c9cran integr\u00e9: Non<\/li>\n<li>Amp\u00e9rage: 10 A<\/li>\n<li>Vitesse: 3 vitesses<\/li>\n<\/ul>","protected":false},"excerpt":{"rendered":"<p>Si vous \u00eates \u00e0 la recherche de nouvelles tendances sur le march\u00e9, nous vous pr\u00e9sentons Hotte de cuisine BOSCH DLN56AC50 ! Type: Hotte de cuisine Int\u00e9gr\u00e9 Produit \u00e0 brancher: Oui Bloc d\u2019Alimentation: r\u00e9seau \u00e9lectrique Classification \u00e9nerg\u00e9tique: B A Mati\u00e8re: Aluminium Tension: 240 V 220-240 V Fr\u00e9quence: 50 Hz Couleur: Acier puissance: 250 W Type de [&hellip;]<\/p>\n","protected":false},"featured_media":65597,"comment_status":"open","ping_status":"closed","template":"","meta":[],"product_brand":[162],"product_cat":[60,61,62],"product_tag":[210],"class_list":{"0":"post-65613","1":"product","2":"type-product","3":"status-publish","4":"has-post-thumbnail","6":"product_brand-brandp_959","7":"product_cat-cuisine-gourmet","8":"product_cat-equipement-de-cuisine","9":"product_cat-hottes-de-cuisine","10":"product_tag-tag_25","12":"first","13":"instock","14":"taxable","15":"shipping-taxable","16":"purchasable","17":"product-type-simple"},"_links":{"self":[{"href":"https:\/\/bigbuy.tupique.com\/pt\/wp-json\/wp\/v2\/product\/65613","targetHints":{"allow":["GET"]}}],"collection":[{"href":"https:\/\/bigbuy.tupique.com\/pt\/wp-json\/wp\/v2\/product"}],"about":[{"href":"https:\/\/bigbuy.tupique.com\/pt\/wp-json\/wp\/v2\/types\/product"}],"replies":[{"embeddable":true,"href":"https:\/\/bigbuy.tupique.com\/pt\/wp-json\/wp\/v2\/comments?post=65613"}],"wp:featuredmedia":[{"embeddable":true,"href":"https:\/\/bigbuy.tupique.com\/pt\/wp-json\/wp\/v2\/media\/65597"}],"wp:attachment":[{"href":"https:\/\/bigbuy.tupique.com\/pt\/wp-json\/wp\/v2\/media?parent=65613"}],"wp:term":[{"taxonomy":"product_brand","embeddable":true,"href":"https:\/\/bigbuy.tupique.com\/pt\/wp-json\/wp\/v2\/product_brand?post=65613"},{"taxonomy":"product_cat","embeddable":true,"href":"https:\/\/bigbuy.tupique.com\/pt\/wp-json\/wp\/v2\/product_cat?post=65613"},{"taxonomy":"product_tag","embeddable":true,"href":"https:\/\/bigbuy.tupique.com\/pt\/wp-json\/wp\/v2\/product_tag?post=65613"}],"curies":[{"name":"wp","href":"https:\/\/api.w.org\/{rel}","templated":true}]}}