{"id":65486,"date":"2026-04-01T20:20:53","date_gmt":"2026-04-01T19:20:53","guid":{"rendered":"https:\/\/bigbuy.tupique.com\/produto\/digital-camera-gopro-chdhz-311-rw-black\/"},"modified":"2026-04-15T05:48:20","modified_gmt":"2026-04-15T04:48:20","slug":"digital-camera-gopro-chdhz-311-rw-black","status":"publish","type":"product","link":"https:\/\/bigbuy.tupique.com\/pt\/produto\/digital-camera-gopro-chdhz-311-rw-black\/","title":{"rendered":"Appareil Photo Num\u00e9rique GoPro CHDHZ-311-RW Noir"},"content":{"rendered":"<p>Si vous \u00eates \u00e0 la recherche de nouvelles tendances sur le march\u00e9, nous vous pr\u00e9sentons <b>Appareil Photo Num\u00e9rique GoPro CHDHZ-311-RW Noir<\/b> !<\/p>\n<p>La <b>cam\u00e9ra num\u00e9rique<\/b> GoPro se pr\u00e9sente comme un appareil robuste et polyvalent, sp\u00e9cialement con\u00e7u pour capturer des images et vid\u00e9os en environnements exigeants gr\u00e2ce \u00e0 sa <b>r\u00e9sistance \u00e0 l\u2019eau<\/b> qui permet son utilisation lors d\u2019activit\u00e9s aquatiques et en ext\u00e9rieur sans risque de dommage. Cette cam\u00e9ra offre une qualit\u00e9 d\u2019image sup\u00e9rieure avec une <b>r\u00e9solution maximale de 8K Ultra HD (7680 x 3840 pixels)<\/b>, id\u00e9ale pour obtenir des d\u00e9tails nets et r\u00e9alistes \u00e0 chaque prise. Elle int\u00e8gre un <b>\u00e9cran tactile de 4,62 pouces<\/b> facilitant la navigation et la configuration directement depuis l\u2019appareil, offrant une exp\u00e9rience intuitive et confortable. De plus, elle dispose d\u2019une connectivit\u00e9 sans fil via <b>Bluetooth<\/b> et <b>Wi-Fi<\/b>, permettant un transfert rapide et simple de contenus vers d\u2019autres appareils ou la diffusion en direct. Son design en couleur <b>noir<\/b> apporte une finition moderne et discr\u00e8te, tandis que son <b>microphone int\u00e9gr\u00e9<\/b> garantit une capture sonore claire et directe sans accessoires suppl\u00e9mentaires. La possibilit\u00e9 d\u2019utiliser des cartes m\u00e9moire \u00e0 grande capacit\u00e9 supporte de longues p\u00e9riodes d\u2019enregistrement et un stockage \u00e9tendu. Cette combinaison de caract\u00e9ristiques techniques et de fonctionnalit\u00e9 pratique fait de cette cam\u00e9ra GoPro un outil adapt\u00e9 aux professionnels et amateurs recherchant l\u2019excellence en qualit\u00e9 d\u2019image, r\u00e9sistance et connectivit\u00e9 dans un format compact et maniable. Dans l\u2019ensemble, ce mod\u00e8le se distingue par son \u00e9quilibre entre innovation et durabilit\u00e9, id\u00e9al pour les enregistrements audiovisuels en toutes conditions environnementales.<\/p>\n<ul>\n<li>Produit \u00e0 brancher: Oui<\/li>\n<li>Bloc d\u2019Alimentation: r\u00e9seau \u00e9lectrique<\/li>\n<li>Couleur: Noir<\/li>\n<li>Connectivit\u00e9:\n<ul>\n<li>Wi-Fi<\/li>\n<li>Bluetooth<\/li>\n<li>GPS<\/li>\n<li>Bluetooth Low Energy<\/li>\n<li>Bluetooth 5.3<\/li>\n<\/ul>\n<\/li>\n<li>Caract\u00e9ristiques:\n<ul>\n<li>R\u00e9sistant \u00e0 l&#8217;eau<\/li>\n<li>\u00c9cran LCD<\/li>\n<li>Ecran tactile<\/li>\n<li>Microphone int\u00e9gr\u00e9<\/li>\n<li>\u00c9cran integr\u00e9<\/li>\n<li>Mode nuit<\/li>\n<\/ul>\n<\/li>\n<li>Connexions:\n<ul>\n<li>USB<\/li>\n<li>USB-C<\/li>\n<\/ul>\n<\/li>\n<li>Type de batterie:\n<ul>\n<li>Int\u00e9gr\u00e9e<\/li>\n<li>Batterie au lithium rechargeable<\/li>\n<\/ul>\n<\/li>\n<li>Taille maximale de la carte m\u00e9moire: 1 TB<\/li>\n<li>Cartes M\u00e9moire Compatibles: MicroSD (TransFlash)<\/li>\n<\/ul>","protected":false},"excerpt":{"rendered":"<p>Si vous \u00eates \u00e0 la recherche de nouvelles tendances sur le march\u00e9, nous vous pr\u00e9sentons Appareil Photo Num\u00e9rique GoPro CHDHZ-311-RW Noir ! La cam\u00e9ra num\u00e9rique GoPro se pr\u00e9sente comme un appareil robuste et polyvalent, sp\u00e9cialement con\u00e7u pour capturer des images et vid\u00e9os en environnements exigeants gr\u00e2ce \u00e0 sa r\u00e9sistance \u00e0 l\u2019eau qui permet son utilisation [&hellip;]<\/p>\n","protected":false},"featured_media":65467,"comment_status":"open","ping_status":"closed","template":"","meta":[],"product_brand":[1575],"product_cat":[1064,600,65],"product_tag":[571],"class_list":{"0":"post-65486","1":"product","2":"type-product","3":"status-publish","4":"has-post-thumbnail","6":"product_brand-brandp_1056","7":"product_cat-appareils-photo-compacts","8":"product_cat-electronique-photo-et-video","9":"product_cat-informatique-electronique","10":"product_tag-tag_27","12":"first","13":"instock","14":"taxable","15":"shipping-taxable","16":"purchasable","17":"product-type-simple"},"_links":{"self":[{"href":"https:\/\/bigbuy.tupique.com\/pt\/wp-json\/wp\/v2\/product\/65486","targetHints":{"allow":["GET"]}}],"collection":[{"href":"https:\/\/bigbuy.tupique.com\/pt\/wp-json\/wp\/v2\/product"}],"about":[{"href":"https:\/\/bigbuy.tupique.com\/pt\/wp-json\/wp\/v2\/types\/product"}],"replies":[{"embeddable":true,"href":"https:\/\/bigbuy.tupique.com\/pt\/wp-json\/wp\/v2\/comments?post=65486"}],"wp:featuredmedia":[{"embeddable":true,"href":"https:\/\/bigbuy.tupique.com\/pt\/wp-json\/wp\/v2\/media\/65467"}],"wp:attachment":[{"href":"https:\/\/bigbuy.tupique.com\/pt\/wp-json\/wp\/v2\/media?parent=65486"}],"wp:term":[{"taxonomy":"product_brand","embeddable":true,"href":"https:\/\/bigbuy.tupique.com\/pt\/wp-json\/wp\/v2\/product_brand?post=65486"},{"taxonomy":"product_cat","embeddable":true,"href":"https:\/\/bigbuy.tupique.com\/pt\/wp-json\/wp\/v2\/product_cat?post=65486"},{"taxonomy":"product_tag","embeddable":true,"href":"https:\/\/bigbuy.tupique.com\/pt\/wp-json\/wp\/v2\/product_tag?post=65486"}],"curies":[{"name":"wp","href":"https:\/\/api.w.org\/{rel}","templated":true}]}}