{"id":65401,"date":"2026-04-01T20:12:20","date_gmt":"2026-04-01T19:12:20","guid":{"rendered":"https:\/\/bigbuy.tupique.com\/produto\/dishwasher-lg-df375hvs-steel\/"},"modified":"2026-04-15T05:48:02","modified_gmt":"2026-04-15T04:48:02","slug":"dishwasher-lg-df375hvs-steel","status":"publish","type":"product","link":"https:\/\/bigbuy.tupique.com\/pt\/produto\/dishwasher-lg-df375hvs-steel\/","title":{"rendered":"Lave-vaisselle LG DF375HVS Acier"},"content":{"rendered":"<p>Si vous \u00eates \u00e0 la recherche de nouvelles tendances sur le march\u00e9, nous vous pr\u00e9sentons <b>Lave-vaisselle LG DF375HVS Acier<\/b> !<\/p>\n<ul>\n<li>Produit \u00e0 brancher: Oui<\/li>\n<li>Type: Lave-vaisselle<\/li>\n<li>Largeur: 60 cm<\/li>\n<li>Bloc d\u2019Alimentation: r\u00e9seau \u00e9lectrique<\/li>\n<li>Classification \u00e9nerg\u00e9tique: A<\/li>\n<li>Caract\u00e9ristiques:\n<ul>\n<li>Verrouillage pour enfants<\/li>\n<li>Lumi\u00e8re int\u00e9rieure<\/li>\n<li>\u00c9cran integr\u00e9<\/li>\n<li>Commande tactile<\/li>\n<li>Programmable<\/li>\n<li>Tiroir \u00e0 couverts<\/li>\n<\/ul>\n<\/li>\n<li>Connectivit\u00e9:\n<ul>\n<li>Bluetooth<\/li>\n<li>Wi-Fi<\/li>\n<\/ul>\n<\/li>\n<li>Type d&#8217;installation: Auto-assemblage<\/li>\n<li>Capacit\u00e9 (Nb de couverts): 14<\/li>\n<li>puissance: 1900 W<\/li>\n<li>Finition: Semi-mat<\/li>\n<li>Programmes:\n<ul>\n<li>6<\/li>\n<li>Intensif<\/li>\n<li>ECO<\/li>\n<\/ul>\n<\/li>\n<li>Couleur: Acier<\/li>\n<li>Fonctions:\n<ul>\n<li>ECO<\/li>\n<li>Vapeur<\/li>\n<li>Programmes automatiques<\/li>\n<\/ul>\n<\/li>\n<li>Niveau sonore: 41 dB<\/li>\n<li>\u00c9lev\u00e9: 85 cm<\/li>\n<li>Capacit\u00e9: 14 Couverts<\/li>\n<\/ul>","protected":false},"excerpt":{"rendered":"<p>Si vous \u00eates \u00e0 la recherche de nouvelles tendances sur le march\u00e9, nous vous pr\u00e9sentons Lave-vaisselle LG DF375HVS Acier ! Produit \u00e0 brancher: Oui Type: Lave-vaisselle Largeur: 60 cm Bloc d\u2019Alimentation: r\u00e9seau \u00e9lectrique Classification \u00e9nerg\u00e9tique: A Caract\u00e9ristiques: Verrouillage pour enfants Lumi\u00e8re int\u00e9rieure \u00c9cran integr\u00e9 Commande tactile Programmable Tiroir \u00e0 couverts Connectivit\u00e9: Bluetooth Wi-Fi Type d&#8217;installation: [&hellip;]<\/p>\n","protected":false},"featured_media":65399,"comment_status":"open","ping_status":"closed","template":"","meta":[],"product_brand":[662],"product_cat":[393,60,77],"product_tag":[],"class_list":{"0":"post-65401","1":"product","2":"type-product","3":"status-publish","4":"has-post-thumbnail","6":"product_brand-brandp_559","7":"product_cat-autres-appareils-de-cuisines","8":"product_cat-cuisine-gourmet","9":"product_cat-petit-electromenager","11":"first","12":"instock","13":"taxable","14":"shipping-taxable","15":"purchasable","16":"product-type-simple"},"_links":{"self":[{"href":"https:\/\/bigbuy.tupique.com\/pt\/wp-json\/wp\/v2\/product\/65401","targetHints":{"allow":["GET"]}}],"collection":[{"href":"https:\/\/bigbuy.tupique.com\/pt\/wp-json\/wp\/v2\/product"}],"about":[{"href":"https:\/\/bigbuy.tupique.com\/pt\/wp-json\/wp\/v2\/types\/product"}],"replies":[{"embeddable":true,"href":"https:\/\/bigbuy.tupique.com\/pt\/wp-json\/wp\/v2\/comments?post=65401"}],"wp:featuredmedia":[{"embeddable":true,"href":"https:\/\/bigbuy.tupique.com\/pt\/wp-json\/wp\/v2\/media\/65399"}],"wp:attachment":[{"href":"https:\/\/bigbuy.tupique.com\/pt\/wp-json\/wp\/v2\/media?parent=65401"}],"wp:term":[{"taxonomy":"product_brand","embeddable":true,"href":"https:\/\/bigbuy.tupique.com\/pt\/wp-json\/wp\/v2\/product_brand?post=65401"},{"taxonomy":"product_cat","embeddable":true,"href":"https:\/\/bigbuy.tupique.com\/pt\/wp-json\/wp\/v2\/product_cat?post=65401"},{"taxonomy":"product_tag","embeddable":true,"href":"https:\/\/bigbuy.tupique.com\/pt\/wp-json\/wp\/v2\/product_tag?post=65401"}],"curies":[{"name":"wp","href":"https:\/\/api.w.org\/{rel}","templated":true}]}}