{"id":65350,"date":"2026-04-01T20:10:56","date_gmt":"2026-04-01T19:10:56","guid":{"rendered":"https:\/\/bigbuy.tupique.com\/produto\/condensation-dryer-samsung-dv90dg6845lbu3-black-9-kg\/"},"modified":"2026-04-15T04:46:37","modified_gmt":"2026-04-15T03:46:37","slug":"condensation-dryer-samsung-dv90dg6845lbu3-black-9-kg","status":"publish","type":"product","link":"https:\/\/bigbuy.tupique.com\/pt\/produto\/condensation-dryer-samsung-dv90dg6845lbu3-black-9-kg\/","title":{"rendered":"S\u00e9choir \u00e0 condensation Samsung DV90DG6845LBU3 Noir 9 kg"},"content":{"rendered":"<p>Si vous pensez r\u00e9nover votre cuisine, achetez <b>S\u00e9choir \u00e0 condensation Samsung DV90DG6845LBU3 Noir 9 kg<\/b> et d\u00b4autres <b>produits Samsung<\/b> !<\/p>\n<ul>\n<li>Produit \u00e0 brancher: Oui<\/li>\n<li>Type de prise: Prise EU<\/li>\n<li>Classification \u00e9nerg\u00e9tique:\n<ul>\n<li>A+++<\/li>\n<li>A<\/li>\n<li>B<\/li>\n<\/ul>\n<\/li>\n<li>Couleur: Noir<\/li>\n<li>Capacit\u00e9: 9 kg<\/li>\n<li>Type:\n<ul>\n<li>S\u00e9choir \u00e0 condensation<\/li>\n<li>Pompe \u00e0 chaleur<\/li>\n<\/ul>\n<\/li>\n<li>Bloc d\u2019Alimentation: r\u00e9seau \u00e9lectrique<\/li>\n<li>Largeur: 60 cm<\/li>\n<li>Caract\u00e9ristiques:\n<ul>\n<li>Verrouillage pour enfants<\/li>\n<li>\u00c9cran integr\u00e9<\/li>\n<\/ul>\n<\/li>\n<li>Connectivit\u00e9: Wi-Fi<\/li>\n<li>Direction d&#8217;ouverture: Droite<\/li>\n<li>Type de charge: Frontal<\/li>\n<li>Niveau sonore: 64 dB<\/li>\n<\/ul>","protected":false},"excerpt":{"rendered":"<p><span class=\"unit-info\">107.5544 &euro; \/ 1 kg<\/span><\/p>","protected":false},"featured_media":65348,"comment_status":"open","ping_status":"closed","template":"","meta":[],"product_brand":[183],"product_cat":[239,240,751],"product_tag":[56],"class_list":{"0":"post-65350","1":"product","2":"type-product","3":"status-publish","4":"has-post-thumbnail","6":"product_brand-brandp_576","7":"product_cat-maison-jardin","8":"product_cat-nettoyage-aspirateur-et-repassage","9":"product_cat-seche-linge-fers-a-repasser-sechoirs","10":"product_tag-tag_930","12":"first","13":"instock","14":"taxable","15":"shipping-taxable","16":"purchasable","17":"product-type-simple"},"_links":{"self":[{"href":"https:\/\/bigbuy.tupique.com\/pt\/wp-json\/wp\/v2\/product\/65350","targetHints":{"allow":["GET"]}}],"collection":[{"href":"https:\/\/bigbuy.tupique.com\/pt\/wp-json\/wp\/v2\/product"}],"about":[{"href":"https:\/\/bigbuy.tupique.com\/pt\/wp-json\/wp\/v2\/types\/product"}],"replies":[{"embeddable":true,"href":"https:\/\/bigbuy.tupique.com\/pt\/wp-json\/wp\/v2\/comments?post=65350"}],"wp:featuredmedia":[{"embeddable":true,"href":"https:\/\/bigbuy.tupique.com\/pt\/wp-json\/wp\/v2\/media\/65348"}],"wp:attachment":[{"href":"https:\/\/bigbuy.tupique.com\/pt\/wp-json\/wp\/v2\/media?parent=65350"}],"wp:term":[{"taxonomy":"product_brand","embeddable":true,"href":"https:\/\/bigbuy.tupique.com\/pt\/wp-json\/wp\/v2\/product_brand?post=65350"},{"taxonomy":"product_cat","embeddable":true,"href":"https:\/\/bigbuy.tupique.com\/pt\/wp-json\/wp\/v2\/product_cat?post=65350"},{"taxonomy":"product_tag","embeddable":true,"href":"https:\/\/bigbuy.tupique.com\/pt\/wp-json\/wp\/v2\/product_tag?post=65350"}],"curies":[{"name":"wp","href":"https:\/\/api.w.org\/{rel}","templated":true}]}}