{"id":65230,"date":"2026-04-01T20:07:34","date_gmt":"2026-04-01T19:07:34","guid":{"rendered":"https:\/\/bigbuy.tupique.com\/produto\/smart-tv-lg-55nano81a6a-4k-ultra-hd-55-led\/"},"modified":"2026-04-15T04:09:06","modified_gmt":"2026-04-15T03:09:06","slug":"smart-tv-lg-55nano81a6a-4k-ultra-hd-55-led","status":"publish","type":"product","link":"https:\/\/bigbuy.tupique.com\/pt\/produto\/smart-tv-lg-55nano81a6a-4k-ultra-hd-55-led\/","title":{"rendered":"TV intelligente LG 55NANO81A6A 4K Ultra HD 55&#8243; LED"},"content":{"rendered":"<p>Si vous \u00eates \u00e0 la recherche de nouvelles tendances sur le march\u00e9, nous vous pr\u00e9sentons <b>TV intelligente LG 55NANO81A6A 4K Ultra HD 55&#8243; LED<\/b> !<\/p>\n<p>Le <b>t\u00e9l\u00e9viseur intelligent LG 55NANO81A6A<\/b> est un mod\u00e8le avanc\u00e9 offrant une exp\u00e9rience visuelle de haute qualit\u00e9 gr\u00e2ce \u00e0 son <b>\u00e9cran de 55 pouces<\/b> avec technologie NanoCell, qui am\u00e9liore la pr\u00e9cision des couleurs et le contraste pour des images plus r\u00e9alistes. Il dispose d\u2019une r\u00e9solution <b>4K Ultra HD<\/b> assurant une nettet\u00e9 exceptionnelle et un grand niveau de d\u00e9tail dans chaque sc\u00e8ne, id\u00e9al pour profiter aussi bien de contenus en streaming que des \u00e9missions traditionnelles. Sa <b>classe \u00e9nerg\u00e9tique G<\/b> indique une consommation ma\u00eetris\u00e9e, repr\u00e9sentant un \u00e9quilibre entre puissance et efficacit\u00e9. Ce t\u00e9l\u00e9viseur int\u00e8gre un syst\u00e8me de syntonisation multiple compatible avec les formats <b>DVB-C, DVB-S, DVB-S2, DVB-T et DVB-T2<\/b>, ainsi qu\u2019avec la syntonisation analogique et num\u00e9rique, garantissant l\u2019acc\u00e8s \u00e0 une large vari\u00e9t\u00e9 de cha\u00eenes, adapt\u00e9 \u00e0 diff\u00e9rents syst\u00e8mes de diffusion. C\u00f4t\u00e9 fonctionnalit\u00e9s, il dispose d\u2019une <b>connectivit\u00e9 WiFi<\/b> int\u00e9gr\u00e9e, facilitant la navigation web et l\u2019acc\u00e8s aux services et applications propres \u00e0 un <b>Smart TV<\/b>, comme les plateformes de vid\u00e9o \u00e0 la demande et les guides \u00e9lectroniques de programmes (EPG). Son design pr\u00e9sente une finition \u00e9l\u00e9gante <b>noire<\/b> qui s\u2019int\u00e8gre dans tout environnement, tandis que des fonctions suppl\u00e9mentaires comme le t\u00e9l\u00e9texte et le mode ECO contribuent \u00e0 une exp\u00e9rience pratique et efficace. Ce t\u00e9l\u00e9viseur combine technologie avanc\u00e9e et options de syntonisation polyvalentes, constituant une solution adapt\u00e9e pour ceux qui recherchent qualit\u00e9 d\u2019image, connectivit\u00e9 et consommation \u00e9quilibr\u00e9e dans un appareil de taille moyenne.<\/p>\n<ul>\n<li>Connectivit\u00e9: Wi-Fi<\/li>\n<li>Classification \u00e9nerg\u00e9tique: G<\/li>\n<li>Technologie:\n<ul>\n<li>LED<\/li>\n<li>HDR10<\/li>\n<li>NanoCell<\/li>\n<\/ul>\n<\/li>\n<li>Ecran: 55&#8243;<\/li>\n<li>Connexions:\n<ul>\n<li>USB x 2<\/li>\n<li>HDMI x 3<\/li>\n<\/ul>\n<\/li>\n<li>R\u00e9solution: 4K Ultra HD<\/li>\n<li>Dispositif intelligent: Technologie IA qui apprend et s&#8217;adapte \u00e0 vos habitudes pour vous offrir une exp\u00e9rience plus intelligente.<\/li>\n<li>Syst\u00e8me d&#8217;exploitation: webOS<\/li>\n<li>Diagonale de l&#8217;\u00e9cran (cm): 139,7 cm<\/li>\n<\/ul>","protected":false},"excerpt":{"rendered":"<p>Si vous \u00eates \u00e0 la recherche de nouvelles tendances sur le march\u00e9, nous vous pr\u00e9sentons TV intelligente LG 55NANO81A6A 4K Ultra HD 55&#8243; LED ! Le t\u00e9l\u00e9viseur intelligent LG 55NANO81A6A est un mod\u00e8le avanc\u00e9 offrant une exp\u00e9rience visuelle de haute qualit\u00e9 gr\u00e2ce \u00e0 son \u00e9cran de 55 pouces avec technologie NanoCell, qui am\u00e9liore la pr\u00e9cision [&hellip;]<\/p>\n","protected":false},"featured_media":65228,"comment_status":"open","ping_status":"closed","template":"","meta":[],"product_brand":[662],"product_cat":[589,65,957],"product_tag":[],"class_list":{"0":"post-65230","1":"product","2":"type-product","3":"status-publish","4":"has-post-thumbnail","6":"product_brand-brandp_559","7":"product_cat-electronique-television","8":"product_cat-informatique-electronique","9":"product_cat-televisions-et-smart-tv","11":"first","12":"instock","13":"taxable","14":"shipping-taxable","15":"purchasable","16":"product-type-simple"},"_links":{"self":[{"href":"https:\/\/bigbuy.tupique.com\/pt\/wp-json\/wp\/v2\/product\/65230","targetHints":{"allow":["GET"]}}],"collection":[{"href":"https:\/\/bigbuy.tupique.com\/pt\/wp-json\/wp\/v2\/product"}],"about":[{"href":"https:\/\/bigbuy.tupique.com\/pt\/wp-json\/wp\/v2\/types\/product"}],"replies":[{"embeddable":true,"href":"https:\/\/bigbuy.tupique.com\/pt\/wp-json\/wp\/v2\/comments?post=65230"}],"wp:featuredmedia":[{"embeddable":true,"href":"https:\/\/bigbuy.tupique.com\/pt\/wp-json\/wp\/v2\/media\/65228"}],"wp:attachment":[{"href":"https:\/\/bigbuy.tupique.com\/pt\/wp-json\/wp\/v2\/media?parent=65230"}],"wp:term":[{"taxonomy":"product_brand","embeddable":true,"href":"https:\/\/bigbuy.tupique.com\/pt\/wp-json\/wp\/v2\/product_brand?post=65230"},{"taxonomy":"product_cat","embeddable":true,"href":"https:\/\/bigbuy.tupique.com\/pt\/wp-json\/wp\/v2\/product_cat?post=65230"},{"taxonomy":"product_tag","embeddable":true,"href":"https:\/\/bigbuy.tupique.com\/pt\/wp-json\/wp\/v2\/product_tag?post=65230"}],"curies":[{"name":"wp","href":"https:\/\/api.w.org\/{rel}","templated":true}]}}