{"id":65220,"date":"2026-04-01T20:07:21","date_gmt":"2026-04-01T19:07:21","guid":{"rendered":"https:\/\/bigbuy.tupique.com\/produto\/smart-tv-tcl-55c6k-4k-ultra-hd-55-hdr-qled\/"},"modified":"2026-05-11T19:56:59","modified_gmt":"2026-05-11T17:56:59","slug":"smart-tv-tcl-55c6k-4k-ultra-hd-55-hdr-qled","status":"publish","type":"product","link":"https:\/\/bigbuy.tupique.com\/pt\/produto\/smart-tv-tcl-55c6k-4k-ultra-hd-55-hdr-qled\/","title":{"rendered":"TV intelligente TCL 55C6K 4K Ultra HD 55&#8243; HDR QLED"},"content":{"rendered":"<p>Si vous \u00eates \u00e0 la recherche de nouvelles tendances sur le march\u00e9, nous vous pr\u00e9sentons <b>TV intelligente TCL 55C6K 4K Ultra HD 55&#8243; HDR QLED<\/b> !<\/p>\n<p>Le <b>TCL 55C6K<\/b> est un <b>Smart TV de 55 pouces<\/b> qui offre une exp\u00e9rience visuelle avanc\u00e9e gr\u00e2ce \u00e0 sa <b>r\u00e9solution 4K Ultra HD (3840 x 2160 pixels)<\/b> et \u00e0 la technologie de dalle <b>MiniLED<\/b>, garantissant un contraste sup\u00e9rieur et une reproduction pr\u00e9cise des couleurs dans les tons <b>noirs<\/b>. Ce t\u00e9l\u00e9viseur int\u00e8gre un syst\u00e8me d\u2019exploitation <b>Google TV<\/b>, facilitant l\u2019acc\u00e8s aux applications, services de streaming et navigation web, pour une utilisation fluide et personnalis\u00e9e. \u00c9quip\u00e9 de technologies comme <b>AMD FreeSync<\/b>, il am\u00e9liore la fluidit\u00e9 des sc\u00e8nes rapides, particuli\u00e8rement utile pour les jeux vid\u00e9o. Il se distingue par sa connectivit\u00e9 <b>Wi-Fi<\/b> et sa compatibilit\u00e9 avec <b>Miracast<\/b>, permettant la diffusion sans fil de contenus depuis des appareils mobiles. C\u00f4t\u00e9 son, il offre une puissance estim\u00e9e de <b>40W RMS<\/b>, adapt\u00e9e \u00e0 un usage domestique. Ce mod\u00e8le int\u00e8gre \u00e9galement un tuner hybride supportant les formats <b>DVB-C, DVB-S2, DVB-T2<\/b> en signal analogique et num\u00e9rique, \u00e9largissant sa polyvalence pour diff\u00e9rents types d\u2019\u00e9mission. Il propose des fonctions suppl\u00e9mentaires telles que la r\u00e9duction du bruit et un \u00e9galiseur pour optimiser la qualit\u00e9 audiovisuelle. Sa classification \u00e9nerg\u00e9tique est <b>F<\/b>, un crit\u00e8re important pour la consommation \u00e9lectrique. En r\u00e9sum\u00e9, le TCL 55C6K combine technologie d\u2019image avanc\u00e9e, connectivit\u00e9 polyvalente et fonctionnalit\u00e9s Smart TV dans un design moderne et plat, con\u00e7u pour offrir un divertissement complet \u00e0 domicile.<\/p>\n<ul>\n<li>Diagonale de l&#8217;\u00e9cran (cm): 139,7 cm<\/li>\n<li>Classification \u00e9nerg\u00e9tique: F<\/li>\n<li>Connectivit\u00e9:\n<ul>\n<li>Wi-Fi<\/li>\n<li>Bluetooth<\/li>\n<li>Miracast<\/li>\n<li>eARC<\/li>\n<\/ul>\n<\/li>\n<li>Son: 40 W<\/li>\n<li>R\u00e9solution (px): 3840 x 2160 px<\/li>\n<li>Couleur: Noir<\/li>\n<li>Caract\u00e9ristiques:\n<ul>\n<li>ECO<\/li>\n<li>TV intelligente<\/li>\n<li>Guide \u00e9lectronique des programmes (EPG)<\/li>\n<li>3 Haut-parleurs<\/li>\n<li>Canal de retour audio (ARC)<\/li>\n<li>\u00c9cran plat<\/li>\n<\/ul>\n<\/li>\n<li>Rapport d&#8217;aspect: 16:9<\/li>\n<li>Compatibilit\u00e9: Google Assistant<\/li>\n<li>Puissance RMS:\n<ul>\n<li>20 W<\/li>\n<li>40 W<\/li>\n<\/ul>\n<\/li>\n<li>Cha\u00eenes: 2.1<\/li>\n<li>TV intelligente: Oui<\/li>\n<li>Ecran: 55&#8243;<\/li>\n<li>VESA: 30 x 30 cm<\/li>\n<li>Fonctions: Timeshift<\/li>\n<li>Technologie:\n<ul>\n<li>HDR<\/li>\n<li>QLED<\/li>\n<\/ul>\n<\/li>\n<li>R\u00e9solution: 4K Ultra HD<\/li>\n<li>Modes vid\u00e9o support\u00e9s: 2160p<\/li>\n<li>Connexions: HDCP<\/li>\n<li>Inclut: Subwoofer<\/li>\n<li>Montage: VESA<\/li>\n<li>Syst\u00e8me d&#8217;exploitation: Google TV<\/li>\n<\/ul>","protected":false},"excerpt":{"rendered":"<p>Si vous \u00eates \u00e0 la recherche de nouvelles tendances sur le march\u00e9, nous vous pr\u00e9sentons TV intelligente TCL 55C6K 4K Ultra HD 55&#8243; HDR QLED ! Le TCL 55C6K est un Smart TV de 55 pouces qui offre une exp\u00e9rience visuelle avanc\u00e9e gr\u00e2ce \u00e0 sa r\u00e9solution 4K Ultra HD (3840 x 2160 pixels) et \u00e0 [&hellip;]<\/p>\n","protected":false},"featured_media":65215,"comment_status":"open","ping_status":"closed","template":"","meta":[],"product_brand":[1153],"product_cat":[589,65,957],"product_tag":[],"class_list":{"0":"post-65220","1":"product","2":"type-product","3":"status-publish","4":"has-post-thumbnail","6":"product_brand-brandp_3009","7":"product_cat-electronique-television","8":"product_cat-informatique-electronique","9":"product_cat-televisions-et-smart-tv","11":"first","12":"instock","13":"taxable","14":"shipping-taxable","15":"purchasable","16":"product-type-simple"},"_links":{"self":[{"href":"https:\/\/bigbuy.tupique.com\/pt\/wp-json\/wp\/v2\/product\/65220","targetHints":{"allow":["GET"]}}],"collection":[{"href":"https:\/\/bigbuy.tupique.com\/pt\/wp-json\/wp\/v2\/product"}],"about":[{"href":"https:\/\/bigbuy.tupique.com\/pt\/wp-json\/wp\/v2\/types\/product"}],"replies":[{"embeddable":true,"href":"https:\/\/bigbuy.tupique.com\/pt\/wp-json\/wp\/v2\/comments?post=65220"}],"wp:featuredmedia":[{"embeddable":true,"href":"https:\/\/bigbuy.tupique.com\/pt\/wp-json\/wp\/v2\/media\/65215"}],"wp:attachment":[{"href":"https:\/\/bigbuy.tupique.com\/pt\/wp-json\/wp\/v2\/media?parent=65220"}],"wp:term":[{"taxonomy":"product_brand","embeddable":true,"href":"https:\/\/bigbuy.tupique.com\/pt\/wp-json\/wp\/v2\/product_brand?post=65220"},{"taxonomy":"product_cat","embeddable":true,"href":"https:\/\/bigbuy.tupique.com\/pt\/wp-json\/wp\/v2\/product_cat?post=65220"},{"taxonomy":"product_tag","embeddable":true,"href":"https:\/\/bigbuy.tupique.com\/pt\/wp-json\/wp\/v2\/product_tag?post=65220"}],"curies":[{"name":"wp","href":"https:\/\/api.w.org\/{rel}","templated":true}]}}