{"id":65173,"date":"2026-04-01T20:06:05","date_gmt":"2026-04-01T19:06:05","guid":{"rendered":"https:\/\/bigbuy.tupique.com\/produto\/robot-vacuum-cleaner-shark-rv2800zeeu\/"},"modified":"2026-05-11T19:56:50","modified_gmt":"2026-05-11T17:56:50","slug":"robot-vacuum-cleaner-shark-rv2800zeeu","status":"publish","type":"product","link":"https:\/\/bigbuy.tupique.com\/pt\/produto\/robot-vacuum-cleaner-shark-rv2800zeeu\/","title":{"rendered":"Aspirateur robot Shark RV2800ZEEU"},"content":{"rendered":"<p>Si vous aimez prendre soin de chaque d\u00e9tail de votre maison et d&#8217;\u00eatre \u00e0 la derni\u00e8re mode en mati\u00e8re de produits qui vous rendront la vie plus facile, achetez <b>Aspirateur robot Shark RV2800ZEEU<\/b> au meilleur prix.<\/p>\n<p>Le <b>RV2800ZEEU<\/b> de Shark est un <b>robot aspirateur<\/b> con\u00e7u pour offrir un nettoyage efficace et autonome dans tous types de foyers, alliant confort et technologie avanc\u00e9e pour optimiser l\u2019entretien quotidien. Avec une <b>capacit\u00e9 de r\u00e9servoir de 1,7 litre<\/b>, ce mod\u00e8le se distingue par son excellente autonomie, permettant de collecter poussi\u00e8re et salet\u00e9s sans vidanges fr\u00e9quentes, m\u00eame dans des logements de taille moyenne ou grande. Son <b>autonomie d\u2019environ 100 minutes<\/b> garantit des cycles de nettoyage complets dans diff\u00e9rentes pi\u00e8ces, s\u2019adaptant aussi bien aux routines rapides qu\u2019aux nettoyages plus approfondis. Sa <b>forme ronde et son design noir<\/b> lui conf\u00e8rent une apparence moderne et \u00e9l\u00e9gante, facilitant l\u2019acc\u00e8s aux coins et sous les meubles, tandis que sa construction robuste assure durabilit\u00e9 et fiabilit\u00e9 au quotidien. Il offre une exp\u00e9rience personnalis\u00e9e gr\u00e2ce \u00e0 sa fonction <b>programmable<\/b>, permettant de d\u00e9finir des horaires de nettoyage selon les besoins de l\u2019utilisateur directement depuis des appareils <b>smartphone<\/b> compatibles, int\u00e9grant le robot dans l\u2019environnement connect\u00e9 du foyer. Il fonctionne aussi bien sur <b>batterie rechargeable<\/b> que branch\u00e9 au <b>secteur<\/b>, s\u2019adaptant aux pr\u00e9f\u00e9rences et diff\u00e9rents sc\u00e9narios d\u2019utilisation. Shark, marque reconnue pour son engagement envers l\u2019innovation dans les solutions de nettoyage, positionne le RV2800ZEEU dans un segment pratique et fonctionnel, id\u00e9al pour ceux qui souhaitent automatiser le nettoyage de leur maison avec facilit\u00e9 et contr\u00f4le.<\/p>\n<ul>\n<li>Produit \u00e0 brancher: Oui<\/li>\n<li>Type de prise: Prise EU<\/li>\n<li>Bloc d\u2019Alimentation:\n<ul>\n<li>r\u00e9seau \u00e9lectrique<\/li>\n<li>Batterie<\/li>\n<\/ul>\n<\/li>\n<li>Couleur: Noir<\/li>\n<li>Filtre: Lavable<\/li>\n<li>Forme: Rond<\/li>\n<li>Compatible: Smartphones, t\u00e9l\u00e9phones mobiles<\/li>\n<li>Caract\u00e9ristiques: Programmable<\/li>\n<li>Capacit\u00e9: 1,7 L<\/li>\n<li>Largeur: 47,5 cm<\/li>\n<li>Autonomie approx.: 100 minutes<\/li>\n<\/ul>","protected":false},"excerpt":{"rendered":"<p>Si vous aimez prendre soin de chaque d\u00e9tail de votre maison et d&#8217;\u00eatre \u00e0 la derni\u00e8re mode en mati\u00e8re de produits qui vous rendront la vie plus facile, achetez Aspirateur robot Shark RV2800ZEEU au meilleur prix. Le RV2800ZEEU de Shark est un robot aspirateur con\u00e7u pour offrir un nettoyage efficace et autonome dans tous types [&hellip;]<\/p>\n","protected":false},"featured_media":65172,"comment_status":"open","ping_status":"closed","template":"","meta":[],"product_brand":[1078],"product_cat":[762,239,240],"product_tag":[104,56],"class_list":{"0":"post-65173","1":"product","2":"type-product","3":"status-publish","4":"has-post-thumbnail","6":"product_brand-brandp_5354","7":"product_cat-aspirateurs-et-robots","8":"product_cat-maison-jardin","9":"product_cat-nettoyage-aspirateur-et-repassage","10":"product_tag-tag_1279","11":"product_tag-tag_930","13":"first","14":"instock","15":"taxable","16":"shipping-taxable","17":"purchasable","18":"product-type-simple"},"_links":{"self":[{"href":"https:\/\/bigbuy.tupique.com\/pt\/wp-json\/wp\/v2\/product\/65173","targetHints":{"allow":["GET"]}}],"collection":[{"href":"https:\/\/bigbuy.tupique.com\/pt\/wp-json\/wp\/v2\/product"}],"about":[{"href":"https:\/\/bigbuy.tupique.com\/pt\/wp-json\/wp\/v2\/types\/product"}],"replies":[{"embeddable":true,"href":"https:\/\/bigbuy.tupique.com\/pt\/wp-json\/wp\/v2\/comments?post=65173"}],"wp:featuredmedia":[{"embeddable":true,"href":"https:\/\/bigbuy.tupique.com\/pt\/wp-json\/wp\/v2\/media\/65172"}],"wp:attachment":[{"href":"https:\/\/bigbuy.tupique.com\/pt\/wp-json\/wp\/v2\/media?parent=65173"}],"wp:term":[{"taxonomy":"product_brand","embeddable":true,"href":"https:\/\/bigbuy.tupique.com\/pt\/wp-json\/wp\/v2\/product_brand?post=65173"},{"taxonomy":"product_cat","embeddable":true,"href":"https:\/\/bigbuy.tupique.com\/pt\/wp-json\/wp\/v2\/product_cat?post=65173"},{"taxonomy":"product_tag","embeddable":true,"href":"https:\/\/bigbuy.tupique.com\/pt\/wp-json\/wp\/v2\/product_tag?post=65173"}],"curies":[{"name":"wp","href":"https:\/\/api.w.org\/{rel}","templated":true}]}}