{"id":65045,"date":"2026-04-01T19:54:24","date_gmt":"2026-04-01T18:54:24","guid":{"rendered":"https:\/\/bigbuy.tupique.com\/produto\/gas-hob-balay-3etx576cb\/"},"modified":"2026-04-15T07:03:54","modified_gmt":"2026-04-15T06:03:54","slug":"gas-hob-balay-3etx576cb","status":"publish","type":"product","link":"https:\/\/bigbuy.tupique.com\/pt\/produto\/gas-hob-balay-3etx576cb\/","title":{"rendered":"Plaque au gaz Balay 3ETX576CB"},"content":{"rendered":"<p>Si vous \u00eates \u00e0 la recherche de nouvelles tendances sur le march\u00e9, nous vous pr\u00e9sentons <b>Plaque au gaz Balay 3ETX576CB<\/b> !<\/p>\n<ul>\n<li>Produit \u00e0 brancher: Oui<\/li>\n<li>Type d&#8217;installation: Int\u00e9grable<\/li>\n<li>Bloc d\u2019Alimentation:\n<ul>\n<li>Butane<\/li>\n<li>r\u00e9seau \u00e9lectrique<\/li>\n<\/ul>\n<\/li>\n<li>Type de prise: Prise EU<\/li>\n<li>Type: Plaque au gaz<\/li>\n<li>Zones de cuisson: 5<\/li>\n<li>Mati\u00e8re: Acier inoxydable<\/li>\n<li>Fonctions:\n<ul>\n<li>Cuire<\/li>\n<li>Contr\u00f4le de la temp\u00e9rature<\/li>\n<\/ul>\n<\/li>\n<li>Couleur: Acier<\/li>\n<li>Contr\u00f4le: Plaque Tournante<\/li>\n<li>Inclut: Butane<\/li>\n<li>\u00c9lev\u00e9: 4,5 cm<\/li>\n<li>Connectivit\u00e9: No<\/li>\n<\/ul>\n<p>Informations importantes: En ce qui concerne le raccordement au gaz, il convient de respecter les r\u00e9glementations nationales en vigueur..<\/p>","protected":false},"excerpt":{"rendered":"<p>Si vous \u00eates \u00e0 la recherche de nouvelles tendances sur le march\u00e9, nous vous pr\u00e9sentons Plaque au gaz Balay 3ETX576CB ! Produit \u00e0 brancher: Oui Type d&#8217;installation: Int\u00e9grable Bloc d\u2019Alimentation: Butane r\u00e9seau \u00e9lectrique Type de prise: Prise EU Type: Plaque au gaz Zones de cuisson: 5 Mati\u00e8re: Acier inoxydable Fonctions: Cuire Contr\u00f4le de la temp\u00e9rature [&hellip;]<\/p>\n","protected":false},"featured_media":65044,"comment_status":"open","ping_status":"closed","template":"","meta":[],"product_brand":[114],"product_cat":[60,77,78],"product_tag":[55,56],"class_list":{"0":"post-65045","1":"product","2":"type-product","3":"status-publish","4":"has-post-thumbnail","6":"product_brand-brandp_1251","7":"product_cat-cuisine-gourmet","8":"product_cat-petit-electromenager","9":"product_cat-plaques-de-cuisson","10":"product_tag-tag_926","11":"product_tag-tag_930","13":"first","14":"instock","15":"taxable","16":"shipping-taxable","17":"purchasable","18":"product-type-simple"},"_links":{"self":[{"href":"https:\/\/bigbuy.tupique.com\/pt\/wp-json\/wp\/v2\/product\/65045","targetHints":{"allow":["GET"]}}],"collection":[{"href":"https:\/\/bigbuy.tupique.com\/pt\/wp-json\/wp\/v2\/product"}],"about":[{"href":"https:\/\/bigbuy.tupique.com\/pt\/wp-json\/wp\/v2\/types\/product"}],"replies":[{"embeddable":true,"href":"https:\/\/bigbuy.tupique.com\/pt\/wp-json\/wp\/v2\/comments?post=65045"}],"wp:featuredmedia":[{"embeddable":true,"href":"https:\/\/bigbuy.tupique.com\/pt\/wp-json\/wp\/v2\/media\/65044"}],"wp:attachment":[{"href":"https:\/\/bigbuy.tupique.com\/pt\/wp-json\/wp\/v2\/media?parent=65045"}],"wp:term":[{"taxonomy":"product_brand","embeddable":true,"href":"https:\/\/bigbuy.tupique.com\/pt\/wp-json\/wp\/v2\/product_brand?post=65045"},{"taxonomy":"product_cat","embeddable":true,"href":"https:\/\/bigbuy.tupique.com\/pt\/wp-json\/wp\/v2\/product_cat?post=65045"},{"taxonomy":"product_tag","embeddable":true,"href":"https:\/\/bigbuy.tupique.com\/pt\/wp-json\/wp\/v2\/product_tag?post=65045"}],"curies":[{"name":"wp","href":"https:\/\/api.w.org\/{rel}","templated":true}]}}