{"id":64965,"date":"2026-04-01T19:51:40","date_gmt":"2026-04-01T18:51:40","guid":{"rendered":"https:\/\/bigbuy.tupique.com\/produto\/smart-tv-samsung-tq85qn73fatxxc\/"},"modified":"2026-04-15T16:28:24","modified_gmt":"2026-04-15T15:28:24","slug":"smart-tv-samsung-tq85qn73fatxxc","status":"publish","type":"product","link":"https:\/\/bigbuy.tupique.com\/pt\/produto\/smart-tv-samsung-tq85qn73fatxxc\/","title":{"rendered":"TV intelligente Samsung TQ85QN73FATXXC"},"content":{"rendered":"<p>Si vous \u00eates passionn\u00e9 d&#8217;<b>informatique et d&#8217;\u00e9lectronique<\/b>, si vous \u00eates \u00e0 la pointe de la technologie et qu&#8217;aucun d\u00e9tail ne vous \u00e9chappe, achetez <b>TV intelligente Samsung TQ85QN73FATXXC<\/b> au meilleur prix.<\/p>\n<ul>\n<li>R\u00e9solution: 4K Ultra HD<\/li>\n<li>Ecran: 85&#8243;<\/li>\n<li>Technologie: Neo QLED<\/li>\n<li>Classification \u00e9nerg\u00e9tique: E<\/li>\n<li>Connectivit\u00e9:\n<ul>\n<li>Wi-Fi<\/li>\n<li>Interface commune<\/li>\n<\/ul>\n<\/li>\n<li>R\u00e9solution (px): 3840 x 2160 px<\/li>\n<li>Couleur: Noir<\/li>\n<li>Caract\u00e9ristiques:\n<ul>\n<li>TV intelligente<\/li>\n<li>Plate<\/li>\n<li>\u00c9cran plat<\/li>\n<\/ul>\n<\/li>\n<li>Connexions:\n<ul>\n<li>HDMI<\/li>\n<li>USB<\/li>\n<li>Ethernet LAN<\/li>\n<li>RF x 1<\/li>\n<li>CI+<\/li>\n<\/ul>\n<\/li>\n<li>Rapport d&#8217;aspect: 16:9<\/li>\n<li>Format: 16:9<\/li>\n<li>TV intelligente: Oui<\/li>\n<li>Compatible:\n<ul>\n<li>Netflix<\/li>\n<li>VESA<\/li>\n<li>Amazon Alexa<\/li>\n<li>YouTube<\/li>\n<li>VESA 400 x 400 mm<\/li>\n<li>Google Assistant<\/li>\n<li>Amazon Prime Video, Disney+, Netflix, YouTube<\/li>\n<li>Apple AirPlay\/Apple HomeKit<\/li>\n<\/ul>\n<\/li>\n<li>VESA: 40 x 40 cm<\/li>\n<li>R\u00e9cepteur: DVB-C, DVB-S2, DVB-T2<\/li>\n<li>Formats: AVC, AVI, H.264, H.265, HEVC, MKV, MPEG1, MPEG2, MPEG4, VC-1, VP9, WMV9<\/li>\n<li>Fr\u00e9quence: 120 Hz<\/li>\n<li>Montage: VESA<\/li>\n<li>Diagonale de l&#8217;\u00e9cran (cm): 215,9 cm<\/li>\n<li>Indice de r\u00e9parabilit\u00e9: 8.1<\/li>\n<\/ul>","protected":false},"excerpt":{"rendered":"<p>Si vous \u00eates passionn\u00e9 d&#8217;informatique et d&#8217;\u00e9lectronique, si vous \u00eates \u00e0 la pointe de la technologie et qu&#8217;aucun d\u00e9tail ne vous \u00e9chappe, achetez TV intelligente Samsung TQ85QN73FATXXC au meilleur prix. R\u00e9solution: 4K Ultra HD Ecran: 85&#8243; Technologie: Neo QLED Classification \u00e9nerg\u00e9tique: E Connectivit\u00e9: Wi-Fi Interface commune R\u00e9solution (px): 3840 x 2160 px Couleur: Noir Caract\u00e9ristiques: [&hellip;]<\/p>\n","protected":false},"featured_media":64963,"comment_status":"open","ping_status":"closed","template":"","meta":[],"product_brand":[183],"product_cat":[589,65,957],"product_tag":[],"class_list":{"0":"post-64965","1":"product","2":"type-product","3":"status-publish","4":"has-post-thumbnail","6":"product_brand-brandp_576","7":"product_cat-electronique-television","8":"product_cat-informatique-electronique","9":"product_cat-televisions-et-smart-tv","11":"first","12":"instock","13":"taxable","14":"shipping-taxable","15":"purchasable","16":"product-type-simple"},"_links":{"self":[{"href":"https:\/\/bigbuy.tupique.com\/pt\/wp-json\/wp\/v2\/product\/64965","targetHints":{"allow":["GET"]}}],"collection":[{"href":"https:\/\/bigbuy.tupique.com\/pt\/wp-json\/wp\/v2\/product"}],"about":[{"href":"https:\/\/bigbuy.tupique.com\/pt\/wp-json\/wp\/v2\/types\/product"}],"replies":[{"embeddable":true,"href":"https:\/\/bigbuy.tupique.com\/pt\/wp-json\/wp\/v2\/comments?post=64965"}],"wp:featuredmedia":[{"embeddable":true,"href":"https:\/\/bigbuy.tupique.com\/pt\/wp-json\/wp\/v2\/media\/64963"}],"wp:attachment":[{"href":"https:\/\/bigbuy.tupique.com\/pt\/wp-json\/wp\/v2\/media?parent=64965"}],"wp:term":[{"taxonomy":"product_brand","embeddable":true,"href":"https:\/\/bigbuy.tupique.com\/pt\/wp-json\/wp\/v2\/product_brand?post=64965"},{"taxonomy":"product_cat","embeddable":true,"href":"https:\/\/bigbuy.tupique.com\/pt\/wp-json\/wp\/v2\/product_cat?post=64965"},{"taxonomy":"product_tag","embeddable":true,"href":"https:\/\/bigbuy.tupique.com\/pt\/wp-json\/wp\/v2\/product_tag?post=64965"}],"curies":[{"name":"wp","href":"https:\/\/api.w.org\/{rel}","templated":true}]}}