{"id":64948,"date":"2026-04-01T19:51:17","date_gmt":"2026-04-01T18:51:17","guid":{"rendered":"https:\/\/bigbuy.tupique.com\/produto\/electric-pot-ninja-ol650eu\/"},"modified":"2026-04-15T07:03:18","modified_gmt":"2026-04-15T06:03:18","slug":"electric-pot-ninja-ol650eu","status":"publish","type":"product","link":"https:\/\/bigbuy.tupique.com\/pt\/produto\/electric-pot-ninja-ol650eu\/","title":{"rendered":"Marmite \u00c9lectrique NINJA OL650EU"},"content":{"rendered":"<p>Si vous recherchez des \u00e9lectrom\u00e9nagers pour votre maison aux meilleurs prix, ne manquez pas <b>Marmite \u00c9lectrique NINJA OL650EU<\/b> et une large s\u00e9lection de petits \u00e9lectrom\u00e9nagers de qualit\u00e9 !<\/p>\n<ul>\n<li>Type de prise: Prise EU<\/li>\n<li>Produit \u00e0 brancher: Oui<\/li>\n<li>Fonctions:\n<ul>\n<li>Chauffe<\/li>\n<li>Cuisson vapeur<\/li>\n<li>Minuterie<\/li>\n<li>Fonction de r\u00e9chauffage<\/li>\n<\/ul>\n<\/li>\n<li>Type de commande:\n<ul>\n<li>Plaque Tournante<\/li>\n<li>Boutons<\/li>\n<\/ul>\n<\/li>\n<li>Couleur:\n<ul>\n<li>Noir<\/li>\n<li>Acier<\/li>\n<\/ul>\n<\/li>\n<li>Capacit\u00e9: 7,5 L<\/li>\n<li>puissance:\n<ul>\n<li>1760 W<\/li>\n<li>1000 W<\/li>\n<\/ul>\n<\/li>\n<li>Bloc d\u2019Alimentation: r\u00e9seau \u00e9lectrique<\/li>\n<li>Mati\u00e8re:\n<ul>\n<li>Acier inoxydable<\/li>\n<li>Plastique<\/li>\n<\/ul>\n<\/li>\n<li>Caract\u00e9ristiques:\n<ul>\n<li>Anse de transport<\/li>\n<li>Anti-adh\u00e9rente<\/li>\n<li>Interrupteur marche\/arr\u00eat<\/li>\n<li>Base antid\u00e9rapante<\/li>\n<li>\u00c9cran integr\u00e9<\/li>\n<li>Facile \u00e0 nettoyer<\/li>\n<li>Automatique<\/li>\n<\/ul>\n<\/li>\n<li>Tension: 220 V<\/li>\n<li>Inclut: Minuterie<\/li>\n<li>Contr\u00f4le: Boutons, rotatif<\/li>\n<li>Compatible avec: Lave-vaisselle<\/li>\n<\/ul>","protected":false},"excerpt":{"rendered":"<p>Si vous recherchez des \u00e9lectrom\u00e9nagers pour votre maison aux meilleurs prix, ne manquez pas Marmite \u00c9lectrique NINJA OL650EU et une large s\u00e9lection de petits \u00e9lectrom\u00e9nagers de qualit\u00e9 ! Type de prise: Prise EU Produit \u00e0 brancher: Oui Fonctions: Chauffe Cuisson vapeur Minuterie Fonction de r\u00e9chauffage Type de commande: Plaque Tournante Boutons Couleur: Noir Acier Capacit\u00e9: [&hellip;]<\/p>\n","protected":false},"featured_media":64914,"comment_status":"open","ping_status":"closed","template":"","meta":[],"product_brand":[287],"product_cat":[393,60,77],"product_tag":[55],"class_list":{"0":"post-64948","1":"product","2":"type-product","3":"status-publish","4":"has-post-thumbnail","6":"product_brand-brandp_6527","7":"product_cat-autres-appareils-de-cuisines","8":"product_cat-cuisine-gourmet","9":"product_cat-petit-electromenager","10":"product_tag-tag_926","12":"first","13":"instock","14":"taxable","15":"shipping-taxable","16":"purchasable","17":"product-type-simple"},"_links":{"self":[{"href":"https:\/\/bigbuy.tupique.com\/pt\/wp-json\/wp\/v2\/product\/64948","targetHints":{"allow":["GET"]}}],"collection":[{"href":"https:\/\/bigbuy.tupique.com\/pt\/wp-json\/wp\/v2\/product"}],"about":[{"href":"https:\/\/bigbuy.tupique.com\/pt\/wp-json\/wp\/v2\/types\/product"}],"replies":[{"embeddable":true,"href":"https:\/\/bigbuy.tupique.com\/pt\/wp-json\/wp\/v2\/comments?post=64948"}],"wp:featuredmedia":[{"embeddable":true,"href":"https:\/\/bigbuy.tupique.com\/pt\/wp-json\/wp\/v2\/media\/64914"}],"wp:attachment":[{"href":"https:\/\/bigbuy.tupique.com\/pt\/wp-json\/wp\/v2\/media?parent=64948"}],"wp:term":[{"taxonomy":"product_brand","embeddable":true,"href":"https:\/\/bigbuy.tupique.com\/pt\/wp-json\/wp\/v2\/product_brand?post=64948"},{"taxonomy":"product_cat","embeddable":true,"href":"https:\/\/bigbuy.tupique.com\/pt\/wp-json\/wp\/v2\/product_cat?post=64948"},{"taxonomy":"product_tag","embeddable":true,"href":"https:\/\/bigbuy.tupique.com\/pt\/wp-json\/wp\/v2\/product_tag?post=64948"}],"curies":[{"name":"wp","href":"https:\/\/api.w.org\/{rel}","templated":true}]}}