{"id":64842,"date":"2026-04-01T19:48:34","date_gmt":"2026-04-01T18:48:34","guid":{"rendered":"https:\/\/bigbuy.tupique.com\/produto\/gas-hob-balay-3etg664rb\/"},"modified":"2026-04-15T07:01:21","modified_gmt":"2026-04-15T06:01:21","slug":"gas-hob-balay-3etg664rb","status":"publish","type":"product","link":"https:\/\/bigbuy.tupique.com\/pt\/produto\/gas-hob-balay-3etg664rb\/","title":{"rendered":"Plaque au gaz Balay 3ETG664RB"},"content":{"rendered":"<p>Si vous \u00eates \u00e0 la recherche de nouvelles tendances sur le march\u00e9, nous vous pr\u00e9sentons <b>Plaque au gaz Balay 3ETG664RB<\/b> !<\/p>\n<ul>\n<li>Type:\n<ul>\n<li>Plaque \u00e0 Induction<\/li>\n<li>Plaque au gaz<\/li>\n<\/ul>\n<\/li>\n<li>Produit \u00e0 brancher: Oui<\/li>\n<li>Largeur: 60 cm<\/li>\n<li>Caract\u00e9ristiques: Finition mate<\/li>\n<li>Type de prise: Prise EU<\/li>\n<li>Bloc d\u2019Alimentation:\n<ul>\n<li>r\u00e9seau \u00e9lectrique<\/li>\n<li>Gaz<\/li>\n<\/ul>\n<\/li>\n<li>Couleur: Noir<\/li>\n<li>Mati\u00e8re: verre<\/li>\n<li>Fonctions:\n<ul>\n<li>Cuire<\/li>\n<li>Contr\u00f4le de la temp\u00e9rature<\/li>\n<\/ul>\n<\/li>\n<li>Finition: Mat<\/li>\n<li>Tension: 240 V<\/li>\n<li>Zones de cuisson: 4<\/li>\n<li>Type de carburant: Gaz<\/li>\n<li>Inclut:\n<ul>\n<li>Manuel d\u2019utilisation<\/li>\n<li>Butane<\/li>\n<\/ul>\n<\/li>\n<li>Contr\u00f4le: Plaque Tournante<\/li>\n<li>Type d&#8217;installation: Sur le plan de travail<\/li>\n<li>\u00c9lev\u00e9: 4,5 cm<\/li>\n<li>Connectivit\u00e9: No<\/li>\n<\/ul>\n<p>Informations importantes: En ce qui concerne le raccordement au gaz, il convient de respecter les r\u00e9glementations nationales en vigueur..<\/p>","protected":false},"excerpt":{"rendered":"<p>Si vous \u00eates \u00e0 la recherche de nouvelles tendances sur le march\u00e9, nous vous pr\u00e9sentons Plaque au gaz Balay 3ETG664RB ! Type: Plaque \u00e0 Induction Plaque au gaz Produit \u00e0 brancher: Oui Largeur: 60 cm Caract\u00e9ristiques: Finition mate Type de prise: Prise EU Bloc d\u2019Alimentation: r\u00e9seau \u00e9lectrique Gaz Couleur: Noir Mati\u00e8re: verre Fonctions: Cuire Contr\u00f4le [&hellip;]<\/p>\n","protected":false},"featured_media":64835,"comment_status":"open","ping_status":"closed","template":"","meta":[],"product_brand":[114],"product_cat":[60,77,78],"product_tag":[55,56],"class_list":{"0":"post-64842","1":"product","2":"type-product","3":"status-publish","4":"has-post-thumbnail","6":"product_brand-brandp_1251","7":"product_cat-cuisine-gourmet","8":"product_cat-petit-electromenager","9":"product_cat-plaques-de-cuisson","10":"product_tag-tag_926","11":"product_tag-tag_930","13":"first","14":"instock","15":"taxable","16":"shipping-taxable","17":"purchasable","18":"product-type-simple"},"_links":{"self":[{"href":"https:\/\/bigbuy.tupique.com\/pt\/wp-json\/wp\/v2\/product\/64842","targetHints":{"allow":["GET"]}}],"collection":[{"href":"https:\/\/bigbuy.tupique.com\/pt\/wp-json\/wp\/v2\/product"}],"about":[{"href":"https:\/\/bigbuy.tupique.com\/pt\/wp-json\/wp\/v2\/types\/product"}],"replies":[{"embeddable":true,"href":"https:\/\/bigbuy.tupique.com\/pt\/wp-json\/wp\/v2\/comments?post=64842"}],"wp:featuredmedia":[{"embeddable":true,"href":"https:\/\/bigbuy.tupique.com\/pt\/wp-json\/wp\/v2\/media\/64835"}],"wp:attachment":[{"href":"https:\/\/bigbuy.tupique.com\/pt\/wp-json\/wp\/v2\/media?parent=64842"}],"wp:term":[{"taxonomy":"product_brand","embeddable":true,"href":"https:\/\/bigbuy.tupique.com\/pt\/wp-json\/wp\/v2\/product_brand?post=64842"},{"taxonomy":"product_cat","embeddable":true,"href":"https:\/\/bigbuy.tupique.com\/pt\/wp-json\/wp\/v2\/product_cat?post=64842"},{"taxonomy":"product_tag","embeddable":true,"href":"https:\/\/bigbuy.tupique.com\/pt\/wp-json\/wp\/v2\/product_tag?post=64842"}],"curies":[{"name":"wp","href":"https:\/\/api.w.org\/{rel}","templated":true}]}}