{"id":64832,"date":"2026-04-01T19:48:22","date_gmt":"2026-04-01T18:48:22","guid":{"rendered":"https:\/\/bigbuy.tupique.com\/produto\/gas-hob-bosch-ppc6a6i10-60-cm-59-cm\/"},"modified":"2026-04-15T06:39:13","modified_gmt":"2026-04-15T05:39:13","slug":"gas-hob-bosch-ppc6a6i10-60-cm-59-cm","status":"publish","type":"product","link":"https:\/\/bigbuy.tupique.com\/pt\/produto\/gas-hob-bosch-ppc6a6i10-60-cm-59-cm\/","title":{"rendered":"Plaque au gaz BOSCH PPC6A6I10 60 cm 59 cm"},"content":{"rendered":"<p>Si vous pensez r\u00e9nover votre cuisine, achetez <b>Plaque au gaz BOSCH PPC6A6I10 60 cm 59 cm<\/b> et d\u00b4autres <b>produits BOSCH<\/b> !<\/p>\n<p>La <b>plaque de cuisson \u00e0 gaz<\/b> BOSCH en <b>noir<\/b> allie fonctionnalit\u00e9 et design moderne pour offrir efficacit\u00e9 et \u00e9l\u00e9gance \u00e0 toute cuisine domestique. Son format <b>encastrable<\/b> de <b>60 cm de large<\/b> (valeur nominale du march\u00e9) la rend compatible avec la plupart des plans de travail standards, facilitant une installation simple, adapt\u00e9e aux r\u00e9novations ou aux cuisines neuves. Dot\u00e9e de <b>3 zones de cuisson<\/b>, elle offre la flexibilit\u00e9 n\u00e9cessaire pour pr\u00e9parer plusieurs plats simultan\u00e9ment, optimisant ainsi temps et espace. Le contr\u00f4le <b>rotatif<\/b> assure une utilisation intuitive et pr\u00e9cise des br\u00fbleurs, tandis que sa surface lisse est <b>facile \u00e0 nettoyer<\/b>, permettant de garder la plaque impeccable apr\u00e8s chaque utilisation. Le design arrondi des commandes et la disposition des foyers am\u00e9liorent l\u2019ergonomie et l\u2019acc\u00e8s direct \u00e0 chaque zone de cuisson, convenant aussi bien \u00e0 un usage quotidien qu\u2019aux pr\u00e9parations exigeantes. Fabriqu\u00e9e selon les standards de qualit\u00e9 BOSCH, cette plaque utilise des mat\u00e9riaux robustes et fiables pour garantir durabilit\u00e9 et s\u00e9curit\u00e9 jour apr\u00e8s jour. Son esth\u00e9tique noire apporte une touche sobre et contemporaine, s\u2019int\u00e9grant harmonieusement dans les cuisines modernes ou classiques. Choisir cette plaque de cuisson \u00e0 gaz BOSCH, c\u2019est opter pour une solution fiable, polyvalente et facile \u00e0 entretenir, id\u00e9ale pour ceux qui recherchent performance et style dans leur espace culinaire.<\/p>\n<ul>\n<li>Produit \u00e0 brancher: Oui<\/li>\n<li>Bloc d\u2019Alimentation: r\u00e9seau \u00e9lectrique<\/li>\n<li>Caract\u00e9ristiques:\n<ul>\n<li>9 niveaux<\/li>\n<li>Facile \u00e0 nettoyer<\/li>\n<\/ul>\n<\/li>\n<li>Zones de cuisson: 3<\/li>\n<li>Couleur: Noir<\/li>\n<li>Largeur:\n<ul>\n<li>60 cm<\/li>\n<li>59 cm<\/li>\n<\/ul>\n<\/li>\n<li>Forme: Rond<\/li>\n<li>Longueur du c\u00e2ble: 1 m<\/li>\n<li>Fr\u00e9quence d&#8217;entr\u00e9e AC: 50-60 Hz<\/li>\n<li>Tension: 220-240 V<\/li>\n<li>Long: 52 cm<\/li>\n<li>\u00c9cran integr\u00e9: Non<\/li>\n<li>Type: Int\u00e9gr\u00e9<\/li>\n<\/ul>","protected":false},"excerpt":{"rendered":"<p>Si vous pensez r\u00e9nover votre cuisine, achetez Plaque au gaz BOSCH PPC6A6I10 60 cm 59 cm et d\u00b4autres produits BOSCH ! La plaque de cuisson \u00e0 gaz BOSCH en noir allie fonctionnalit\u00e9 et design moderne pour offrir efficacit\u00e9 et \u00e9l\u00e9gance \u00e0 toute cuisine domestique. Son format encastrable de 60 cm de large (valeur nominale du [&hellip;]<\/p>\n","protected":false},"featured_media":64828,"comment_status":"open","ping_status":"closed","template":"","meta":[],"product_brand":[162],"product_cat":[60,77,78],"product_tag":[55,56],"class_list":{"0":"post-64832","1":"product","2":"type-product","3":"status-publish","4":"has-post-thumbnail","6":"product_brand-brandp_959","7":"product_cat-cuisine-gourmet","8":"product_cat-petit-electromenager","9":"product_cat-plaques-de-cuisson","10":"product_tag-tag_926","11":"product_tag-tag_930","13":"first","14":"instock","15":"taxable","16":"shipping-taxable","17":"purchasable","18":"product-type-simple"},"_links":{"self":[{"href":"https:\/\/bigbuy.tupique.com\/pt\/wp-json\/wp\/v2\/product\/64832","targetHints":{"allow":["GET"]}}],"collection":[{"href":"https:\/\/bigbuy.tupique.com\/pt\/wp-json\/wp\/v2\/product"}],"about":[{"href":"https:\/\/bigbuy.tupique.com\/pt\/wp-json\/wp\/v2\/types\/product"}],"replies":[{"embeddable":true,"href":"https:\/\/bigbuy.tupique.com\/pt\/wp-json\/wp\/v2\/comments?post=64832"}],"wp:featuredmedia":[{"embeddable":true,"href":"https:\/\/bigbuy.tupique.com\/pt\/wp-json\/wp\/v2\/media\/64828"}],"wp:attachment":[{"href":"https:\/\/bigbuy.tupique.com\/pt\/wp-json\/wp\/v2\/media?parent=64832"}],"wp:term":[{"taxonomy":"product_brand","embeddable":true,"href":"https:\/\/bigbuy.tupique.com\/pt\/wp-json\/wp\/v2\/product_brand?post=64832"},{"taxonomy":"product_cat","embeddable":true,"href":"https:\/\/bigbuy.tupique.com\/pt\/wp-json\/wp\/v2\/product_cat?post=64832"},{"taxonomy":"product_tag","embeddable":true,"href":"https:\/\/bigbuy.tupique.com\/pt\/wp-json\/wp\/v2\/product_tag?post=64832"}],"curies":[{"name":"wp","href":"https:\/\/api.w.org\/{rel}","templated":true}]}}