{"id":64822,"date":"2026-04-01T19:48:10","date_gmt":"2026-04-01T18:48:10","guid":{"rendered":"https:\/\/bigbuy.tupique.com\/produto\/vinoteca-cavanova-v48-pro-black\/"},"modified":"2026-04-15T06:27:37","modified_gmt":"2026-04-15T05:27:37","slug":"vinoteca-cavanova-v48-pro-black","status":"publish","type":"product","link":"https:\/\/bigbuy.tupique.com\/pt\/produto\/vinoteca-cavanova-v48-pro-black\/","title":{"rendered":"Bar \u00e0 Vins Cavanova V48 PRO Noir"},"content":{"rendered":"<p>Si vous aimez prendre soin de chaque d\u00e9tail de votre maison et d&#8217;\u00eatre \u00e0 la derni\u00e8re mode en mati\u00e8re de produits qui vous rendront la vie plus facile, achetez <b>Bar \u00e0 Vins Cavanova V48 PRO Noir<\/b> au meilleur prix.<\/p>\n<ul>\n<li>Classification \u00e9nerg\u00e9tique: G<\/li>\n<li>Capacit\u00e9: 48<\/li>\n<li>Couleur: Noir<\/li>\n<li>Mati\u00e8re:\n<ul>\n<li>Acier inoxydable<\/li>\n<li>Verre<\/li>\n<\/ul>\n<\/li>\n<li>Caract\u00e9ristiques:\n<ul>\n<li>Lumi\u00e8re int\u00e9rieure<\/li>\n<li>Temp\u00e9rature r\u00e9glable<\/li>\n<li>Non-vibrant<\/li>\n<\/ul>\n<\/li>\n<li>Type d&#8217;installation: Auto-assemblage<\/li>\n<li>Niveau sonore: 39 dB<\/li>\n<li>\u00c9lev\u00e9: 84,5 cm<\/li>\n<li>Portes: 1 porte<\/li>\n<\/ul>","protected":false},"excerpt":{"rendered":"<p>Si vous aimez prendre soin de chaque d\u00e9tail de votre maison et d&#8217;\u00eatre \u00e0 la derni\u00e8re mode en mati\u00e8re de produits qui vous rendront la vie plus facile, achetez Bar \u00e0 Vins Cavanova V48 PRO Noir au meilleur prix. Classification \u00e9nerg\u00e9tique: G Capacit\u00e9: 48 Couleur: Noir Mati\u00e8re: Acier inoxydable Verre Caract\u00e9ristiques: Lumi\u00e8re int\u00e9rieure Temp\u00e9rature r\u00e9glable [&hellip;]<\/p>\n","protected":false},"featured_media":64818,"comment_status":"open","ping_status":"closed","template":"","meta":[],"product_brand":[1553],"product_cat":[60,109,223],"product_tag":[105],"class_list":{"0":"post-64822","1":"product","2":"type-product","3":"status-publish","4":"has-post-thumbnail","6":"product_brand-brandp_2109","7":"product_cat-cuisine-gourmet","8":"product_cat-gourmet","9":"product_cat-oenologie","10":"product_tag-tag_21","12":"first","13":"instock","14":"taxable","15":"shipping-taxable","16":"purchasable","17":"product-type-simple"},"_links":{"self":[{"href":"https:\/\/bigbuy.tupique.com\/pt\/wp-json\/wp\/v2\/product\/64822","targetHints":{"allow":["GET"]}}],"collection":[{"href":"https:\/\/bigbuy.tupique.com\/pt\/wp-json\/wp\/v2\/product"}],"about":[{"href":"https:\/\/bigbuy.tupique.com\/pt\/wp-json\/wp\/v2\/types\/product"}],"replies":[{"embeddable":true,"href":"https:\/\/bigbuy.tupique.com\/pt\/wp-json\/wp\/v2\/comments?post=64822"}],"wp:featuredmedia":[{"embeddable":true,"href":"https:\/\/bigbuy.tupique.com\/pt\/wp-json\/wp\/v2\/media\/64818"}],"wp:attachment":[{"href":"https:\/\/bigbuy.tupique.com\/pt\/wp-json\/wp\/v2\/media?parent=64822"}],"wp:term":[{"taxonomy":"product_brand","embeddable":true,"href":"https:\/\/bigbuy.tupique.com\/pt\/wp-json\/wp\/v2\/product_brand?post=64822"},{"taxonomy":"product_cat","embeddable":true,"href":"https:\/\/bigbuy.tupique.com\/pt\/wp-json\/wp\/v2\/product_cat?post=64822"},{"taxonomy":"product_tag","embeddable":true,"href":"https:\/\/bigbuy.tupique.com\/pt\/wp-json\/wp\/v2\/product_tag?post=64822"}],"curies":[{"name":"wp","href":"https:\/\/api.w.org\/{rel}","templated":true}]}}