{"id":64793,"date":"2026-04-01T19:35:20","date_gmt":"2026-04-01T18:35:20","guid":{"rendered":"https:\/\/bigbuy.tupique.com\/produto\/conventional-hood-aeg-gv77d91st-black\/"},"modified":"2026-04-15T06:27:23","modified_gmt":"2026-04-15T05:27:23","slug":"conventional-hood-aeg-gv77d91st-black","status":"publish","type":"product","link":"https:\/\/bigbuy.tupique.com\/pt\/produto\/conventional-hood-aeg-gv77d91st-black\/","title":{"rendered":"Hotte standard AEG GV77D91ST Noir"},"content":{"rendered":"<p>Si vous \u00eates \u00e0 la recherche de nouvelles tendances sur le march\u00e9, nous vous pr\u00e9sentons <b>Hotte standard AEG GV77D91ST Noir<\/b> !<\/p>\n<ul>\n<li>Type:\n<ul>\n<li>Hotte de cuisine<\/li>\n<li>Hotte standard<\/li>\n<\/ul>\n<\/li>\n<li>Produit \u00e0 brancher: Oui<\/li>\n<li>Type de prise: Prise EU<\/li>\n<li>Classification \u00e9nerg\u00e9tique: A+<\/li>\n<li>Bloc d\u2019Alimentation: r\u00e9seau \u00e9lectrique<\/li>\n<li>Niveau sonore: 43 dB<\/li>\n<li>Capacit\u00e9 d\u2019extraction: 445 m3\/h<\/li>\n<li>Couleur: Noir<\/li>\n<li>Taille: 90 cm<\/li>\n<li>Mati\u00e8re: M\u00e9tal<\/li>\n<li>Niveaux de puissance: 3<\/li>\n<li>Inclut: Filtre<\/li>\n<li>Contr\u00f4le: Tactile<\/li>\n<li>Filtre:\n<ul>\n<li>2<\/li>\n<li>m\u00e9tallique<\/li>\n<\/ul>\n<\/li>\n<li>Type d&#8217;installation: Montage mural<\/li>\n<li>Caract\u00e9ristiques: 3 vitesses<\/li>\n<li>Vitesse: 3 vitesses<\/li>\n<\/ul>","protected":false},"excerpt":{"rendered":"<p><span class=\"unit-info\">1026.6556 &euro; \/ 1 m<\/span><\/p>","protected":false},"featured_media":64791,"comment_status":"open","ping_status":"closed","template":"","meta":[],"product_brand":[1386],"product_cat":[60,61,62],"product_tag":[56],"class_list":{"0":"post-64793","1":"product","2":"type-product","3":"status-publish","4":"has-post-thumbnail","6":"product_brand-brandp_679","7":"product_cat-cuisine-gourmet","8":"product_cat-equipement-de-cuisine","9":"product_cat-hottes-de-cuisine","10":"product_tag-tag_930","12":"first","13":"instock","14":"taxable","15":"shipping-taxable","16":"purchasable","17":"product-type-simple"},"_links":{"self":[{"href":"https:\/\/bigbuy.tupique.com\/pt\/wp-json\/wp\/v2\/product\/64793","targetHints":{"allow":["GET"]}}],"collection":[{"href":"https:\/\/bigbuy.tupique.com\/pt\/wp-json\/wp\/v2\/product"}],"about":[{"href":"https:\/\/bigbuy.tupique.com\/pt\/wp-json\/wp\/v2\/types\/product"}],"replies":[{"embeddable":true,"href":"https:\/\/bigbuy.tupique.com\/pt\/wp-json\/wp\/v2\/comments?post=64793"}],"wp:featuredmedia":[{"embeddable":true,"href":"https:\/\/bigbuy.tupique.com\/pt\/wp-json\/wp\/v2\/media\/64791"}],"wp:attachment":[{"href":"https:\/\/bigbuy.tupique.com\/pt\/wp-json\/wp\/v2\/media?parent=64793"}],"wp:term":[{"taxonomy":"product_brand","embeddable":true,"href":"https:\/\/bigbuy.tupique.com\/pt\/wp-json\/wp\/v2\/product_brand?post=64793"},{"taxonomy":"product_cat","embeddable":true,"href":"https:\/\/bigbuy.tupique.com\/pt\/wp-json\/wp\/v2\/product_cat?post=64793"},{"taxonomy":"product_tag","embeddable":true,"href":"https:\/\/bigbuy.tupique.com\/pt\/wp-json\/wp\/v2\/product_tag?post=64793"}],"curies":[{"name":"wp","href":"https:\/\/api.w.org\/{rel}","templated":true}]}}