{"id":64620,"date":"2026-04-01T19:30:40","date_gmt":"2026-04-01T18:30:40","guid":{"rendered":"https:\/\/bigbuy.tupique.com\/produto\/dishwasher-siemens-ag-2\/"},"modified":"2026-05-11T19:57:21","modified_gmt":"2026-05-11T17:57:21","slug":"dishwasher-siemens-ag-2","status":"publish","type":"product","link":"https:\/\/bigbuy.tupique.com\/pt\/produto\/dishwasher-siemens-ag-2\/","title":{"rendered":"Lave-vaisselle Siemens AG"},"content":{"rendered":"<p>Si vous \u00eates \u00e0 la recherche de nouvelles tendances sur le march\u00e9, nous vous pr\u00e9sentons <b>Lave-vaisselle Siemens AG<\/b> !<\/p>\n<ul>\n<li>Produit \u00e0 brancher: Oui<\/li>\n<li>Type: Lave-vaisselle<\/li>\n<li>Bloc d\u2019Alimentation: r\u00e9seau \u00e9lectrique<\/li>\n<li>Largeur: 60 cm<\/li>\n<li>Classification \u00e9nerg\u00e9tique: C<\/li>\n<li>Caract\u00e9ristiques:\n<ul>\n<li>\u00c9cran integr\u00e9<\/li>\n<li>Voyant lumineux<\/li>\n<li>Commande tactile<\/li>\n<\/ul>\n<\/li>\n<li>Connectivit\u00e9: Wi-Fi<\/li>\n<li>puissance: 2400 W<\/li>\n<li>Technologie: LED<\/li>\n<li>Programmes: 6<\/li>\n<li>Type de prise: Type F<\/li>\n<li>Fr\u00e9quence: 50 &#8211; 60 Hz<\/li>\n<li>Longueur du c\u00e2ble: 1,75 m<\/li>\n<li>Auto-nettoyant: Oui<\/li>\n<li>Tension: 220-240 V<\/li>\n<li>Pieds: Ajustables<\/li>\n<li>Amp\u00e9rage: 10 A<\/li>\n<\/ul>","protected":false},"excerpt":{"rendered":"<p>Si vous \u00eates \u00e0 la recherche de nouvelles tendances sur le march\u00e9, nous vous pr\u00e9sentons Lave-vaisselle Siemens AG ! Produit \u00e0 brancher: Oui Type: Lave-vaisselle Bloc d\u2019Alimentation: r\u00e9seau \u00e9lectrique Largeur: 60 cm Classification \u00e9nerg\u00e9tique: C Caract\u00e9ristiques: \u00c9cran integr\u00e9 Voyant lumineux Commande tactile Connectivit\u00e9: Wi-Fi puissance: 2400 W Technologie: LED Programmes: 6 Type de prise: Type [&hellip;]<\/p>\n","protected":false},"featured_media":64616,"comment_status":"open","ping_status":"closed","template":"","meta":[],"product_brand":[851],"product_cat":[393,60,77],"product_tag":[],"class_list":{"0":"post-64620","1":"product","2":"type-product","3":"status-publish","4":"has-post-thumbnail","6":"product_brand-brandp_930","7":"product_cat-autres-appareils-de-cuisines","8":"product_cat-cuisine-gourmet","9":"product_cat-petit-electromenager","11":"first","12":"instock","13":"taxable","14":"shipping-taxable","15":"purchasable","16":"product-type-simple"},"_links":{"self":[{"href":"https:\/\/bigbuy.tupique.com\/pt\/wp-json\/wp\/v2\/product\/64620","targetHints":{"allow":["GET"]}}],"collection":[{"href":"https:\/\/bigbuy.tupique.com\/pt\/wp-json\/wp\/v2\/product"}],"about":[{"href":"https:\/\/bigbuy.tupique.com\/pt\/wp-json\/wp\/v2\/types\/product"}],"replies":[{"embeddable":true,"href":"https:\/\/bigbuy.tupique.com\/pt\/wp-json\/wp\/v2\/comments?post=64620"}],"wp:featuredmedia":[{"embeddable":true,"href":"https:\/\/bigbuy.tupique.com\/pt\/wp-json\/wp\/v2\/media\/64616"}],"wp:attachment":[{"href":"https:\/\/bigbuy.tupique.com\/pt\/wp-json\/wp\/v2\/media?parent=64620"}],"wp:term":[{"taxonomy":"product_brand","embeddable":true,"href":"https:\/\/bigbuy.tupique.com\/pt\/wp-json\/wp\/v2\/product_brand?post=64620"},{"taxonomy":"product_cat","embeddable":true,"href":"https:\/\/bigbuy.tupique.com\/pt\/wp-json\/wp\/v2\/product_cat?post=64620"},{"taxonomy":"product_tag","embeddable":true,"href":"https:\/\/bigbuy.tupique.com\/pt\/wp-json\/wp\/v2\/product_tag?post=64620"}],"curies":[{"name":"wp","href":"https:\/\/api.w.org\/{rel}","templated":true}]}}