{"id":64557,"date":"2026-04-01T19:18:11","date_gmt":"2026-04-01T18:18:11","guid":{"rendered":"https:\/\/bigbuy.tupique.com\/produto\/smart-tv-xiaomi-ela6318eu-4k-ultra-hd-qled\/"},"modified":"2026-05-11T19:57:19","modified_gmt":"2026-05-11T17:57:19","slug":"smart-tv-xiaomi-ela6318eu-4k-ultra-hd-qled","status":"publish","type":"product","link":"https:\/\/bigbuy.tupique.com\/pt\/produto\/smart-tv-xiaomi-ela6318eu-4k-ultra-hd-qled\/","title":{"rendered":"TV intelligente Xiaomi ELA6318EU 4K Ultra HD QLED"},"content":{"rendered":"<p>Si vous \u00eates passionn\u00e9 d&#8217;<b>informatique et d&#8217;\u00e9lectronique<\/b>, si vous \u00eates \u00e0 la pointe de la technologie et qu&#8217;aucun d\u00e9tail ne vous \u00e9chappe, achetez <b>TV intelligente Xiaomi ELA6318EU 4K Ultra HD QLED<\/b> au meilleur prix.<\/p>\n<p>Le <b>Smart TV 65&#8243;<\/b> de Xiaomi est une option avanc\u00e9e dans le segment des t\u00e9l\u00e9viseurs intelligents, con\u00e7ue pour les utilisateurs recherchant une exp\u00e9rience visuelle immersive et une connectivit\u00e9 simplifi\u00e9e \u00e0 domicile. Ce mod\u00e8le dispose d\u2019un <b>\u00e9cran de 65 pouces<\/b> avec technologie <b>QLED<\/b>, garantissant des couleurs vives, des contrastes profonds et des d\u00e9tails pr\u00e9cis \u00e0 chaque image. Sa <b>r\u00e9solution 4K Ultra HD (3840 x 2160 px)<\/b> permet de profiter de contenus en tr\u00e8s haute d\u00e9finition, offrant des images nettes pour les films, jeux vid\u00e9o ou \u00e9v\u00e9nements sportifs. Gr\u00e2ce au <b>syst\u00e8me d\u2019exploitation Android TV<\/b>, l\u2019acc\u00e8s \u00e0 une large s\u00e9lection d\u2019applications, de services de streaming et de fonctionnalit\u00e9s intelligentes est simple, assurant une navigation intuitive et fluide. L\u2019int\u00e9gration du <b>Wi-Fi<\/b> facilite la connexion \u00e0 Internet pour profiter de contenus en ligne, et la puissance audio de <b>30 W<\/b> offre un son immersif qui compl\u00e8te l\u2019exp\u00e9rience multim\u00e9dia. Il inclut la prise en charge des signaux num\u00e9riques <b>DVB-S2 et DVB-T2<\/b>, la compatibilit\u00e9 avec <b>AMD FreeSync<\/b> pour optimiser les performances de jeu, ainsi qu\u2019un <b>\u00e9cran plat<\/b> qui s\u2019int\u00e8gre dans tout int\u00e9rieur. En r\u00e9sum\u00e9, ce t\u00e9l\u00e9viseur intelligent Xiaomi se distingue par sa combinaison de fonctionnalit\u00e9s avanc\u00e9es en image et connectivit\u00e9, se positionnant comme une solution efficace et polyvalente pour ceux qui exigent qualit\u00e9 et fonctionnalit\u00e9 dans leur divertissement quotidien.<\/p>\n<ul>\n<li>Ecran: 65&#8243;<\/li>\n<li>Connectivit\u00e9: Wi-Fi<\/li>\n<li>R\u00e9solution (px): 3840 x 2160 px<\/li>\n<li>R\u00e9solution: 4K Ultra HD<\/li>\n<li>Technologie: QLED<\/li>\n<\/ul>","protected":false},"excerpt":{"rendered":"<p>Si vous \u00eates passionn\u00e9 d&#8217;informatique et d&#8217;\u00e9lectronique, si vous \u00eates \u00e0 la pointe de la technologie et qu&#8217;aucun d\u00e9tail ne vous \u00e9chappe, achetez TV intelligente Xiaomi ELA6318EU 4K Ultra HD QLED au meilleur prix. Le Smart TV 65&#8243; de Xiaomi est une option avanc\u00e9e dans le segment des t\u00e9l\u00e9viseurs intelligents, con\u00e7ue pour les utilisateurs recherchant [&hellip;]<\/p>\n","protected":false},"featured_media":64542,"comment_status":"open","ping_status":"closed","template":"","meta":[],"product_brand":[525],"product_cat":[589,65,957],"product_tag":[],"class_list":{"0":"post-64557","1":"product","2":"type-product","3":"status-publish","4":"has-post-thumbnail","6":"product_brand-brandp_1269","7":"product_cat-electronique-television","8":"product_cat-informatique-electronique","9":"product_cat-televisions-et-smart-tv","11":"first","12":"instock","13":"taxable","14":"shipping-taxable","15":"purchasable","16":"product-type-simple"},"_links":{"self":[{"href":"https:\/\/bigbuy.tupique.com\/pt\/wp-json\/wp\/v2\/product\/64557","targetHints":{"allow":["GET"]}}],"collection":[{"href":"https:\/\/bigbuy.tupique.com\/pt\/wp-json\/wp\/v2\/product"}],"about":[{"href":"https:\/\/bigbuy.tupique.com\/pt\/wp-json\/wp\/v2\/types\/product"}],"replies":[{"embeddable":true,"href":"https:\/\/bigbuy.tupique.com\/pt\/wp-json\/wp\/v2\/comments?post=64557"}],"wp:featuredmedia":[{"embeddable":true,"href":"https:\/\/bigbuy.tupique.com\/pt\/wp-json\/wp\/v2\/media\/64542"}],"wp:attachment":[{"href":"https:\/\/bigbuy.tupique.com\/pt\/wp-json\/wp\/v2\/media?parent=64557"}],"wp:term":[{"taxonomy":"product_brand","embeddable":true,"href":"https:\/\/bigbuy.tupique.com\/pt\/wp-json\/wp\/v2\/product_brand?post=64557"},{"taxonomy":"product_cat","embeddable":true,"href":"https:\/\/bigbuy.tupique.com\/pt\/wp-json\/wp\/v2\/product_cat?post=64557"},{"taxonomy":"product_tag","embeddable":true,"href":"https:\/\/bigbuy.tupique.com\/pt\/wp-json\/wp\/v2\/product_tag?post=64557"}],"curies":[{"name":"wp","href":"https:\/\/api.w.org\/{rel}","templated":true}]}}