{"id":64460,"date":"2026-04-01T19:15:40","date_gmt":"2026-04-01T18:15:40","guid":{"rendered":"https:\/\/bigbuy.tupique.com\/produto\/dishwasher-bosch-sms2hti06e-60-cm\/"},"modified":"2026-04-15T05:48:28","modified_gmt":"2026-04-15T04:48:28","slug":"dishwasher-bosch-sms2hti06e-60-cm","status":"publish","type":"product","link":"https:\/\/bigbuy.tupique.com\/pt\/produto\/dishwasher-bosch-sms2hti06e-60-cm\/","title":{"rendered":"Lave-vaisselle BOSCH SMS2HTI06E 60 cm"},"content":{"rendered":"<p>Si vous \u00eates \u00e0 la recherche de nouvelles tendances sur le march\u00e9, nous vous pr\u00e9sentons <b>Lave-vaisselle BOSCH SMS2HTI06E 60 cm<\/b> !<\/p>\n<p>Le <b>lave-vaisselle BOSCH<\/b> pr\u00e9sente un design compact avec une <b>largeur r\u00e9elle de 60 cm<\/b>, id\u00e9al pour s\u2019int\u00e9grer dans des cuisines standards, offrant une capacit\u00e9 solide allant jusqu\u2019\u00e0 <b>13 couverts<\/b>, adapt\u00e9e aux familles moyennes et aux utilisateurs recherchant une efficacit\u00e9 au quotidien. Il b\u00e9n\u00e9ficie d\u2019une <b>classe \u00e9nerg\u00e9tique C<\/b>, qui, bien qu\u2019elle ne soit pas la plus performante, reste \u00e9quilibr\u00e9e en consommation, renforc\u00e9e par une consommation d\u2019<b>eau de seulement 9 litres par cycle<\/b>, contribuant \u00e0 un usage raisonn\u00e9 des ressources. Parmi ses programmes, on trouve des options polyvalentes telles que <b>Auto 45-65 \u00b0C<\/b>, <b>Eco 50 \u00b0C<\/b>, <b>Favorite<\/b>, <b>Intensive 70 \u00b0C<\/b>, <b>Pr\u00e9lavage<\/b> et <b>Rapide<\/b>, permettant d\u2019adapter le lavage \u00e0 diff\u00e9rents niveaux de salet\u00e9 et besoins de temps, facilitant une utilisation personnalis\u00e9e. Il se distingue par sa <b>puissance de 2400 W<\/b>, garantissant un nettoyage efficace et une performance constante. De plus, il int\u00e8gre des fonctions modernes comme un \u00e9cran int\u00e9gr\u00e9 pour un contr\u00f4le intuitif et un syst\u00e8me de <b>verrouillage enfant<\/b> assurant la s\u00e9curit\u00e9 lors de l\u2019utilisation. Sa connectivit\u00e9 <b>Wi-Fi<\/b> permet de l\u2019int\u00e9grer dans des environnements domestiques intelligents, facilitant le contr\u00f4le et la programmation depuis des appareils mobiles. Il offre la possibilit\u00e9 d\u2019un <b>d\u00e9part diff\u00e9r\u00e9 jusqu\u2019\u00e0 24 heures<\/b>, optimisant la consommation \u00e9lectrique et s\u2019adaptant aux horaires de l\u2019utilisateur. La finition m\u00e9tallique gris apporte un aspect contemporain et \u00e9l\u00e9gant, adapt\u00e9 aux cuisines au style moderne. Par son ensemble de caract\u00e9ristiques techniques et fonctionnelles, ce lave-vaisselle BOSCH repr\u00e9sente une solution \u00e9quilibr\u00e9e en termes de capacit\u00e9, d\u2019efficacit\u00e9 des ressources et de technologie int\u00e9gr\u00e9e, destin\u00e9 aux consommateurs qui valorisent confort et flexibilit\u00e9 dans l\u2019entretien quotidien de la vaisselle.<\/p>\n<ul>\n<li>Produit \u00e0 brancher: Oui<\/li>\n<li>Type: Lave-vaisselle<\/li>\n<li>Bloc d\u2019Alimentation: r\u00e9seau \u00e9lectrique<\/li>\n<li>Largeur: 60 cm<\/li>\n<li>Classification \u00e9nerg\u00e9tique: C<\/li>\n<li>Mati\u00e8re: Acier inoxydable<\/li>\n<li>Caract\u00e9ristiques:\n<ul>\n<li>Verrouillage pour enfants<\/li>\n<li>\u00c9cran integr\u00e9<\/li>\n<\/ul>\n<\/li>\n<li>Connectivit\u00e9: Wi-Fi<\/li>\n<li>puissance: 2400 W<\/li>\n<li>Couleur: Acier<\/li>\n<li>Capacit\u00e9: 9 L<\/li>\n<li>Fr\u00e9quence d&#8217;entr\u00e9e AC: 50-60 Hz<\/li>\n<li>Longueur du c\u00e2ble: 1,75 m<\/li>\n<li>Type de commande: Boutons<\/li>\n<li>Tension: 220-240 V<\/li>\n<li>Pieds: Ajustables<\/li>\n<li>Amp\u00e9rage: 10 A<\/li>\n<li>Type d&#8217;installation: Ind\u00e9pendant<\/li>\n<\/ul>","protected":false},"excerpt":{"rendered":"<p><span class=\"unit-info\">66.6656 &euro; \/ 1 l<\/span><\/p>","protected":false},"featured_media":64456,"comment_status":"open","ping_status":"closed","template":"","meta":[],"product_brand":[162],"product_cat":[393,60,77],"product_tag":[],"class_list":{"0":"post-64460","1":"product","2":"type-product","3":"status-publish","4":"has-post-thumbnail","6":"product_brand-brandp_959","7":"product_cat-autres-appareils-de-cuisines","8":"product_cat-cuisine-gourmet","9":"product_cat-petit-electromenager","11":"first","12":"instock","13":"taxable","14":"shipping-taxable","15":"purchasable","16":"product-type-simple"},"_links":{"self":[{"href":"https:\/\/bigbuy.tupique.com\/pt\/wp-json\/wp\/v2\/product\/64460","targetHints":{"allow":["GET"]}}],"collection":[{"href":"https:\/\/bigbuy.tupique.com\/pt\/wp-json\/wp\/v2\/product"}],"about":[{"href":"https:\/\/bigbuy.tupique.com\/pt\/wp-json\/wp\/v2\/types\/product"}],"replies":[{"embeddable":true,"href":"https:\/\/bigbuy.tupique.com\/pt\/wp-json\/wp\/v2\/comments?post=64460"}],"wp:featuredmedia":[{"embeddable":true,"href":"https:\/\/bigbuy.tupique.com\/pt\/wp-json\/wp\/v2\/media\/64456"}],"wp:attachment":[{"href":"https:\/\/bigbuy.tupique.com\/pt\/wp-json\/wp\/v2\/media?parent=64460"}],"wp:term":[{"taxonomy":"product_brand","embeddable":true,"href":"https:\/\/bigbuy.tupique.com\/pt\/wp-json\/wp\/v2\/product_brand?post=64460"},{"taxonomy":"product_cat","embeddable":true,"href":"https:\/\/bigbuy.tupique.com\/pt\/wp-json\/wp\/v2\/product_cat?post=64460"},{"taxonomy":"product_tag","embeddable":true,"href":"https:\/\/bigbuy.tupique.com\/pt\/wp-json\/wp\/v2\/product_tag?post=64460"}],"curies":[{"name":"wp","href":"https:\/\/api.w.org\/{rel}","templated":true}]}}