{"id":64285,"date":"2026-04-01T19:03:22","date_gmt":"2026-04-01T18:03:22","guid":{"rendered":"https:\/\/bigbuy.tupique.com\/produto\/smart-tv-hisense-85e7q-85-4k-ultra-hd-led-hdr-d-led-qled\/"},"modified":"2026-05-11T19:57:10","modified_gmt":"2026-05-11T17:57:10","slug":"smart-tv-hisense-85e7q-85-4k-ultra-hd-led-hdr-d-led-qled","status":"publish","type":"product","link":"https:\/\/bigbuy.tupique.com\/pt\/produto\/smart-tv-hisense-85e7q-85-4k-ultra-hd-led-hdr-d-led-qled\/","title":{"rendered":"TV intelligente Hisense 85E7Q 85&#8243; 4K Ultra HD LED HDR D-LED QLED"},"content":{"rendered":"<p>Si vous \u00eates \u00e0 la recherche de nouvelles tendances sur le march\u00e9, nous vous pr\u00e9sentons <b>TV intelligente Hisense 85E7Q 85&#8243; 4K Ultra HD LED HDR D-LED QLED<\/b> !<\/p>\n<p>Le <b>Hisense 85E7Q<\/b> est un <b>Smart TV 85&#8243;<\/b> qui se distingue comme une option robuste et avanc\u00e9e pour ceux qui recherchent une exp\u00e9rience audiovisuelle immersive en grand format. Il dispose d\u2019un <b>\u00e9cran QLED plat de 85 pouces<\/b> avec une <b>r\u00e9solution 4K Ultra HD (3840 x 2160)<\/b>, garantissant des images nettes, des couleurs \u00e9clatantes et un niveau de d\u00e9tail \u00e9lev\u00e9, id\u00e9al pour le home cin\u00e9ma, le sport ou les jeux vid\u00e9o. Son design en <b>noir<\/b> avec une finition en <b>plastique<\/b> allie r\u00e9sistance et \u00e9l\u00e9gance, s\u2019int\u00e9grant parfaitement dans les salons modernes. Ce t\u00e9l\u00e9viseur propose la <b>navigation web<\/b> et toutes les fonctionnalit\u00e9s d\u2019une <b>Smart TV<\/b> gr\u00e2ce au syst\u00e8me d\u2019exploitation <b>VIDAA<\/b>, permettant d\u2019acc\u00e9der facilement \u00e0 de nombreuses applications de streaming, contenus en ligne et fonctions interactives. C\u00f4t\u00e9 audio, il offre une <b>puissance RMS estim\u00e9e \u00e0 30W<\/b> avec <b>\u00e9galiseur<\/b>, assurant une exp\u00e9rience sonore \u00e9quilibr\u00e9e et immersive. Pour une qualit\u00e9 d\u2019image optimale en toutes circonstances, il int\u00e8gre une <b>r\u00e9duction du bruit<\/b> qui \u00e9limine les interf\u00e9rences et am\u00e9liore la clart\u00e9 visuelle. Sa large compatibilit\u00e9 avec les tuners <b>DVB-C, DVB-S, DVB-S2, DVB-T, DVB-T2, analogiques et num\u00e9riques<\/b> permet d\u2019acc\u00e9der \u00e0 de nombreux canaux terrestres, c\u00e2bl\u00e9s ou satellites, offrant une flexibilit\u00e9 maximale pour la r\u00e9ception. Parmi ses caract\u00e9ristiques techniques, la connectivit\u00e9 <b>Wi-Fi<\/b> int\u00e9gr\u00e9e facilite l\u2019int\u00e9gration du Smart TV dans l\u2019environnement num\u00e9rique domestique. Sa <b>classe \u00e9nerg\u00e9tique E<\/b> r\u00e9pond aux normes actuelles, assurant une consommation d\u2019\u00e9nergie efficace pour cette taille d\u2019\u00e9cran. Le Hisense 85E7Q est le choix id\u00e9al pour ceux qui souhaitent un t\u00e9l\u00e9viseur grand format alliant qualit\u00e9 d\u2019image, fonctionnalit\u00e9s intelligentes et connectivit\u00e9 avanc\u00e9e dans un seul appareil.<\/p>\n<ul>\n<li>Ecran: 85&#8243;<\/li>\n<li>Connectivit\u00e9:\n<ul>\n<li>Wi-Fi<\/li>\n<li>Bluetooth<\/li>\n<li>Bluetooth 5.0<\/li>\n<\/ul>\n<\/li>\n<li>R\u00e9solution (px): 3840 x 2160 px<\/li>\n<li>Couleur: Noir<\/li>\n<li>Mati\u00e8re: Plastique<\/li>\n<li>Caract\u00e9ristiques:\n<ul>\n<li>Navigation web<\/li>\n<li>R\u00e9duction du bruit<\/li>\n<li>Equalizer<\/li>\n<li>TV intelligente<\/li>\n<li>T\u00e9l\u00e9texte<\/li>\n<li>Guide \u00e9lectronique des programmes (EPG)<\/li>\n<li>Apple AirPlay 2<\/li>\n<li>Minuterie d&#8217;arr\u00eat<\/li>\n<li>2 Haut-parleurs<\/li>\n<li>Mode h\u00f4tel<\/li>\n<li>\u00c9cran plat<\/li>\n<\/ul>\n<\/li>\n<li>Connexions:\n<ul>\n<li>USB 2.0<\/li>\n<li>RJ45<\/li>\n<li>Ethernet LAN<\/li>\n<li>CI+<\/li>\n<li>HDMI 2.1 x 1<\/li>\n<li>HDMI 1.4<\/li>\n<\/ul>\n<\/li>\n<li>Rapport d&#8217;aspect: 16:9<\/li>\n<li>Classification \u00e9nerg\u00e9tique: E<\/li>\n<li>Bloc d\u2019Alimentation: Cordon d&#8217;alimentation CA<\/li>\n<li>Technologie:\n<ul>\n<li>LED<\/li>\n<li>HDR<\/li>\n<li>D-LED<\/li>\n<li>QLED<\/li>\n<\/ul>\n<\/li>\n<li>Puissance RMS: 30 W<\/li>\n<li>TV intelligente: Oui<\/li>\n<li>Compatible:\n<ul>\n<li>Amazon Alexa<\/li>\n<li>VESA 600 x 400 mm<\/li>\n<\/ul>\n<\/li>\n<li>Inclut: T\u00e9l\u00e9commande<\/li>\n<li>Processeur: Quad Core<\/li>\n<li>R\u00e9cepteur:\n<ul>\n<li>DVB-C,DVB-S,DVB-S2,DVB-T,DVB-T2<\/li>\n<li>Analogique et num\u00e9rique<\/li>\n<\/ul>\n<\/li>\n<li>R\u00e9solution: 4K Ultra HD<\/li>\n<li>Tension: 100 &#8211; 240 V<\/li>\n<li>Fr\u00e9quence d&#8217;entr\u00e9e AC: 50-60 Hz<\/li>\n<li>Formats: BMP,GIF,JPEG,PNG<\/li>\n<li>Cha\u00eenes: 2.0<\/li>\n<li>Fr\u00e9quence: 60 Hz<\/li>\n<li>Flux lumineux: 400 lm<\/li>\n<li>Angle: 178\u00ba<\/li>\n<li>Montage: VESA<\/li>\n<li>Diagonale de l&#8217;\u00e9cran (cm): 215,9 cm<\/li>\n<li>Temps de r\u00e9ponse: 8 ms<\/li>\n<\/ul>","protected":false},"excerpt":{"rendered":"<p>Si vous \u00eates \u00e0 la recherche de nouvelles tendances sur le march\u00e9, nous vous pr\u00e9sentons TV intelligente Hisense 85E7Q 85&#8243; 4K Ultra HD LED HDR D-LED QLED ! Le Hisense 85E7Q est un Smart TV 85&#8243; qui se distingue comme une option robuste et avanc\u00e9e pour ceux qui recherchent une exp\u00e9rience audiovisuelle immersive en grand [&hellip;]<\/p>\n","protected":false},"featured_media":64283,"comment_status":"open","ping_status":"closed","template":"","meta":[],"product_brand":[1341],"product_cat":[589,65,957],"product_tag":[],"class_list":{"0":"post-64285","1":"product","2":"type-product","3":"status-publish","4":"has-post-thumbnail","6":"product_brand-brandp_612","7":"product_cat-electronique-television","8":"product_cat-informatique-electronique","9":"product_cat-televisions-et-smart-tv","11":"first","12":"instock","13":"taxable","14":"shipping-taxable","15":"purchasable","16":"product-type-simple"},"_links":{"self":[{"href":"https:\/\/bigbuy.tupique.com\/pt\/wp-json\/wp\/v2\/product\/64285","targetHints":{"allow":["GET"]}}],"collection":[{"href":"https:\/\/bigbuy.tupique.com\/pt\/wp-json\/wp\/v2\/product"}],"about":[{"href":"https:\/\/bigbuy.tupique.com\/pt\/wp-json\/wp\/v2\/types\/product"}],"replies":[{"embeddable":true,"href":"https:\/\/bigbuy.tupique.com\/pt\/wp-json\/wp\/v2\/comments?post=64285"}],"wp:featuredmedia":[{"embeddable":true,"href":"https:\/\/bigbuy.tupique.com\/pt\/wp-json\/wp\/v2\/media\/64283"}],"wp:attachment":[{"href":"https:\/\/bigbuy.tupique.com\/pt\/wp-json\/wp\/v2\/media?parent=64285"}],"wp:term":[{"taxonomy":"product_brand","embeddable":true,"href":"https:\/\/bigbuy.tupique.com\/pt\/wp-json\/wp\/v2\/product_brand?post=64285"},{"taxonomy":"product_cat","embeddable":true,"href":"https:\/\/bigbuy.tupique.com\/pt\/wp-json\/wp\/v2\/product_cat?post=64285"},{"taxonomy":"product_tag","embeddable":true,"href":"https:\/\/bigbuy.tupique.com\/pt\/wp-json\/wp\/v2\/product_tag?post=64285"}],"curies":[{"name":"wp","href":"https:\/\/api.w.org\/{rel}","templated":true}]}}