{"id":64169,"date":"2026-04-01T19:00:01","date_gmt":"2026-04-01T18:00:01","guid":{"rendered":"https:\/\/bigbuy.tupique.com\/produto\/electric-coffee-maker-ninja-es601eu\/"},"modified":"2026-04-15T04:46:48","modified_gmt":"2026-04-15T03:46:48","slug":"electric-coffee-maker-ninja-es601eu","status":"publish","type":"product","link":"https:\/\/bigbuy.tupique.com\/pt\/produto\/electric-coffee-maker-ninja-es601eu\/","title":{"rendered":"Caf\u00e9ti\u00e8re \u00e9lectrique NINJA ES601EU"},"content":{"rendered":"<p>Si vous \u00eates \u00e0 la recherche de nouvelles tendances sur le march\u00e9, nous vous pr\u00e9sentons <b>Caf\u00e9ti\u00e8re \u00e9lectrique NINJA ES601EU<\/b> !<\/p>\n<p>La <b>cafeti\u00e8re \u00e9lectrique<\/b> <b>NINJA ES601EU<\/b> est con\u00e7ue pour offrir des r\u00e9sultats professionnels \u00e0 domicile, alliant technologie de pr\u00e9cision et mat\u00e9riaux de haute qualit\u00e9. Fabriqu\u00e9e en <b>acier inoxydable<\/b>, cette cafeti\u00e8re garantit durabilit\u00e9 et facilit\u00e9 de nettoyage, tout en apportant une finition \u00e9l\u00e9gante \u00e0 toute cuisine. Compatible avec la <b>prise EU<\/b>, elle s\u2019int\u00e8gre ais\u00e9ment dans les foyers europ\u00e9ens. Parmi ses fonctions, la <b>pr\u00e9paration de cappuccino<\/b> se distingue, permettant de cr\u00e9er des boissons onctueuses gr\u00e2ce au vapeur int\u00e9gr\u00e9, id\u00e9al pour les amateurs de caf\u00e9 au lait et mousse. La <b>pression maximale de 9 bars<\/b> assure une extraction efficace de l\u2019espresso, offrant un go\u00fbt authentique et un ar\u00f4me intense \u00e0 chaque tasse. Elle est \u00e9quip\u00e9e d\u2019un <b>filtre \u00e0 caf\u00e9<\/b> r\u00e9utilisable, favorisant \u00e9conomie et durabilit\u00e9 au quotidien. Sa facilit\u00e9 de nettoyage rend l\u2019utilisation confortable et pratique, adapt\u00e9e aussi bien aux d\u00e9butants qu\u2019aux amateurs d\u2019excellence. La NINJA ES601EU est une option polyvalente et fonctionnelle pour ceux qui souhaitent savourer un espresso et un cappuccino de qualit\u00e9 professionnelle chez eux.<\/p>\n<ul>\n<li>Type: Bouilloire<\/li>\n<li>Produit \u00e0 brancher: Oui<\/li>\n<li>Type de prise: Prise EU<\/li>\n<li>Bloc d\u2019Alimentation: r\u00e9seau \u00e9lectrique<\/li>\n<li>Fonctions: Capuccino<\/li>\n<\/ul>","protected":false},"excerpt":{"rendered":"<p>Si vous \u00eates \u00e0 la recherche de nouvelles tendances sur le march\u00e9, nous vous pr\u00e9sentons Caf\u00e9ti\u00e8re \u00e9lectrique NINJA ES601EU ! La cafeti\u00e8re \u00e9lectrique NINJA ES601EU est con\u00e7ue pour offrir des r\u00e9sultats professionnels \u00e0 domicile, alliant technologie de pr\u00e9cision et mat\u00e9riaux de haute qualit\u00e9. Fabriqu\u00e9e en acier inoxydable, cette cafeti\u00e8re garantit durabilit\u00e9 et facilit\u00e9 de nettoyage, [&hellip;]<\/p>\n","protected":false},"featured_media":64162,"comment_status":"open","ping_status":"closed","template":"","meta":[],"product_brand":[287],"product_cat":[725,60,77],"product_tag":[104,56],"class_list":{"0":"post-64169","1":"product","2":"type-product","3":"status-publish","4":"has-post-thumbnail","6":"product_brand-brandp_6527","7":"product_cat-cafetieres","8":"product_cat-cuisine-gourmet","9":"product_cat-petit-electromenager","10":"product_tag-tag_1279","11":"product_tag-tag_930","13":"first","14":"instock","15":"taxable","16":"shipping-taxable","17":"purchasable","18":"product-type-simple"},"_links":{"self":[{"href":"https:\/\/bigbuy.tupique.com\/pt\/wp-json\/wp\/v2\/product\/64169","targetHints":{"allow":["GET"]}}],"collection":[{"href":"https:\/\/bigbuy.tupique.com\/pt\/wp-json\/wp\/v2\/product"}],"about":[{"href":"https:\/\/bigbuy.tupique.com\/pt\/wp-json\/wp\/v2\/types\/product"}],"replies":[{"embeddable":true,"href":"https:\/\/bigbuy.tupique.com\/pt\/wp-json\/wp\/v2\/comments?post=64169"}],"wp:featuredmedia":[{"embeddable":true,"href":"https:\/\/bigbuy.tupique.com\/pt\/wp-json\/wp\/v2\/media\/64162"}],"wp:attachment":[{"href":"https:\/\/bigbuy.tupique.com\/pt\/wp-json\/wp\/v2\/media?parent=64169"}],"wp:term":[{"taxonomy":"product_brand","embeddable":true,"href":"https:\/\/bigbuy.tupique.com\/pt\/wp-json\/wp\/v2\/product_brand?post=64169"},{"taxonomy":"product_cat","embeddable":true,"href":"https:\/\/bigbuy.tupique.com\/pt\/wp-json\/wp\/v2\/product_cat?post=64169"},{"taxonomy":"product_tag","embeddable":true,"href":"https:\/\/bigbuy.tupique.com\/pt\/wp-json\/wp\/v2\/product_tag?post=64169"}],"curies":[{"name":"wp","href":"https:\/\/api.w.org\/{rel}","templated":true}]}}