{"id":64041,"date":"2026-04-01T18:57:11","date_gmt":"2026-04-01T17:57:11","guid":{"rendered":"https:\/\/bigbuy.tupique.com\/produto\/multifunction-printer-canon-6169c006\/"},"modified":"2026-04-15T04:08:00","modified_gmt":"2026-04-15T03:08:00","slug":"multifunction-printer-canon-6169c006","status":"publish","type":"product","link":"https:\/\/bigbuy.tupique.com\/pt\/produto\/multifunction-printer-canon-6169c006\/","title":{"rendered":"Imprimante Multifonction Canon 6169C006"},"content":{"rendered":"<p>Si vous \u00eates passionn\u00e9 d&#8217;<b>informatique et d&#8217;\u00e9lectronique<\/b>, si vous \u00eates \u00e0 la pointe de la technologie et qu&#8217;aucun d\u00e9tail ne vous \u00e9chappe, achetez <b>Imprimante Multifonction Canon 6169C006<\/b> au meilleur prix.<\/p>\n<p>La <b>imprimante multifonction Canon MAXIFY GX1050<\/b> est une solution compl\u00e8te pour les environnements de bureau n\u00e9cessitant efficacit\u00e9 et qualit\u00e9 en impression, copie, num\u00e9risation et fax. Cette imprimante \u00e0 <b>jet d\u2019encre<\/b> se distingue par son syst\u00e8me de <b>r\u00e9servoirs rechargeables<\/b>, facilitant un volume d\u2019impression \u00e9lev\u00e9 \u00e0 faible co\u00fbt et r\u00e9duisant la fr\u00e9quence de remplacement des consommables. Avec une vitesse de <b>10 pages par minute<\/b>, elle offre une performance adapt\u00e9e aux t\u00e2ches quotidiennes sans compromettre la productivit\u00e9. Son design compact et \u00e9l\u00e9gant en blanc int\u00e8gre un <b>\u00e9cran tactile LCD couleur<\/b> facile \u00e0 utiliser, qui simplifie la configuration et l\u2019acc\u00e8s aux fonctions principales directement depuis l\u2019appareil. Elle prend en charge des formats jusqu\u2019au <b>A4<\/b>, s\u2019adaptant \u00e0 la plupart des documents standards de bureau. La connectivit\u00e9 <b>WiFi int\u00e9gr\u00e9e<\/b> permet d\u2019imprimer sans fil depuis ordinateurs, smartphones et tablettes, favorisant mobilit\u00e9 et flexibilit\u00e9 au travail. De plus, elle dispose d\u2019une fonction <b>fax<\/b>, \u00e9largissant ses usages pour les communications professionnelles. L\u2019appareil mise sur la praticit\u00e9 et l\u2019\u00e9conomie gr\u00e2ce \u00e0 sa technologie de cartouches rechargeables, garantissant un usage durable et \u00e9vitant les interruptions fr\u00e9quentes. En r\u00e9sum\u00e9, la Canon MAXIFY GX1050 se positionne comme une imprimante multifonction fiable et polyvalente, id\u00e9ale pour les bureaux recherchant un \u00e9quilibre entre qualit\u00e9 d\u2019impression, confort d\u2019utilisation et gestion efficace des ressources.<\/p>\n<ul>\n<li>Type de prise: Prise EU<\/li>\n<li>Taille: A4<\/li>\n<li>R\u00e9solution d&#8217;image maximale:\n<ul>\n<li>1200 x 2400 dpi<\/li>\n<li>3600 x 1200 DPI<\/li>\n<\/ul>\n<\/li>\n<li>Type:\n<ul>\n<li>Imprimante Multifonction<\/li>\n<li>Couleur<\/li>\n<li>Tout en un<\/li>\n<li>Scanner plat de bureau<\/li>\n<\/ul>\n<\/li>\n<li>Produit \u00e0 brancher: Oui<\/li>\n<li>Bloc d\u2019Alimentation:\n<ul>\n<li>r\u00e9seau \u00e9lectrique<\/li>\n<li>Cordon d&#8217;alimentation CA<\/li>\n<\/ul>\n<\/li>\n<li>Couleur: Blanc<\/li>\n<li>Caract\u00e9ristiques:\n<ul>\n<li>\u00c9cran couleur<\/li>\n<li>\u00c9cran LCD<\/li>\n<li>\u00c9cran integr\u00e9<\/li>\n<li>Impression recto verso<\/li>\n<li>Commande tactile<\/li>\n<\/ul>\n<\/li>\n<li>Connexions:\n<ul>\n<li>USB<\/li>\n<li>USB B x 1<\/li>\n<\/ul>\n<\/li>\n<li>Connectivit\u00e9:\n<ul>\n<li>Wi-Fi<\/li>\n<li>Ethernet LAN<\/li>\n<\/ul>\n<\/li>\n<li>Tension:\n<ul>\n<li>220 V<\/li>\n<li>100 &#8211; 240 V<\/li>\n<\/ul>\n<\/li>\n<li>Technologie: Injection d&#8217;encre<\/li>\n<li>vitesse: 10 ppm<\/li>\n<li>Impression couleur: Oui<\/li>\n<li>Scanner: 1200 x 2400 dpi<\/li>\n<li>Capacit\u00e9: 250 Volets<\/li>\n<li>Compatible: Android, iOS<\/li>\n<li>Papier:\n<ul>\n<li>A4<\/li>\n<li>B5<\/li>\n<\/ul>\n<\/li>\n<li>Fr\u00e9quence d&#8217;entr\u00e9e AC: 50-60 Hz<\/li>\n<li>Plateau: 1<\/li>\n<li>Plage d&#8217;humidit\u00e9 de travail: 10 % &#8211; 90 %<\/li>\n<li>Utilisation recommand\u00e9e: Maison<\/li>\n<li>Fonctions: Imprimer<\/li>\n<li>Inclut: Cartouche<\/li>\n<li>M\u00e9t\u00e9o: 9 s<\/li>\n<li>Diagonale de l&#8217;\u00e9cran (cm): 6,9 cm<\/li>\n<\/ul>","protected":false},"excerpt":{"rendered":"<p>Si vous \u00eates passionn\u00e9 d&#8217;informatique et d&#8217;\u00e9lectronique, si vous \u00eates \u00e0 la pointe de la technologie et qu&#8217;aucun d\u00e9tail ne vous \u00e9chappe, achetez Imprimante Multifonction Canon 6169C006 au meilleur prix. La imprimante multifonction Canon MAXIFY GX1050 est une solution compl\u00e8te pour les environnements de bureau n\u00e9cessitant efficacit\u00e9 et qualit\u00e9 en impression, copie, num\u00e9risation et fax. [&hellip;]<\/p>\n","protected":false},"featured_media":64000,"comment_status":"open","ping_status":"closed","template":"","meta":[],"product_brand":[637],"product_cat":[592,65,581],"product_tag":[213,106],"class_list":{"0":"post-64041","1":"product","2":"type-product","3":"status-publish","4":"has-post-thumbnail","6":"product_brand-brandp_539","7":"product_cat-imprimantes","8":"product_cat-informatique-electronique","9":"product_cat-informatique-peripheriques-et-consommables","10":"product_tag-tag_933","11":"product_tag-tag_1295","13":"first","14":"instock","15":"taxable","16":"shipping-taxable","17":"purchasable","18":"product-type-simple"},"_links":{"self":[{"href":"https:\/\/bigbuy.tupique.com\/pt\/wp-json\/wp\/v2\/product\/64041","targetHints":{"allow":["GET"]}}],"collection":[{"href":"https:\/\/bigbuy.tupique.com\/pt\/wp-json\/wp\/v2\/product"}],"about":[{"href":"https:\/\/bigbuy.tupique.com\/pt\/wp-json\/wp\/v2\/types\/product"}],"replies":[{"embeddable":true,"href":"https:\/\/bigbuy.tupique.com\/pt\/wp-json\/wp\/v2\/comments?post=64041"}],"wp:featuredmedia":[{"embeddable":true,"href":"https:\/\/bigbuy.tupique.com\/pt\/wp-json\/wp\/v2\/media\/64000"}],"wp:attachment":[{"href":"https:\/\/bigbuy.tupique.com\/pt\/wp-json\/wp\/v2\/media?parent=64041"}],"wp:term":[{"taxonomy":"product_brand","embeddable":true,"href":"https:\/\/bigbuy.tupique.com\/pt\/wp-json\/wp\/v2\/product_brand?post=64041"},{"taxonomy":"product_cat","embeddable":true,"href":"https:\/\/bigbuy.tupique.com\/pt\/wp-json\/wp\/v2\/product_cat?post=64041"},{"taxonomy":"product_tag","embeddable":true,"href":"https:\/\/bigbuy.tupique.com\/pt\/wp-json\/wp\/v2\/product_tag?post=64041"}],"curies":[{"name":"wp","href":"https:\/\/api.w.org\/{rel}","templated":true}]}}