{"id":63907,"date":"2026-04-01T18:42:31","date_gmt":"2026-04-01T17:42:31","guid":{"rendered":"https:\/\/bigbuy.tupique.com\/produto\/washing-machine-beko-1200-rpm-8-kg\/"},"modified":"2026-05-11T19:57:19","modified_gmt":"2026-05-11T17:57:19","slug":"washing-machine-beko-1200-rpm-8-kg","status":"publish","type":"product","link":"https:\/\/bigbuy.tupique.com\/pt\/produto\/washing-machine-beko-1200-rpm-8-kg\/","title":{"rendered":"Machine \u00e0 laver BEKO 1200 rpm 8 kg"},"content":{"rendered":"<p>Si vous \u00eates \u00e0 la recherche de nouvelles tendances sur le march\u00e9, nous vous pr\u00e9sentons <b>Machine \u00e0 laver BEKO 1200 rpm 8 kg<\/b> !<\/p>\n<ul>\n<li>Type d&#8217;installation: Sous le plan de travail<\/li>\n<li>Produit \u00e0 brancher: Oui<\/li>\n<li>Langue: Espagnol<\/li>\n<li>Bloc d\u2019Alimentation: r\u00e9seau \u00e9lectrique<\/li>\n<li>Niveau sonore: 75 dB<\/li>\n<li>Classification \u00e9nerg\u00e9tique: A<\/li>\n<li>vitesse: 1200 rpm<\/li>\n<li>Capacit\u00e9: 8 kg<\/li>\n<li>Couleur: Blanc<\/li>\n<li>Programmes:\n<ul>\n<li>15<\/li>\n<li>Coton<\/li>\n<li>Centrifugation<\/li>\n<li>D\u00e9licats<\/li>\n<li>Laine<\/li>\n<li>Synth\u00e9tiques<\/li>\n<li>Rapide<\/li>\n<li>Literie<\/li>\n<li>Intensif<\/li>\n<li>Lavage \u00e0 froid<\/li>\n<li>ECO<\/li>\n<li>Journal intime<\/li>\n<li>Sport<\/li>\n<li>Lavage anti-allergique<\/li>\n<li>Couleurs<\/li>\n<li>Couette l\u00e9g\u00e8re<\/li>\n<\/ul>\n<\/li>\n<li>Type de charge: Frontal<\/li>\n<li>Type de prise: Prise EU<\/li>\n<li>Quantit\u00e9 de programmes automatiques: 15<\/li>\n<\/ul>","protected":false},"excerpt":{"rendered":"<p><span class=\"unit-info\">58.4988 &euro; \/ 1 kg<\/span><\/p>","protected":false},"featured_media":63905,"comment_status":"open","ping_status":"closed","template":"","meta":[],"product_brand":[825],"product_cat":[239,240,751],"product_tag":[],"class_list":{"0":"post-63907","1":"product","2":"type-product","3":"status-publish","4":"has-post-thumbnail","6":"product_brand-brandp_1255","7":"product_cat-maison-jardin","8":"product_cat-nettoyage-aspirateur-et-repassage","9":"product_cat-seche-linge-fers-a-repasser-sechoirs","11":"first","12":"instock","13":"taxable","14":"shipping-taxable","15":"purchasable","16":"product-type-simple"},"_links":{"self":[{"href":"https:\/\/bigbuy.tupique.com\/pt\/wp-json\/wp\/v2\/product\/63907","targetHints":{"allow":["GET"]}}],"collection":[{"href":"https:\/\/bigbuy.tupique.com\/pt\/wp-json\/wp\/v2\/product"}],"about":[{"href":"https:\/\/bigbuy.tupique.com\/pt\/wp-json\/wp\/v2\/types\/product"}],"replies":[{"embeddable":true,"href":"https:\/\/bigbuy.tupique.com\/pt\/wp-json\/wp\/v2\/comments?post=63907"}],"wp:featuredmedia":[{"embeddable":true,"href":"https:\/\/bigbuy.tupique.com\/pt\/wp-json\/wp\/v2\/media\/63905"}],"wp:attachment":[{"href":"https:\/\/bigbuy.tupique.com\/pt\/wp-json\/wp\/v2\/media?parent=63907"}],"wp:term":[{"taxonomy":"product_brand","embeddable":true,"href":"https:\/\/bigbuy.tupique.com\/pt\/wp-json\/wp\/v2\/product_brand?post=63907"},{"taxonomy":"product_cat","embeddable":true,"href":"https:\/\/bigbuy.tupique.com\/pt\/wp-json\/wp\/v2\/product_cat?post=63907"},{"taxonomy":"product_tag","embeddable":true,"href":"https:\/\/bigbuy.tupique.com\/pt\/wp-json\/wp\/v2\/product_tag?post=63907"}],"curies":[{"name":"wp","href":"https:\/\/api.w.org\/{rel}","templated":true}]}}