{"id":63898,"date":"2026-04-01T18:42:23","date_gmt":"2026-04-01T17:42:23","guid":{"rendered":"https:\/\/bigbuy.tupique.com\/produto\/gas-cooker-meireles-2\/"},"modified":"2026-04-15T07:37:52","modified_gmt":"2026-04-15T06:37:52","slug":"gas-cooker-meireles-2","status":"publish","type":"product","link":"https:\/\/bigbuy.tupique.com\/pt\/produto\/gas-cooker-meireles-2\/","title":{"rendered":"Cuisini\u00e8re \u00e0 Gaz Meireles"},"content":{"rendered":"<p>Si vous \u00eates \u00e0 la recherche de nouvelles tendances sur le march\u00e9, nous vous pr\u00e9sentons <b>Cuisini\u00e8re \u00e0 Gaz Meireles<\/b> !<\/p>\n<p>La cuisini\u00e8re \u00e0 gaz Meireles G801XST NAT est un appareil \u00e9lectrom\u00e9nager con\u00e7u pour ceux qui recherchent fonctionnalit\u00e9 et efficacit\u00e9 dans leur cuisine. Avec un design \u00e9l\u00e9gant et une capacit\u00e9 polyvalente, cette cuisini\u00e8re permet de pr\u00e9parer une vari\u00e9t\u00e9 de plats avec facilit\u00e9. Elle est \u00e9quip\u00e9e de cinq br\u00fbleurs \u00e0 gaz naturel, offrant une excellente r\u00e9partition de la chaleur et permettant de cuisiner plus rapidement et uniform\u00e9ment. La surface de la cuisini\u00e8re est r\u00e9sistante et facile \u00e0 nettoyer, garantissant que son entretien ne soit pas un effort. De plus, son syst\u00e8me d&#8217;allumage est pratique et s\u00fbr, facilitant le d\u00e9marrage de la cuisson sans complications. Cette cuisini\u00e8re \u00e0 gaz est id\u00e9ale pour tout type de cuisine, des espaces r\u00e9duits aux grandes cuisines familiales, et s&#8217;adapte parfaitement \u00e0 vos besoins culinaires.<\/p>\n<p>&#8211; Mod\u00e8le : G801XST NAT<\/p>\n<p>&#8211; Marque : Meireles<\/p>\n<p>&#8211; Type de produit : Cuisini\u00e8re \u00e0 gaz<\/p>\n<p>&#8211; Nombre de br\u00fbleurs : 5<\/p>\n<p>&#8211; Type de gaz : Naturel<\/p>\n<p>&#8211; Design \u00e9l\u00e9gant, facile \u00e0 nettoyer<\/p>\n<p>&#8211; Syst\u00e8me d&#8217;allumage pratique et s\u00fbr<\/p>\n<p>&#8211; Id\u00e9ale pour diverses modalit\u00e9s de cuisson et espaces<\/p>\n<p>&#8211; Excellente r\u00e9partition de la chaleur pour cuisiner uniform\u00e9ment<\/p>\n<ul>\n<li>Type: Cuisini\u00e8re \u00e0 Gaz<\/li>\n<li>Informations importantes: En ce qui concerne le raccordement au gaz, il convient de respecter les r\u00e9glementations nationales en vigueur.<\/li>\n<\/ul>\n<p>Informations importantes: En ce qui concerne le raccordement au gaz, il convient de respecter les r\u00e9glementations nationales en vigueur..<\/p>","protected":false},"excerpt":{"rendered":"<p><span class=\"unit-info\">7.4260 &euro; \/ 1 l<\/span><\/p>","protected":false},"featured_media":63897,"comment_status":"open","ping_status":"closed","template":"","meta":[],"product_brand":[1543],"product_cat":[60,747,77],"product_tag":[55],"class_list":{"0":"post-63898","1":"product","2":"type-product","3":"status-publish","4":"has-post-thumbnail","6":"product_brand-brandp_1637","7":"product_cat-cuisine-gourmet","8":"product_cat-fours","9":"product_cat-petit-electromenager","10":"product_tag-tag_926","12":"first","13":"instock","14":"taxable","15":"shipping-taxable","16":"purchasable","17":"product-type-simple"},"_links":{"self":[{"href":"https:\/\/bigbuy.tupique.com\/pt\/wp-json\/wp\/v2\/product\/63898","targetHints":{"allow":["GET"]}}],"collection":[{"href":"https:\/\/bigbuy.tupique.com\/pt\/wp-json\/wp\/v2\/product"}],"about":[{"href":"https:\/\/bigbuy.tupique.com\/pt\/wp-json\/wp\/v2\/types\/product"}],"replies":[{"embeddable":true,"href":"https:\/\/bigbuy.tupique.com\/pt\/wp-json\/wp\/v2\/comments?post=63898"}],"wp:featuredmedia":[{"embeddable":true,"href":"https:\/\/bigbuy.tupique.com\/pt\/wp-json\/wp\/v2\/media\/63897"}],"wp:attachment":[{"href":"https:\/\/bigbuy.tupique.com\/pt\/wp-json\/wp\/v2\/media?parent=63898"}],"wp:term":[{"taxonomy":"product_brand","embeddable":true,"href":"https:\/\/bigbuy.tupique.com\/pt\/wp-json\/wp\/v2\/product_brand?post=63898"},{"taxonomy":"product_cat","embeddable":true,"href":"https:\/\/bigbuy.tupique.com\/pt\/wp-json\/wp\/v2\/product_cat?post=63898"},{"taxonomy":"product_tag","embeddable":true,"href":"https:\/\/bigbuy.tupique.com\/pt\/wp-json\/wp\/v2\/product_tag?post=63898"}],"curies":[{"name":"wp","href":"https:\/\/api.w.org\/{rel}","templated":true}]}}