{"id":63872,"date":"2026-04-01T18:41:48","date_gmt":"2026-04-01T17:41:48","guid":{"rendered":"https:\/\/bigbuy.tupique.com\/produto\/induction-hob-with-integrated-extractor-cata-ias6024-4-flex-ind-7200-w\/"},"modified":"2026-04-15T07:03:51","modified_gmt":"2026-04-15T06:03:51","slug":"induction-hob-with-integrated-extractor-cata-ias6024-4-flex-ind-7200-w","status":"publish","type":"product","link":"https:\/\/bigbuy.tupique.com\/pt\/produto\/induction-hob-with-integrated-extractor-cata-ias6024-4-flex-ind-7200-w\/","title":{"rendered":"Plaque \u00e0 induction avec extracteur int\u00e9gr\u00e9 Cata IAS6024 4 FLEX IND 7200 W"},"content":{"rendered":"<p>Si vous pensez r\u00e9nover votre cuisine, achetez <b>Plaque \u00e0 induction avec extracteur int\u00e9gr\u00e9 Cata IAS6024 4 FLEX IND 7200 W<\/b> et d\u00b4autres <b>produits Cata<\/b> !<\/p>\n<ul>\n<li>Zones de cuisson: 4<\/li>\n<li>Caract\u00e9ristiques: Finition mate<\/li>\n<li>Produit \u00e0 brancher: Oui<\/li>\n<li>Type: Plaque \u00e0 induction avec extracteur int\u00e9gr\u00e9<\/li>\n<li>Bloc d\u2019Alimentation:\n<ul>\n<li>r\u00e9seau \u00e9lectrique<\/li>\n<li>\u00c9lectrique<\/li>\n<\/ul>\n<\/li>\n<li>Classification \u00e9nerg\u00e9tique: A+<\/li>\n<li>Couleur: Noir<\/li>\n<li>Type d&#8217;installation: Int\u00e9grable<\/li>\n<li>Finition: Mat<\/li>\n<li>Niveaux de puissance: 9<\/li>\n<li>Mati\u00e8re: Vitroc\u00e9ramique<\/li>\n<li>puissance: 7200 W<\/li>\n<li>Contr\u00f4le: Touch Control<\/li>\n<li>Inclut:\n<ul>\n<li>Plaque<\/li>\n<li>Extracteur<\/li>\n<\/ul>\n<\/li>\n<li>\u00c9lev\u00e9: 5,2 cm<\/li>\n<li>Connectivit\u00e9: No<\/li>\n<li>Fonctions:\n<ul>\n<li>Contr\u00f4le de la temp\u00e9rature<\/li>\n<li>Commande tactile<\/li>\n<\/ul>\n<\/li>\n<\/ul>","protected":false},"excerpt":{"rendered":"<p>Si vous pensez r\u00e9nover votre cuisine, achetez Plaque \u00e0 induction avec extracteur int\u00e9gr\u00e9 Cata IAS6024 4 FLEX IND 7200 W et d\u00b4autres produits Cata ! Zones de cuisson: 4 Caract\u00e9ristiques: Finition mate Produit \u00e0 brancher: Oui Type: Plaque \u00e0 induction avec extracteur int\u00e9gr\u00e9 Bloc d\u2019Alimentation: r\u00e9seau \u00e9lectrique \u00c9lectrique Classification \u00e9nerg\u00e9tique: A+ Couleur: Noir Type d&#8217;installation: [&hellip;]<\/p>\n","protected":false},"featured_media":63871,"comment_status":"open","ping_status":"closed","template":"","meta":[],"product_brand":[155],"product_cat":[60,77,78],"product_tag":[55,56],"class_list":{"0":"post-63872","1":"product","2":"type-product","3":"status-publish","4":"has-post-thumbnail","6":"product_brand-brandp_1208","7":"product_cat-cuisine-gourmet","8":"product_cat-petit-electromenager","9":"product_cat-plaques-de-cuisson","10":"product_tag-tag_926","11":"product_tag-tag_930","13":"first","14":"instock","15":"taxable","16":"shipping-taxable","17":"purchasable","18":"product-type-simple"},"_links":{"self":[{"href":"https:\/\/bigbuy.tupique.com\/pt\/wp-json\/wp\/v2\/product\/63872","targetHints":{"allow":["GET"]}}],"collection":[{"href":"https:\/\/bigbuy.tupique.com\/pt\/wp-json\/wp\/v2\/product"}],"about":[{"href":"https:\/\/bigbuy.tupique.com\/pt\/wp-json\/wp\/v2\/types\/product"}],"replies":[{"embeddable":true,"href":"https:\/\/bigbuy.tupique.com\/pt\/wp-json\/wp\/v2\/comments?post=63872"}],"wp:featuredmedia":[{"embeddable":true,"href":"https:\/\/bigbuy.tupique.com\/pt\/wp-json\/wp\/v2\/media\/63871"}],"wp:attachment":[{"href":"https:\/\/bigbuy.tupique.com\/pt\/wp-json\/wp\/v2\/media?parent=63872"}],"wp:term":[{"taxonomy":"product_brand","embeddable":true,"href":"https:\/\/bigbuy.tupique.com\/pt\/wp-json\/wp\/v2\/product_brand?post=63872"},{"taxonomy":"product_cat","embeddable":true,"href":"https:\/\/bigbuy.tupique.com\/pt\/wp-json\/wp\/v2\/product_cat?post=63872"},{"taxonomy":"product_tag","embeddable":true,"href":"https:\/\/bigbuy.tupique.com\/pt\/wp-json\/wp\/v2\/product_tag?post=63872"}],"curies":[{"name":"wp","href":"https:\/\/api.w.org\/{rel}","templated":true}]}}