{"id":63769,"date":"2026-04-01T18:38:44","date_gmt":"2026-04-01T17:38:44","guid":{"rendered":"https:\/\/bigbuy.tupique.com\/produto\/projector-hisense-m2-pro\/"},"modified":"2026-05-11T19:57:17","modified_gmt":"2026-05-11T17:57:17","slug":"projector-hisense-m2-pro","status":"publish","type":"product","link":"https:\/\/bigbuy.tupique.com\/pt\/produto\/projector-hisense-m2-pro\/","title":{"rendered":"Projecteur Hisense M2 PRO"},"content":{"rendered":"<p>Si vous \u00eates passionn\u00e9 d&#8217;<b>informatique et d&#8217;\u00e9lectronique<\/b>, si vous \u00eates \u00e0 la pointe de la technologie et qu&#8217;aucun d\u00e9tail ne vous \u00e9chappe, achetez <b>Projecteur Hisense M2 PRO<\/b> au meilleur prix.<\/p>\n<ul>\n<li>Type: Projecteur<\/li>\n<li>Couleur: Gris<\/li>\n<li>Connexions:\n<ul>\n<li>USB 2.0<\/li>\n<li>Ethernet LAN<\/li>\n<li>S\/PDIF x 1<\/li>\n<li>USB 3.2<\/li>\n<li>HDMI 1.4<\/li>\n<\/ul>\n<\/li>\n<li>Rapport d&#8217;aspect: 16:9<\/li>\n<li>Connectivit\u00e9:\n<ul>\n<li>Bluetooth<\/li>\n<li>Wi-Fi<\/li>\n<\/ul>\n<\/li>\n<li>Format: 16:9<\/li>\n<li>Technologie: HDR<\/li>\n<li>Tension: 200-240 V<\/li>\n<li>Fr\u00e9quence d&#8217;entr\u00e9e AC: 50-60 Hz<\/li>\n<li>Caract\u00e9ristiques: Haut-parleurs int\u00e9gr\u00e9s<\/li>\n<li>Utilisation recommand\u00e9e: R\u00e9cepteur de ome cinema<\/li>\n<li>Echelle: 1.6:1<\/li>\n<li>Bloc d\u2019Alimentation: DC<\/li>\n<\/ul>","protected":false},"excerpt":{"rendered":"<p>Si vous \u00eates passionn\u00e9 d&#8217;informatique et d&#8217;\u00e9lectronique, si vous \u00eates \u00e0 la pointe de la technologie et qu&#8217;aucun d\u00e9tail ne vous \u00e9chappe, achetez Projecteur Hisense M2 PRO au meilleur prix. Type: Projecteur Couleur: Gris Connexions: USB 2.0 Ethernet LAN S\/PDIF x 1 USB 3.2 HDMI 1.4 Rapport d&#8217;aspect: 16:9 Connectivit\u00e9: Bluetooth Wi-Fi Format: 16:9 Technologie: [&hellip;]<\/p>\n","protected":false},"featured_media":190068,"comment_status":"open","ping_status":"closed","template":"","meta":[],"product_brand":[1341],"product_cat":[65,581,583],"product_tag":[104],"class_list":{"0":"post-63769","1":"product","2":"type-product","3":"status-publish","4":"has-post-thumbnail","6":"product_brand-brandp_612","7":"product_cat-informatique-electronique","8":"product_cat-informatique-peripheriques-et-consommables","9":"product_cat-projecteurs","10":"product_tag-tag_1279","12":"first","13":"instock","14":"taxable","15":"shipping-taxable","16":"purchasable","17":"product-type-simple"},"_links":{"self":[{"href":"https:\/\/bigbuy.tupique.com\/pt\/wp-json\/wp\/v2\/product\/63769","targetHints":{"allow":["GET"]}}],"collection":[{"href":"https:\/\/bigbuy.tupique.com\/pt\/wp-json\/wp\/v2\/product"}],"about":[{"href":"https:\/\/bigbuy.tupique.com\/pt\/wp-json\/wp\/v2\/types\/product"}],"replies":[{"embeddable":true,"href":"https:\/\/bigbuy.tupique.com\/pt\/wp-json\/wp\/v2\/comments?post=63769"}],"wp:featuredmedia":[{"embeddable":true,"href":"https:\/\/bigbuy.tupique.com\/pt\/wp-json\/wp\/v2\/media\/190068"}],"wp:attachment":[{"href":"https:\/\/bigbuy.tupique.com\/pt\/wp-json\/wp\/v2\/media?parent=63769"}],"wp:term":[{"taxonomy":"product_brand","embeddable":true,"href":"https:\/\/bigbuy.tupique.com\/pt\/wp-json\/wp\/v2\/product_brand?post=63769"},{"taxonomy":"product_cat","embeddable":true,"href":"https:\/\/bigbuy.tupique.com\/pt\/wp-json\/wp\/v2\/product_cat?post=63769"},{"taxonomy":"product_tag","embeddable":true,"href":"https:\/\/bigbuy.tupique.com\/pt\/wp-json\/wp\/v2\/product_tag?post=63769"}],"curies":[{"name":"wp","href":"https:\/\/api.w.org\/{rel}","templated":true}]}}