{"id":63751,"date":"2026-04-01T18:38:19","date_gmt":"2026-04-01T17:38:19","guid":{"rendered":"https:\/\/bigbuy.tupique.com\/produto\/air-conditioning-tcl-s09f2s2-a-a-1806-kcal-h-2236-fg-h-white\/"},"modified":"2026-05-11T19:57:06","modified_gmt":"2026-05-11T17:57:06","slug":"air-conditioning-tcl-s09f2s2-a-a-1806-kcal-h-2236-fg-h-white","status":"publish","type":"product","link":"https:\/\/bigbuy.tupique.com\/pt\/produto\/air-conditioning-tcl-s09f2s2-a-a-1806-kcal-h-2236-fg-h-white\/","title":{"rendered":"Air Conditionn\u00e9 TCL S09F2S2 A++ \/ A+ 1806 KCAL\/H 2236 fg\/h Blanc"},"content":{"rendered":"<p>Si vous \u00eates \u00e0 la recherche de nouvelles tendances sur le march\u00e9, nous vous pr\u00e9sentons <b>Air Conditionn\u00e9 TCL S09F2S2 A++ \/ A+ 1806 KCAL\/H 2236 fg\/h Blanc<\/b> !<\/p>\n<p>Le <b>climatiseur<\/b> TCL S09F2S2 allie efficacit\u00e9 et polyvalence pour optimiser le confort \u00e0 la maison ou au bureau, offrant un \u00e9quilibre solide entre performance et faible consommation d&#8217;\u00e9nergie. Ce mod\u00e8le <b>r\u00e9versible froid\/chaud<\/b> permet de climatiser les espaces toute l&#8217;ann\u00e9e, s&#8217;adaptant aussi bien aux besoins de refroidissement en \u00e9t\u00e9 qu&#8217;au chauffage en hiver. Il se distingue par sa <b>classe \u00e9nerg\u00e9tique A++ en mode froid et A+ en mode chaud<\/b>, garantissant un fonctionnement efficace et des \u00e9conomies sur la facture d&#8217;\u00e9lectricit\u00e9. Avec une <b>puissance frigorifique de 2236 fg\/h<\/b>, il rafra\u00eechit rapidement les pi\u00e8ces de petite \u00e0 moyenne taille, tandis que sa capacit\u00e9 de chauffage de 1806 kcal\/h assure une temp\u00e9rature agr\u00e9able pendant les p\u00e9riodes froides. Son design <b>blanc<\/b> s&#8217;int\u00e8gre discr\u00e8tement et \u00e9l\u00e9gamment \u00e0 tout type de d\u00e9coration. Parmi ses fonctionnalit\u00e9s, on retrouve une <b>t\u00e9l\u00e9commande<\/b> facile \u00e0 utiliser, un minuteur programmable et un <b>\u00e9cran LED<\/b> qui simplifie l&#8217;acc\u00e8s aux r\u00e9glages et l&#8217;affichage de l&#8217;\u00e9tat de l&#8217;appareil. Il int\u00e8gre \u00e9galement une technologie <b>auto-nettoyante<\/b>, contribuant \u00e0 l&#8217;entretien interne de l&#8217;appareil, prolongeant sa dur\u00e9e de vie et assurant un air plus propre et sain. Ce climatiseur TCL constitue une solution \u00e9quilibr\u00e9e pour ceux qui recherchent <b>efficacit\u00e9, confort et \u00e9conomie d&#8217;\u00e9nergie<\/b> dans la climatisation domestique.<\/p>\n<ul>\n<li>Type: Chaud\/Froid<\/li>\n<li>Classification \u00e9nerg\u00e9tique: A++ \/ A+<\/li>\n<li>puissance: 1806 KCAL\/H<\/li>\n<li>Puissance frigorifique: 2236 fg\/h<\/li>\n<li>Couleur: Blanc<\/li>\n<li>Caract\u00e9ristiques:\n<ul>\n<li>T\u00e9l\u00e9commande<\/li>\n<li>Minuterie<\/li>\n<li>\u00c9cran LED<\/li>\n<li>Auto-nettoyant<\/li>\n<li>Connectivit\u00e9 des applications mobiles<\/li>\n<li>\u00c9cran integr\u00e9<\/li>\n<li>Int\u00e9rieur<\/li>\n<li>T\u00e9moin de fonctionnement LED<\/li>\n<li>Programmable<\/li>\n<li>Temp\u00e9rature r\u00e9glable<\/li>\n<\/ul>\n<\/li>\n<li>Connectivit\u00e9: Wi-Fi<\/li>\n<li>Technologie: Split Inverter<\/li>\n<li>Gaz: R32<\/li>\n<li>R\u00e9frig\u00e9rant: R-410<\/li>\n<li>Port\u00e9e: 22 m\u00b2<\/li>\n<\/ul>","protected":false},"excerpt":{"rendered":"<p>Si vous \u00eates \u00e0 la recherche de nouvelles tendances sur le march\u00e9, nous vous pr\u00e9sentons Air Conditionn\u00e9 TCL S09F2S2 A++ \/ A+ 1806 KCAL\/H 2236 fg\/h Blanc ! Le climatiseur TCL S09F2S2 allie efficacit\u00e9 et polyvalence pour optimiser le confort \u00e0 la maison ou au bureau, offrant un \u00e9quilibre solide entre performance et faible consommation [&hellip;]<\/p>\n","protected":false},"featured_media":63748,"comment_status":"open","ping_status":"closed","template":"","meta":[],"product_brand":[1153],"product_cat":[732,1334,239],"product_tag":[721,210],"class_list":{"0":"post-63751","1":"product","2":"type-product","3":"status-publish","4":"has-post-thumbnail","6":"product_brand-brandp_3009","7":"product_cat-climatisation-et-chauffage","8":"product_cat-climatiseurs-et-ventilateurs","9":"product_cat-maison-jardin","10":"product_tag-tag_124","11":"product_tag-tag_25","13":"first","14":"instock","15":"taxable","16":"shipping-taxable","17":"purchasable","18":"product-type-simple"},"_links":{"self":[{"href":"https:\/\/bigbuy.tupique.com\/pt\/wp-json\/wp\/v2\/product\/63751","targetHints":{"allow":["GET"]}}],"collection":[{"href":"https:\/\/bigbuy.tupique.com\/pt\/wp-json\/wp\/v2\/product"}],"about":[{"href":"https:\/\/bigbuy.tupique.com\/pt\/wp-json\/wp\/v2\/types\/product"}],"replies":[{"embeddable":true,"href":"https:\/\/bigbuy.tupique.com\/pt\/wp-json\/wp\/v2\/comments?post=63751"}],"wp:featuredmedia":[{"embeddable":true,"href":"https:\/\/bigbuy.tupique.com\/pt\/wp-json\/wp\/v2\/media\/63748"}],"wp:attachment":[{"href":"https:\/\/bigbuy.tupique.com\/pt\/wp-json\/wp\/v2\/media?parent=63751"}],"wp:term":[{"taxonomy":"product_brand","embeddable":true,"href":"https:\/\/bigbuy.tupique.com\/pt\/wp-json\/wp\/v2\/product_brand?post=63751"},{"taxonomy":"product_cat","embeddable":true,"href":"https:\/\/bigbuy.tupique.com\/pt\/wp-json\/wp\/v2\/product_cat?post=63751"},{"taxonomy":"product_tag","embeddable":true,"href":"https:\/\/bigbuy.tupique.com\/pt\/wp-json\/wp\/v2\/product_tag?post=63751"}],"curies":[{"name":"wp","href":"https:\/\/api.w.org\/{rel}","templated":true}]}}