{"id":63634,"date":"2026-04-01T18:26:45","date_gmt":"2026-04-01T17:26:45","guid":{"rendered":"https:\/\/bigbuy.tupique.com\/produto\/drone-hoverair-sp06h006-black\/"},"modified":"2026-05-11T19:57:20","modified_gmt":"2026-05-11T17:57:20","slug":"drone-hoverair-sp06h006-black","status":"publish","type":"product","link":"https:\/\/bigbuy.tupique.com\/pt\/produto\/drone-hoverair-sp06h006-black\/","title":{"rendered":"Drone Hoverair SP06H006 Noir"},"content":{"rendered":"<p>Si vous \u00eates \u00e0 la recherche de nouvelles tendances sur le march\u00e9, nous vous pr\u00e9sentons <b>Drone Hoverair SP06H006 Noir<\/b> !<\/p>\n<ul>\n<li>R\u00e9solution: 4K Ultra HD<\/li>\n<li>Couleur: Noir<\/li>\n<li>Pliable: Oui<\/li>\n<li>Stabilisateur d&#8217;image: Oui<\/li>\n<li>Batterie: Oui<\/li>\n<li>Cartes M\u00e9moire Compatibles: SD<\/li>\n<li>Capacit\u00e9 de la batterie: 1920 mAh<\/li>\n<li>Capacit\u00e9: 64 GB<\/li>\n<li>Connexions: USB-C<\/li>\n<li>M\u00e9moire interne: 64 GB<\/li>\n<li>Capteur: CMOS<\/li>\n<\/ul>","protected":false},"excerpt":{"rendered":"<p>Si vous \u00eates \u00e0 la recherche de nouvelles tendances sur le march\u00e9, nous vous pr\u00e9sentons Drone Hoverair SP06H006 Noir ! R\u00e9solution: 4K Ultra HD Couleur: Noir Pliable: Oui Stabilisateur d&#8217;image: Oui Batterie: Oui Cartes M\u00e9moire Compatibles: SD Capacit\u00e9 de la batterie: 1920 mAh Capacit\u00e9: 64 GB Connexions: USB-C M\u00e9moire interne: 64 GB Capteur: CMOS<\/p>","protected":false},"featured_media":63624,"comment_status":"open","ping_status":"closed","template":"","meta":[],"product_brand":[1650],"product_cat":[1064,600,65],"product_tag":[571],"class_list":{"0":"post-63634","1":"product","2":"type-product","3":"status-publish","4":"has-post-thumbnail","6":"product_brand-brandp_9833","7":"product_cat-appareils-photo-compacts","8":"product_cat-electronique-photo-et-video","9":"product_cat-informatique-electronique","10":"product_tag-tag_27","12":"first","13":"instock","14":"taxable","15":"shipping-taxable","16":"purchasable","17":"product-type-simple"},"_links":{"self":[{"href":"https:\/\/bigbuy.tupique.com\/pt\/wp-json\/wp\/v2\/product\/63634","targetHints":{"allow":["GET"]}}],"collection":[{"href":"https:\/\/bigbuy.tupique.com\/pt\/wp-json\/wp\/v2\/product"}],"about":[{"href":"https:\/\/bigbuy.tupique.com\/pt\/wp-json\/wp\/v2\/types\/product"}],"replies":[{"embeddable":true,"href":"https:\/\/bigbuy.tupique.com\/pt\/wp-json\/wp\/v2\/comments?post=63634"}],"wp:featuredmedia":[{"embeddable":true,"href":"https:\/\/bigbuy.tupique.com\/pt\/wp-json\/wp\/v2\/media\/63624"}],"wp:attachment":[{"href":"https:\/\/bigbuy.tupique.com\/pt\/wp-json\/wp\/v2\/media?parent=63634"}],"wp:term":[{"taxonomy":"product_brand","embeddable":true,"href":"https:\/\/bigbuy.tupique.com\/pt\/wp-json\/wp\/v2\/product_brand?post=63634"},{"taxonomy":"product_cat","embeddable":true,"href":"https:\/\/bigbuy.tupique.com\/pt\/wp-json\/wp\/v2\/product_cat?post=63634"},{"taxonomy":"product_tag","embeddable":true,"href":"https:\/\/bigbuy.tupique.com\/pt\/wp-json\/wp\/v2\/product_tag?post=63634"}],"curies":[{"name":"wp","href":"https:\/\/api.w.org\/{rel}","templated":true}]}}