{"id":63563,"date":"2026-04-01T18:24:48","date_gmt":"2026-04-01T17:24:48","guid":{"rendered":"https:\/\/bigbuy.tupique.com\/produto\/condensation-dryer-sharp-2\/"},"modified":"2026-05-11T19:56:57","modified_gmt":"2026-05-11T17:56:57","slug":"condensation-dryer-sharp-2","status":"publish","type":"product","link":"https:\/\/bigbuy.tupique.com\/pt\/produto\/condensation-dryer-sharp-2\/","title":{"rendered":"S\u00e9choir \u00e0 condensation Sharp"},"content":{"rendered":"<p>Si vous pensez r\u00e9nover votre cuisine, achetez <b>S\u00e9choir \u00e0 condensation Sharp<\/b> et d\u00b4autres <b>produits Sharp<\/b> !<\/p>\n<p>Le <b>s\u00e8che-linge \u00e0 condensation<\/b> Sharp offre une solution pratique et efficace pour le s\u00e9chage quotidien du linge \u00e0 domicile, int\u00e9grant la technologie de s\u00e9chage par condensation qui permet un fonctionnement sans conduit d\u2019\u00e9vacuation externe, facilitant ainsi son installation dans diff\u00e9rents espaces. Ce s\u00e8che-linge fonctionne via le <b>r\u00e9seau \u00e9lectrique<\/b> et se distingue par ses <b>classes \u00e9nerg\u00e9tiques C et D<\/b> selon le programme utilis\u00e9 ou les mod\u00e8les disponibles, refl\u00e9tant une efficacit\u00e9 \u00e9nerg\u00e9tique conforme aux standards de ce type d\u2019appareil. Le tambour du s\u00e8che-linge propose une <b>capacit\u00e9 de 8 kg<\/b>, id\u00e9ale pour la lessive hebdomadaire d\u2019une famille moyenne ou pour s\u00e9cher des articles volumineux comme des serviettes, du linge de lit ou des couvertures. Gr\u00e2ce \u00e0 son design compact et au syst\u00e8me de condensation, ce s\u00e8che-linge s\u2019adapte aux petits espaces et offre une grande flexibilit\u00e9 d\u2019installation \u00e0 la maison. Il dispose \u00e9galement de commandes simples et de fonctions con\u00e7ues pour prendre soin des textiles, assurant un s\u00e9chage homog\u00e8ne et le maintien de la qualit\u00e9 des v\u00eatements. Alliant fiabilit\u00e9 et fonctionnalit\u00e9, ce mod\u00e8le Sharp constitue une option polyvalente et pratique pour ceux qui souhaitent optimiser le s\u00e9chage du linge sans complications.<\/p>\n<ul>\n<li>Produit \u00e0 brancher: Oui<\/li>\n<li>Type: S\u00e9choir \u00e0 condensation<\/li>\n<li>Bloc d\u2019Alimentation: r\u00e9seau \u00e9lectrique<\/li>\n<li>Couleur: Blanc<\/li>\n<li>Classification \u00e9nerg\u00e9tique:\n<ul>\n<li>C<\/li>\n<li>D<\/li>\n<\/ul>\n<\/li>\n<li>Type d&#8217;installation: Auto-assemblage<\/li>\n<li>Capacit\u00e9: 8 kg<\/li>\n<li>Connectivit\u00e9: No<\/li>\n<li>Ouverture: Frontal<\/li>\n<\/ul>","protected":false},"excerpt":{"rendered":"<p><span class=\"unit-info\">68.4988 &euro; \/ 1 kg<\/span><\/p>","protected":false},"featured_media":63562,"comment_status":"open","ping_status":"closed","template":"","meta":[],"product_brand":[1088],"product_cat":[239,240,751],"product_tag":[56],"class_list":{"0":"post-63563","1":"product","2":"type-product","3":"status-publish","4":"has-post-thumbnail","6":"product_brand-brandp_3340","7":"product_cat-maison-jardin","8":"product_cat-nettoyage-aspirateur-et-repassage","9":"product_cat-seche-linge-fers-a-repasser-sechoirs","10":"product_tag-tag_930","12":"first","13":"instock","14":"taxable","15":"shipping-taxable","16":"purchasable","17":"product-type-simple"},"_links":{"self":[{"href":"https:\/\/bigbuy.tupique.com\/pt\/wp-json\/wp\/v2\/product\/63563","targetHints":{"allow":["GET"]}}],"collection":[{"href":"https:\/\/bigbuy.tupique.com\/pt\/wp-json\/wp\/v2\/product"}],"about":[{"href":"https:\/\/bigbuy.tupique.com\/pt\/wp-json\/wp\/v2\/types\/product"}],"replies":[{"embeddable":true,"href":"https:\/\/bigbuy.tupique.com\/pt\/wp-json\/wp\/v2\/comments?post=63563"}],"wp:featuredmedia":[{"embeddable":true,"href":"https:\/\/bigbuy.tupique.com\/pt\/wp-json\/wp\/v2\/media\/63562"}],"wp:attachment":[{"href":"https:\/\/bigbuy.tupique.com\/pt\/wp-json\/wp\/v2\/media?parent=63563"}],"wp:term":[{"taxonomy":"product_brand","embeddable":true,"href":"https:\/\/bigbuy.tupique.com\/pt\/wp-json\/wp\/v2\/product_brand?post=63563"},{"taxonomy":"product_cat","embeddable":true,"href":"https:\/\/bigbuy.tupique.com\/pt\/wp-json\/wp\/v2\/product_cat?post=63563"},{"taxonomy":"product_tag","embeddable":true,"href":"https:\/\/bigbuy.tupique.com\/pt\/wp-json\/wp\/v2\/product_tag?post=63563"}],"curies":[{"name":"wp","href":"https:\/\/api.w.org\/{rel}","templated":true}]}}