{"id":63547,"date":"2026-04-01T18:24:24","date_gmt":"2026-04-01T17:24:24","guid":{"rendered":"https:\/\/bigbuy.tupique.com\/produto\/hair-clippers-braun-9615s\/"},"modified":"2026-04-15T05:48:20","modified_gmt":"2026-04-15T04:48:20","slug":"hair-clippers-braun-9615s","status":"publish","type":"product","link":"https:\/\/bigbuy.tupique.com\/pt\/produto\/hair-clippers-braun-9615s\/","title":{"rendered":"Tondeuse Braun 9615S"},"content":{"rendered":"<p>Si vous \u00eates \u00e0 la recherche de nouvelles tendances sur le march\u00e9, nous vous pr\u00e9sentons <b>Tondeuse Braun 9615S<\/b> !<\/p>\n<p>Le <b>tondeuse Braun<\/b> est un appareil con\u00e7u pour offrir une exp\u00e9rience de coupe efficace et confortable, id\u00e9al pour le soin personnel. Sa <b>source d\u2019alimentation par batterie<\/b> offre une totale libert\u00e9 de mouvement sans c\u00e2ble, facilitant son utilisation \u00e0 la maison comme en voyage. De plus, il s\u2019agit d\u2019un \u00e9quipement <b>rechargeable<\/b> avec une capacit\u00e9 de <b>charge rapide<\/b>, permettant de le pr\u00e9parer en peu de temps et d\u2019optimiser sa disponibilit\u00e9 pour l\u2019utilisateur. Ce tondeuse se distingue par son caract\u00e8re enti\u00e8rement <b>lavable<\/b>, ce qui facilite l\u2019hygi\u00e8ne et l\u2019entretien en pouvant \u00eatre nettoy\u00e9 sous le robinet de mani\u00e8re s\u00fbre et simple. Gr\u00e2ce \u00e0 ces caract\u00e9ristiques, il allie praticit\u00e9 et fonctionnalit\u00e9, assurant une performance constante et durable. Son design pens\u00e9 pour la facilit\u00e9 d\u2019usage et de nettoyage en fait un outil polyvalent et fiable pour le soin quotidien. Dans l\u2019ensemble, ce tondeuse Braun repr\u00e9sente une solution efficace pour ceux qui recherchent un appareil portable, facile \u00e0 entretenir et dot\u00e9 d\u2019une batterie garantissant autonomie et rapidit\u00e9 de recharge.<\/p>\n<ul>\n<li>Produit \u00e0 brancher: Oui<\/li>\n<li>Bloc d\u2019Alimentation:\n<ul>\n<li>r\u00e9seau \u00e9lectrique<\/li>\n<li>Batterie<\/li>\n<\/ul>\n<\/li>\n<li>Rechargeable: Oui<\/li>\n<\/ul>","protected":false},"excerpt":{"rendered":"<p>Si vous \u00eates \u00e0 la recherche de nouvelles tendances sur le march\u00e9, nous vous pr\u00e9sentons Tondeuse Braun 9615S ! Le tondeuse Braun est un appareil con\u00e7u pour offrir une exp\u00e9rience de coupe efficace et confortable, id\u00e9al pour le soin personnel. Sa source d\u2019alimentation par batterie offre une totale libert\u00e9 de mouvement sans c\u00e2ble, facilitant son [&hellip;]<\/p>\n","protected":false},"featured_media":63540,"comment_status":"open","ping_status":"closed","template":"","meta":[],"product_brand":[854],"product_cat":[753,752,1377],"product_tag":[722,56],"class_list":{"0":"post-63547","1":"product","2":"type-product","3":"status-publish","4":"has-post-thumbnail","6":"product_brand-brandp_906","7":"product_cat-coiffure","8":"product_cat-sante-beaute","9":"product_cat-tondeuses-pour-cheveux","10":"product_tag-tag_923","11":"product_tag-tag_930","13":"first","14":"instock","15":"taxable","16":"shipping-taxable","17":"purchasable","18":"product-type-simple"},"_links":{"self":[{"href":"https:\/\/bigbuy.tupique.com\/pt\/wp-json\/wp\/v2\/product\/63547","targetHints":{"allow":["GET"]}}],"collection":[{"href":"https:\/\/bigbuy.tupique.com\/pt\/wp-json\/wp\/v2\/product"}],"about":[{"href":"https:\/\/bigbuy.tupique.com\/pt\/wp-json\/wp\/v2\/types\/product"}],"replies":[{"embeddable":true,"href":"https:\/\/bigbuy.tupique.com\/pt\/wp-json\/wp\/v2\/comments?post=63547"}],"wp:featuredmedia":[{"embeddable":true,"href":"https:\/\/bigbuy.tupique.com\/pt\/wp-json\/wp\/v2\/media\/63540"}],"wp:attachment":[{"href":"https:\/\/bigbuy.tupique.com\/pt\/wp-json\/wp\/v2\/media?parent=63547"}],"wp:term":[{"taxonomy":"product_brand","embeddable":true,"href":"https:\/\/bigbuy.tupique.com\/pt\/wp-json\/wp\/v2\/product_brand?post=63547"},{"taxonomy":"product_cat","embeddable":true,"href":"https:\/\/bigbuy.tupique.com\/pt\/wp-json\/wp\/v2\/product_cat?post=63547"},{"taxonomy":"product_tag","embeddable":true,"href":"https:\/\/bigbuy.tupique.com\/pt\/wp-json\/wp\/v2\/product_tag?post=63547"}],"curies":[{"name":"wp","href":"https:\/\/api.w.org\/{rel}","templated":true}]}}