{"id":63426,"date":"2026-04-01T18:09:12","date_gmt":"2026-04-01T17:09:12","guid":{"rendered":"https:\/\/bigbuy.tupique.com\/produto\/condensation-dryer-aeg-tr818a2ob\/"},"modified":"2026-04-15T16:28:21","modified_gmt":"2026-04-15T15:28:21","slug":"condensation-dryer-aeg-tr818a2ob","status":"publish","type":"product","link":"https:\/\/bigbuy.tupique.com\/pt\/produto\/condensation-dryer-aeg-tr818a2ob\/","title":{"rendered":"S\u00e9choir \u00e0 condensation AEG TR818A2OB"},"content":{"rendered":"<p>Si vous \u00eates \u00e0 la recherche de nouvelles tendances sur le march\u00e9, nous vous pr\u00e9sentons <b>S\u00e9choir \u00e0 condensation AEG TR818A2OB<\/b> !<\/p>\n<p>Le <b>s\u00e8che-linge \u00e0 condensation<\/b> AEG TR818A2OB allie efficacit\u00e9 et fonctionnalit\u00e9, offrant une capacit\u00e9 de <b>8 kg<\/b> id\u00e9ale pour les foyers de taille moyenne et les familles ayant besoin d\u2019un s\u00e9chage performant et adaptable \u00e0 diff\u00e9rents volumes de linge. Il se distingue par sa <b>technologie pompe \u00e0 chaleur<\/b>, qui r\u00e9duit la consommation d\u2019\u00e9nergie et pr\u00e9serve mieux les textiles gr\u00e2ce \u00e0 un s\u00e9chage plus doux et efficace. Ce mod\u00e8le affiche une <b>classe \u00e9nerg\u00e9tique A+++ (bien que certains documents indiquent C, A+++ \u00e9tant la r\u00e9f\u00e9rence standard pour les appareils efficaces AEG)<\/b>, permettant une utilisation responsable des ressources et des \u00e9conomies sur la facture d\u2019\u00e9lectricit\u00e9. Le tambour frontal en <b>acier<\/b> garantit durabilit\u00e9 et r\u00e9sistance \u00e0 l\u2019usage intensif, tandis que le design en <b>blanc<\/b> s\u2019int\u00e8gre facilement dans tout int\u00e9rieur moderne. Avec un <b>niveau sonore de 67 dB<\/b>, il assure un fonctionnement confortable pour l\u2019environnement domestique. Il est \u00e9quip\u00e9 d\u2019un <b>moteur inverter<\/b> offrant stabilit\u00e9, moins de vibrations et une dur\u00e9e de vie prolong\u00e9e de l\u2019appareil. De plus, il dispose d\u2019un <b>\u00e9cran \u00e9lectronique<\/b> pour un contr\u00f4le intuitif des nombreux programmes de s\u00e9chage disponibles, couvrant des options sp\u00e9cifiques pour <b>linge de lit, coton, synth\u00e9tiques, programmes \u00e9co, textiles d\u00e9licats ou laine<\/b> ainsi que des r\u00e9glages personnalis\u00e9s, permettant de prendre soin de chaque tissu selon ses besoins. Il fonctionne sur le <b>r\u00e9seau \u00e9lectrique<\/b> standard, assurant une compatibilit\u00e9 avec toute installation domestique classique. Dans l\u2019ensemble, l\u2019AEG TR818A2OB constitue une solution avanc\u00e9e pour ceux qui recherchent un s\u00e9chage efficace, \u00e9conome et respectueux du linge, se positionnant comme une alternative robuste et technologique pour l\u2019entretien quotidien \u00e0 la maison.<\/p>\n<ul>\n<li>Type de prise: Prise EU<\/li>\n<li>Produit \u00e0 brancher: Oui<\/li>\n<li>Couleur: Blanc<\/li>\n<li>Type de charge: Frontal<\/li>\n<li>Classification \u00e9nerg\u00e9tique:\n<ul>\n<li>A+++<\/li>\n<li>C<\/li>\n<\/ul>\n<\/li>\n<li>Dimensions approx.: 59.6 x 63.8 x 85 cm<\/li>\n<li>Type: S\u00e9choir \u00e0 condensation<\/li>\n<li>Bloc d\u2019Alimentation: r\u00e9seau \u00e9lectrique<\/li>\n<li>Niveau sonore: 67 dB<\/li>\n<li>Capacit\u00e9: 8 kg<\/li>\n<li>Mati\u00e8re: Acier<\/li>\n<li>Caract\u00e9ristiques: Commande tactile<\/li>\n<li>Type d&#8217;installation: Ind\u00e9pendant<\/li>\n<\/ul>","protected":false},"excerpt":{"rendered":"<p><span class=\"unit-info\">119.2488 &euro; \/ 1 kg<\/span><\/p>","protected":false},"featured_media":63421,"comment_status":"open","ping_status":"closed","template":"","meta":[],"product_brand":[1386],"product_cat":[239,240,751],"product_tag":[56],"class_list":{"0":"post-63426","1":"product","2":"type-product","3":"status-publish","4":"has-post-thumbnail","6":"product_brand-brandp_679","7":"product_cat-maison-jardin","8":"product_cat-nettoyage-aspirateur-et-repassage","9":"product_cat-seche-linge-fers-a-repasser-sechoirs","10":"product_tag-tag_930","12":"first","13":"instock","14":"taxable","15":"shipping-taxable","16":"purchasable","17":"product-type-simple"},"_links":{"self":[{"href":"https:\/\/bigbuy.tupique.com\/pt\/wp-json\/wp\/v2\/product\/63426","targetHints":{"allow":["GET"]}}],"collection":[{"href":"https:\/\/bigbuy.tupique.com\/pt\/wp-json\/wp\/v2\/product"}],"about":[{"href":"https:\/\/bigbuy.tupique.com\/pt\/wp-json\/wp\/v2\/types\/product"}],"replies":[{"embeddable":true,"href":"https:\/\/bigbuy.tupique.com\/pt\/wp-json\/wp\/v2\/comments?post=63426"}],"wp:featuredmedia":[{"embeddable":true,"href":"https:\/\/bigbuy.tupique.com\/pt\/wp-json\/wp\/v2\/media\/63421"}],"wp:attachment":[{"href":"https:\/\/bigbuy.tupique.com\/pt\/wp-json\/wp\/v2\/media?parent=63426"}],"wp:term":[{"taxonomy":"product_brand","embeddable":true,"href":"https:\/\/bigbuy.tupique.com\/pt\/wp-json\/wp\/v2\/product_brand?post=63426"},{"taxonomy":"product_cat","embeddable":true,"href":"https:\/\/bigbuy.tupique.com\/pt\/wp-json\/wp\/v2\/product_cat?post=63426"},{"taxonomy":"product_tag","embeddable":true,"href":"https:\/\/bigbuy.tupique.com\/pt\/wp-json\/wp\/v2\/product_tag?post=63426"}],"curies":[{"name":"wp","href":"https:\/\/api.w.org\/{rel}","templated":true}]}}